{"id":11168,"date":"2025-08-21T16:19:37","date_gmt":"2025-08-21T13:19:37","guid":{"rendered":"https:\/\/aymakoop.com.tr\/?page_id=11168"},"modified":"2025-09-05T16:57:31","modified_gmt":"2025-09-05T13:57:31","slug":"%d1%85%d1%80%d0%b0%d0%bd%d0%b8%d0%bb%d0%b8%d1%89%d0%b5-%d0%b8%d0%bd%d1%84%d0%be%d1%80%d0%bc%d0%b0%d1%86%d0%b8%d0%b8","status":"publish","type":"page","link":"https:\/\/aymakoop.com.tr\/ru\/%d1%85%d1%80%d0%b0%d0%bd%d0%b8%d0%bb%d0%b8%d1%89%d0%b5-%d0%b8%d0%bd%d1%84%d0%be%d1%80%d0%bc%d0%b0%d1%86%d0%b8%d0%b8\/","title":{"rendered":"\u0418\u043d\u0444\u043e\u0440\u043c\u0430\u0446\u0438\u043e\u043d\u043d\u044b\u0439 \u0440\u0435\u043f\u043e\u0437\u0438\u0442\u043e\u0440\u0438\u0439"},"content":{"rendered":"<div data-elementor-type=\"wp-page\" data-elementor-id=\"11168\" class=\"elementor elementor-11168\">\n\t\t\t\t<div class=\"elementor-element elementor-element-bae33c8 e-flex e-con-boxed e-con e-parent\" data-id=\"bae33c8\" data-element_type=\"container\">\n\t\t\t\t\t<div class=\"e-con-inner\">\n\t\t<div class=\"elementor-element elementor-element-ca76a35 e-con-full e-flex e-con e-child\" data-id=\"ca76a35\" data-element_type=\"container\">\n\t\t\t\t<div class=\"elementor-element elementor-element-2b5abf9 elementor-widget elementor-widget-sidebar\" data-id=\"2b5abf9\" data-element_type=\"widget\" data-widget_type=\"sidebar.default\">\n\t\t\t\t\t<section id=\"nav_menu-3\" class=\"widget-container widget_nav_menu\"><div class=\"menu-sidebar-container\"><ul id=\"menu-sidebar\" class=\"menu\"><li id=\"menu-item-10746\" class=\"menu-item menu-item-type-post_type menu-item-object-page menu-item-10746\"><a href=\"https:\/\/aymakoop.com.tr\/ru\/%d0%b2%d0%b8%d0%b4%d0%b5%d0%bd%d0%b8%d0%b5-%d0%bc%d0%b8%d1%81%d1%81%d0%b8%d0%b8\/\">\u041c\u0438\u0441\u0441\u0438\u044f \u0438 \u0432\u0438\u0434\u0435\u043d\u0438\u0435<\/a><\/li>\n<li id=\"menu-item-10793\" class=\"menu-item menu-item-type-post_type menu-item-object-page menu-item-10793\"><a href=\"https:\/\/aymakoop.com.tr\/ru\/%d1%81%d0%be%d0%b2%d0%b5%d1%82-%d0%b4%d0%b8%d1%80%d0%b5%d0%ba%d1%82%d0%be%d1%80%d0%be%d0%b2\/\">\u0441\u043e\u0432\u0435\u0442 \u0434\u0438\u0440\u0435\u043a\u0442\u043e\u0440\u043e\u0432<\/a><\/li>\n<li id=\"menu-item-10803\" class=\"menu-item menu-item-type-post_type menu-item-object-page menu-item-10803\"><a href=\"https:\/\/aymakoop.com.tr\/ru\/%d0%be%d1%80%d0%b3%d0%b0%d0%bd%d0%b8%d0%b7%d0%b0%d1%86%d0%b8%d0%be%d0%bd%d0%bd%d0%b0%d1%8f-%d1%81%d1%82%d1%80%d1%83%d0%ba%d1%82%d1%83%d1%80%d0%b0\/\">\u041e\u0440\u0433\u0430\u043d\u0438\u0437\u0430\u0446\u0438\u043e\u043d\u043d\u0430\u044f \u0441\u0442\u0440\u0443\u043a\u0442\u0443\u0440\u0430<\/a><\/li>\n<li id=\"menu-item-10694\" class=\"menu-item menu-item-type-custom menu-item-object-custom menu-item-10694\"><a href=\"#\">\u0413\u0435\u043d\u0435\u0440\u0430\u043b\u044c\u043d\u0430\u044f \u0410\u0441\u0441\u0430\u043c\u0431\u043b\u0435\u044f<\/a><\/li>\n<li id=\"menu-item-10698\" class=\"menu-item menu-item-type-custom menu-item-object-custom menu-item-10698\"><a href=\"#\">\u041a\u0430\u0440\u0442\u0438\u043d\u043d\u0430\u044f \u0433\u0430\u043b\u0435\u0440\u0435\u044f<\/a><\/li>\n<li id=\"menu-item-11141\" class=\"menu-item menu-item-type-post_type menu-item-object-page menu-item-11141\"><a href=\"https:\/\/aymakoop.com.tr\/ru\/%d1%82%d0%b5%d0%ba%d1%83%d1%89%d0%b8%d0%b5-%d0%be%d0%b1%d1%8a%d1%8f%d0%b2%d0%bb%d0%b5%d0%bd%d0%b8%d1%8f\/\">\u0422\u0435\u043a\u0443\u0449\u0438\u0435 \u043e\u0431\u044a\u044f\u0432\u043b\u0435\u043d\u0438\u044f<\/a><\/li>\n<li id=\"menu-item-11140\" class=\"menu-item menu-item-type-post_type menu-item-object-page menu-item-11140\"><a href=\"https:\/\/aymakoop.com.tr\/ru\/%d0%bd%d0%be%d0%b2%d0%be%d1%81%d1%82%d0%b8\/\">\u041d\u043e\u0432\u043e\u0441\u0442\u0438<\/a><\/li>\n<li id=\"menu-item-10850\" class=\"menu-item menu-item-type-post_type menu-item-object-page menu-item-10850\"><a href=\"https:\/\/aymakoop.com.tr\/ru\/%d0%bc%d0%b8%d1%80%d0%be%d0%b2%d0%b0%d1%8f-%d0%be%d0%b1%d1%83%d0%b2%d0%bd%d0%b0%d1%8f-%d0%b8%d0%bd%d0%b4%d1%83%d1%81%d1%82%d1%80%d0%b8%d1%8f\/\">\u041e\u0431\u0443\u0432\u043d\u0430\u044f \u043f\u0440\u043e\u043c\u044b\u0448\u043b\u0435\u043d\u043d\u043e\u0441\u0442\u044c \u0432 \u043c\u0438\u0440\u0435<\/a><\/li>\n<li id=\"menu-item-10863\" class=\"menu-item menu-item-type-post_type menu-item-object-page menu-item-10863\"><a href=\"https:\/\/aymakoop.com.tr\/ru\/%d0%b8%d0%bd%d1%84%d0%be%d1%80%d0%bc%d0%b0%d1%86%d0%b8%d1%8f-%d0%be%d0%b1-%d0%b8%d0%bd%d1%84%d1%80%d0%b0%d1%81%d1%82%d1%80%d1%83%d0%ba%d1%82%d1%83%d1%80%d0%b5\/\">\u0418\u043d\u0444\u043e\u0440\u043c\u0430\u0446\u0438\u044f \u043e\u0431 \u0438\u043d\u0444\u0440\u0430\u0441\u0442\u0440\u0443\u043a\u0442\u0443\u0440\u0435<\/a><\/li>\n<li id=\"menu-item-10844\" class=\"menu-item menu-item-type-post_type menu-item-object-page menu-item-10844\"><a href=\"https:\/\/aymakoop.com.tr\/ru\/%d0%bd%d0%b0%d1%88%d0%b8-%d0%bd%d0%b0%d0%b3%d1%80%d0%b0%d0%b4%d1%8b\/\">\u041d\u0430\u0448\u0438 \u043d\u0430\u0433\u0440\u0430\u0434\u044b<\/a><\/li>\n<li id=\"menu-item-10896\" class=\"menu-item menu-item-type-post_type menu-item-object-page menu-item-10896\"><a href=\"https:\/\/aymakoop.com.tr\/ru\/%d0%bd%d0%b0%d1%88%d0%b8-%d0%b4%d0%be%d0%ba%d1%83%d0%bc%d0%b5%d0%bd%d1%82%d1%8b-%d1%81%d0%b5%d1%80%d1%82%d0%b8%d1%84%d0%b8%d0%ba%d0%b0%d1%82%d1%8b\/\">\u041d\u0430\u0448\u0438 \u0434\u043e\u043a\u0443\u043c\u0435\u043d\u0442\u044b \u0438 \u0441\u0435\u0440\u0442\u0438\u0444\u0438\u043a\u0430\u0442\u044b<\/a><\/li>\n<li id=\"menu-item-10920\" class=\"menu-item menu-item-type-post_type menu-item-object-page menu-item-10920\"><a href=\"https:\/\/aymakoop.com.tr\/ru\/%d1%84%d0%be%d1%80%d0%bc%d1%8b-%d0%b7%d0%b0%d1%8f%d0%b2%d0%bb%d0%b5%d0%bd%d0%b8%d0%b9\/\">\u0424\u043e\u0440\u043c\u044b \u0437\u0430\u044f\u0432\u043b\u0435\u043d\u0438\u0439<\/a><\/li>\n<li id=\"menu-item-10956\" class=\"menu-item menu-item-type-post_type menu-item-object-page menu-item-10956\"><a href=\"https:\/\/aymakoop.com.tr\/ru\/%d0%bc%d1%8b-%d0%b2-%d0%bd%d0%b0%d1%87%d0%b0%d0%bb%d0%b5-%d0%bf%d1%83%d1%82%d0%b8\/\">\u041c\u044b \u0432 \u043f\u0440\u0435\u0441\u0441\u0435<\/a><\/li>\n<li id=\"menu-item-11632\" class=\"menu-item menu-item-type-post_type menu-item-object-page menu-item-11632\"><a href=\"https:\/\/aymakoop.com.tr\/ru\/%d0%ba%d0%b0%d1%82%d0%b0%d0%bb%d0%be%d0%b3-%d0%ba%d0%be%d0%bc%d0%bf%d0%b0%d0%bd%d0%b8%d0%b9-%d0%bf%d0%be-%d0%ba%d0%b0%d1%82%d0%b5%d0%b3%d0%be%d1%80%d0%b8%d1%8f%d0%bc\/\">\u041a\u0430\u0442\u0430\u043b\u043e\u0433 \u043a\u043e\u043c\u043f\u0430\u043d\u0438\u0439 \u0431\u0435\u0437 \u0440\u0443\u0431\u0440\u0438\u043a\u0438<\/a><\/li>\n<li id=\"menu-item-11633\" class=\"menu-item menu-item-type-post_type menu-item-object-page menu-item-11633\"><a href=\"https:\/\/aymakoop.com.tr\/ru\/%d0%b0%d0%bb%d1%84%d0%b0%d0%b2%d0%b8%d1%82%d0%bd%d1%8b%d0%b9-%d1%81%d0%bf%d1%80%d0%b0%d0%b2%d0%be%d1%87%d0%bd%d0%b8%d0%ba-%d0%ba%d0%be%d0%bc%d0%bf%d0%b0%d0%bd%d0%b8%d0%b9\/\">\u0410\u043b\u0444\u0430\u0432\u0438\u0442\u043d\u044b\u0439 \u0441\u043f\u0440\u0430\u0432\u043e\u0447\u043d\u0438\u043a \u043a\u043e\u043c\u043f\u0430\u043d\u0438\u0439<\/a><\/li>\n<\/ul><\/div><\/section>\t\t\t\t<\/div>\n\t\t\t\t<\/div>\n\t\t<div class=\"elementor-element elementor-element-85b6fde e-con-full e-flex e-con e-child\" data-id=\"85b6fde\" data-element_type=\"container\">\n\t\t\t\t<div class=\"elementor-element elementor-element-c9c9682 elementor-widget elementor-widget-ts-blogs\" data-id=\"c9c9682\" data-element_type=\"widget\" data-widget_type=\"ts-blogs.default\">\n\t\t\t\t<div class=\"elementor-widget-container\">\n\t\t\t\t\t\t\t\t<div class=\"ts-blogs-wrapper ts-shortcode ts-blogs columns-3\" style=\"--ts-columns: 3\" data-atts=\"{&quot;layout&quot;:&quot;grid&quot;,&quot;columns&quot;:3,&quot;categories&quot;:&quot;307&quot;,&quot;limit&quot;:6,&quot;orderby&quot;:&quot;date&quot;,&quot;order&quot;:&quot;DESC&quot;,&quot;show_title&quot;:&quot;1&quot;,&quot;show_thumbnail&quot;:&quot;1&quot;,&quot;show_author&quot;:&quot;&quot;,&quot;show_categories&quot;:&quot;&quot;,&quot;show_date&quot;:&quot;0&quot;,&quot;show_comment&quot;:&quot;0&quot;,&quot;show_excerpt&quot;:&quot;0&quot;,&quot;show_readmore&quot;:&quot;0&quot;,&quot;excerpt_words&quot;:20,&quot;is_slider&quot;:&quot;0&quot;,&quot;show_nav&quot;:&quot;0&quot;,&quot;auto_play&quot;:&quot;0&quot;,&quot;is_masonry&quot;:0,&quot;show_load_more&quot;:0}\" >\n\t\t\t\t\t\t\t\t\n\t\t\t\t<div class=\"content-wrapper\">\n\t\t\t\t\n\t\t\t\t\t<div class=\"blogs items\">\n\t\t\t\t\t\t\t\t\t\t<article class=\"item has-post-thumbnail\">\n\t\t\t\t\t\n\t\t\t\t\t\t\t\t\t\t\t<div class=\"article-content\">\n\t\t\t\t\t\t\t<div class=\"thumbnail-content\">\n\t\t\t\t\t\t\t\t\t\t\t\t\t\t\t\t\t\t<a class=\"thumbnail\" href=\"https:\/\/aymakoop.com.tr\/ru\/%d0%b8%d0%bd%d1%84%d0%be%d1%80%d0%bc%d0%b0%d1%86%d0%b8%d0%be%d0%bd%d0%bd%d1%8b%d0%b9-%d1%80%d0%b5%d0%bf%d0%be%d0%b7%d0%b8%d1%82%d0%be%d1%80%d0%b8%d0%b9-aymakoop\/%d0%bd%d0%be%d0%bc%d0%b5%d1%80%d0%b0-%d0%bd%d0%b0%d1%88%d0%b8%d1%85-%d0%b1%d0%b0%d0%bd%d0%ba%d0%be%d0%b2%d1%81%d0%ba%d0%b8%d1%85-%d1%81%d1%87%d0%b5%d1%82%d0%be%d0%b2-%d0%b4%d0%bb%d1%8f-%d0%b0%d1%80\/\" >\n\t\t\t\t\t\t\t\t\t\t\t<figure>\n\t\t\t\t\t\t\t\t\t\t\t<img fetchpriority=\"high\" decoding=\"async\" width=\"562\" height=\"430\" src=\"https:\/\/aymakoop.com.tr\/wp-content\/uploads\/2025\/08\/aymakoop-1-bilgi-deposu.jpg\" class=\"attachment-merto_blog_thumb size-merto_blog_thumb wp-post-image\" alt=\"\" srcset=\"https:\/\/aymakoop.com.tr\/wp-content\/uploads\/2025\/08\/aymakoop-1-bilgi-deposu.jpg 562w, https:\/\/aymakoop.com.tr\/wp-content\/uploads\/2025\/08\/aymakoop-1-bilgi-deposu-300x230.jpg 300w\" sizes=\"(max-width: 562px) 100vw, 562px\" title=\"\">\t\t\t\t\t\t\t\t\t\t\t<\/figure>\n\t\t\t\t\t\t\t\t\t\t<\/a>\n\t\t\t\t\t\t\t\t\t\t\t\t\t\t\t\t<\/div>\n\t\t\t\t\t\t\t\n\t\t\t\t\t\t\t<div class=\"entry-content\">\n\t\t\t\t\t\t\t\t\t\t\t\t\t\t\t\t\n\t\t\t\t\t\t\t\t<header>\n\t\t\t\t\t\t\t\t\t\t\t\t\t\t\t\t\t\t<h4 class=\"heading-title entry-title\">\n\t\t\t\t\t\t\t\t\t\t<a class=\"post-title\" href=\"https:\/\/aymakoop.com.tr\/ru\/%d0%b8%d0%bd%d1%84%d0%be%d1%80%d0%bc%d0%b0%d1%86%d0%b8%d0%be%d0%bd%d0%bd%d1%8b%d0%b9-%d1%80%d0%b5%d0%bf%d0%be%d0%b7%d0%b8%d1%82%d0%be%d1%80%d0%b8%d0%b9-aymakoop\/%d0%bd%d0%be%d0%bc%d0%b5%d1%80%d0%b0-%d0%bd%d0%b0%d1%88%d0%b8%d1%85-%d0%b1%d0%b0%d0%bd%d0%ba%d0%be%d0%b2%d1%81%d0%ba%d0%b8%d1%85-%d1%81%d1%87%d0%b5%d1%82%d0%be%d0%b2-%d0%b4%d0%bb%d1%8f-%d0%b0%d1%80\/\">\u041d\u043e\u043c\u0435\u0440\u0430 \u043d\u0430\u0448\u0438\u0445 \u0441\u0447\u0435\u0442\u043e\u0432 \u0432 \u0431\u0430\u043d\u043a\u0435 \u0434\u043b\u044f \u0430\u0440\u0435\u043d\u0434\u044b<\/a>\n\t\t\t\t\t\t\t\t\t<\/h4>\n\t\t\t\t\t\t\t\t\t\t\t\t\t\t\t\t\t<\/header>\n\t\t\t\t\t\t\t\t\n\t\t\t\t\t\t\t\t\n\t\t\t\t\t\t\t\t\t\t\t\t\t\t\t<\/div>\n\t\t\t\t\t\t\t\n\t\t\t\t\t\t<\/div>\n\t\t\t\t\t\t\t\n\t\t\t\t\t\t\t\t\t\t<\/article>\n\t\t\t\t\t\t\t\t<article class=\"item has-post-thumbnail\">\n\t\t\t\t\t\n\t\t\t\t\t\t\t\t\t\t\t<div class=\"article-content\">\n\t\t\t\t\t\t\t<div class=\"thumbnail-content\">\n\t\t\t\t\t\t\t\t\t\t\t\t\t\t\t\t\t\t<a class=\"thumbnail\" href=\"https:\/\/aymakoop.com.tr\/ru\/%d0%b8%d0%bd%d1%84%d0%be%d1%80%d0%bc%d0%b0%d1%86%d0%b8%d0%be%d0%bd%d0%bd%d1%8b%d0%b9-%d1%80%d0%b5%d0%bf%d0%be%d0%b7%d0%b8%d1%82%d0%be%d1%80%d0%b8%d0%b9-aymakoop\/%d0%bd%d0%be%d0%bc%d0%b5%d1%80-%d1%81%d1%87%d0%b5%d1%82%d0%b0-%d0%b7%d0%b0-%d0%b2%d0%be%d0%b4%d1%83\/\" >\n\t\t\t\t\t\t\t\t\t\t\t<figure>\n\t\t\t\t\t\t\t\t\t\t\t<img decoding=\"async\" width=\"562\" height=\"430\" src=\"https:\/\/aymakoop.com.tr\/wp-content\/uploads\/2025\/08\/aymakoop-bilgi-deposu-2.jpg\" class=\"attachment-merto_blog_thumb size-merto_blog_thumb wp-post-image\" alt=\"\" srcset=\"https:\/\/aymakoop.com.tr\/wp-content\/uploads\/2025\/08\/aymakoop-bilgi-deposu-2.jpg 562w, https:\/\/aymakoop.com.tr\/wp-content\/uploads\/2025\/08\/aymakoop-bilgi-deposu-2-300x230.jpg 300w\" sizes=\"(max-width: 562px) 100vw, 562px\" title=\"\">\t\t\t\t\t\t\t\t\t\t\t<\/figure>\n\t\t\t\t\t\t\t\t\t\t<\/a>\n\t\t\t\t\t\t\t\t\t\t\t\t\t\t\t\t<\/div>\n\t\t\t\t\t\t\t\n\t\t\t\t\t\t\t<div class=\"entry-content\">\n\t\t\t\t\t\t\t\t\t\t\t\t\t\t\t\t\n\t\t\t\t\t\t\t\t<header>\n\t\t\t\t\t\t\t\t\t\t\t\t\t\t\t\t\t\t<h4 class=\"heading-title entry-title\">\n\t\t\t\t\t\t\t\t\t\t<a class=\"post-title\" href=\"https:\/\/aymakoop.com.tr\/ru\/%d0%b8%d0%bd%d1%84%d0%be%d1%80%d0%bc%d0%b0%d1%86%d0%b8%d0%be%d0%bd%d0%bd%d1%8b%d0%b9-%d1%80%d0%b5%d0%bf%d0%be%d0%b7%d0%b8%d1%82%d0%be%d1%80%d0%b8%d0%b9-aymakoop\/%d0%bd%d0%be%d0%bc%d0%b5%d1%80-%d1%81%d1%87%d0%b5%d1%82%d0%b0-%d0%b7%d0%b0-%d0%b2%d0%be%d0%b4%d1%83\/\">\u041d\u043e\u043c\u0435\u0440 \u0441\u0447\u0435\u0442\u0430 \u0437\u0430 \u0432\u043e\u0434\u0443<\/a>\n\t\t\t\t\t\t\t\t\t<\/h4>\n\t\t\t\t\t\t\t\t\t\t\t\t\t\t\t\t\t<\/header>\n\t\t\t\t\t\t\t\t\n\t\t\t\t\t\t\t\t\n\t\t\t\t\t\t\t\t\t\t\t\t\t\t\t<\/div>\n\t\t\t\t\t\t\t\n\t\t\t\t\t\t<\/div>\n\t\t\t\t\t\t\t\n\t\t\t\t\t\t\t\t\t\t<\/article>\n\t\t\t\t\t\t\t\t<article class=\"item has-post-thumbnail\">\n\t\t\t\t\t\n\t\t\t\t\t\t\t\t\t\t\t<div class=\"article-content\">\n\t\t\t\t\t\t\t<div class=\"thumbnail-content\">\n\t\t\t\t\t\t\t\t\t\t\t\t\t\t\t\t\t\t<a class=\"thumbnail\" href=\"https:\/\/aymakoop.com.tr\/ru\/%d0%b8%d0%bd%d1%84%d0%be%d1%80%d0%bc%d0%b0%d1%86%d0%b8%d0%be%d0%bd%d0%bd%d1%8b%d0%b9-%d1%80%d0%b5%d0%bf%d0%be%d0%b7%d0%b8%d1%82%d0%be%d1%80%d0%b8%d0%b9-aymakoop\/%d0%bd%d0%b0%d1%88%d0%b5-%d0%be%d0%b1%d1%89%d0%b5%d0%b5-%d1%81%d0%be%d0%b1%d1%80%d0%b0%d0%bd%d0%b8%d0%b5-%d1%81%d0%be%d1%81%d1%82%d0%be%d1%8f%d0%bb%d0%be%d1%81%d1%8c-%d0%b2-2019-%d0%b3%d0%be%d0%b4\/\" >\n\t\t\t\t\t\t\t\t\t\t\t<figure>\n\t\t\t\t\t\t\t\t\t\t\t<img fetchpriority=\"high\" decoding=\"async\" width=\"562\" height=\"430\" src=\"https:\/\/aymakoop.com.tr\/wp-content\/uploads\/2025\/08\/aymakoop-1-bilgi-deposu.jpg\" class=\"attachment-merto_blog_thumb size-merto_blog_thumb wp-post-image\" alt=\"\" srcset=\"https:\/\/aymakoop.com.tr\/wp-content\/uploads\/2025\/08\/aymakoop-1-bilgi-deposu.jpg 562w, https:\/\/aymakoop.com.tr\/wp-content\/uploads\/2025\/08\/aymakoop-1-bilgi-deposu-300x230.jpg 300w\" sizes=\"(max-width: 562px) 100vw, 562px\" title=\"\">\t\t\t\t\t\t\t\t\t\t\t<\/figure>\n\t\t\t\t\t\t\t\t\t\t<\/a>\n\t\t\t\t\t\t\t\t\t\t\t\t\t\t\t\t<\/div>\n\t\t\t\t\t\t\t\n\t\t\t\t\t\t\t<div class=\"entry-content\">\n\t\t\t\t\t\t\t\t\t\t\t\t\t\t\t\t\n\t\t\t\t\t\t\t\t<header>\n\t\t\t\t\t\t\t\t\t\t\t\t\t\t\t\t\t\t<h4 class=\"heading-title entry-title\">\n\t\t\t\t\t\t\t\t\t\t<a class=\"post-title\" href=\"https:\/\/aymakoop.com.tr\/ru\/%d0%b8%d0%bd%d1%84%d0%be%d1%80%d0%bc%d0%b0%d1%86%d0%b8%d0%be%d0%bd%d0%bd%d1%8b%d0%b9-%d1%80%d0%b5%d0%bf%d0%be%d0%b7%d0%b8%d1%82%d0%be%d1%80%d0%b8%d0%b9-aymakoop\/%d0%bd%d0%b0%d1%88%d0%b5-%d0%be%d0%b1%d1%89%d0%b5%d0%b5-%d1%81%d0%be%d0%b1%d1%80%d0%b0%d0%bd%d0%b8%d0%b5-%d1%81%d0%be%d1%81%d1%82%d0%be%d1%8f%d0%bb%d0%be%d1%81%d1%8c-%d0%b2-2019-%d0%b3%d0%be%d0%b4\/\">\u041d\u0430\u0448\u0435 \u043e\u0431\u0449\u0435\u0435 \u0441\u043e\u0431\u0440\u0430\u043d\u0438\u0435, \u0441\u043e\u0441\u0442\u043e\u044f\u0432\u0448\u0435\u0435\u0441\u044f \u0432 2019 \u0433\u043e\u0434\u0443<\/a>\n\t\t\t\t\t\t\t\t\t<\/h4>\n\t\t\t\t\t\t\t\t\t\t\t\t\t\t\t\t\t<\/header>\n\t\t\t\t\t\t\t\t\n\t\t\t\t\t\t\t\t\n\t\t\t\t\t\t\t\t\t\t\t\t\t\t\t<\/div>\n\t\t\t\t\t\t\t\n\t\t\t\t\t\t<\/div>\n\t\t\t\t\t\t\t\n\t\t\t\t\t\t\t\t\t\t<\/article>\n\t\t\t\t\t\t\t\t<article class=\"item has-post-thumbnail\">\n\t\t\t\t\t\n\t\t\t\t\t\t\t\t\t\t\t<div class=\"article-content\">\n\t\t\t\t\t\t\t<div class=\"thumbnail-content\">\n\t\t\t\t\t\t\t\t\t\t\t\t\t\t\t\t\t\t<a class=\"thumbnail\" href=\"https:\/\/aymakoop.com.tr\/ru\/%d0%b8%d0%bd%d1%84%d0%be%d1%80%d0%bc%d0%b0%d1%86%d0%b8%d0%be%d0%bd%d0%bd%d1%8b%d0%b9-%d1%80%d0%b5%d0%bf%d0%be%d0%b7%d0%b8%d1%82%d0%be%d1%80%d0%b8%d0%b9-aymakoop\/%d1%81%d0%bb%d1%83%d0%b6%d0%b1%d1%8b-%d0%b8%d0%bd%d1%84%d0%be%d1%80%d0%bc%d0%b0%d1%86%d0%b8%d0%be%d0%bd%d0%bd%d0%be%d0%b3%d0%be-%d0%be%d0%b1%d1%89%d0%b5%d1%81%d1%82%d0%b2%d0%b0-%d0%b0%d0%b9%d0%bc\/\" >\n\t\t\t\t\t\t\t\t\t\t\t<figure>\n\t\t\t\t\t\t\t\t\t\t\t<img fetchpriority=\"high\" decoding=\"async\" width=\"562\" height=\"430\" src=\"https:\/\/aymakoop.com.tr\/wp-content\/uploads\/2025\/08\/aymakoop-1-bilgi-deposu.jpg\" class=\"attachment-merto_blog_thumb size-merto_blog_thumb wp-post-image\" alt=\"\" srcset=\"https:\/\/aymakoop.com.tr\/wp-content\/uploads\/2025\/08\/aymakoop-1-bilgi-deposu.jpg 562w, https:\/\/aymakoop.com.tr\/wp-content\/uploads\/2025\/08\/aymakoop-1-bilgi-deposu-300x230.jpg 300w\" sizes=\"(max-width: 562px) 100vw, 562px\" title=\"\">\t\t\t\t\t\t\t\t\t\t\t<\/figure>\n\t\t\t\t\t\t\t\t\t\t<\/a>\n\t\t\t\t\t\t\t\t\t\t\t\t\t\t\t\t<\/div>\n\t\t\t\t\t\t\t\n\t\t\t\t\t\t\t<div class=\"entry-content\">\n\t\t\t\t\t\t\t\t\t\t\t\t\t\t\t\t\n\t\t\t\t\t\t\t\t<header>\n\t\t\t\t\t\t\t\t\t\t\t\t\t\t\t\t\t\t<h4 class=\"heading-title entry-title\">\n\t\t\t\t\t\t\t\t\t\t<a class=\"post-title\" href=\"https:\/\/aymakoop.com.tr\/ru\/%d0%b8%d0%bd%d1%84%d0%be%d1%80%d0%bc%d0%b0%d1%86%d0%b8%d0%be%d0%bd%d0%bd%d1%8b%d0%b9-%d1%80%d0%b5%d0%bf%d0%be%d0%b7%d0%b8%d1%82%d0%be%d1%80%d0%b8%d0%b9-aymakoop\/%d1%81%d0%bb%d1%83%d0%b6%d0%b1%d1%8b-%d0%b8%d0%bd%d1%84%d0%be%d1%80%d0%bc%d0%b0%d1%86%d0%b8%d0%be%d0%bd%d0%bd%d0%be%d0%b3%d0%be-%d0%be%d0%b1%d1%89%d0%b5%d1%81%d1%82%d0%b2%d0%b0-%d0%b0%d0%b9%d0%bc\/\">\u0421\u043b\u0443\u0436\u0431\u044b \u0438\u043d\u0444\u043e\u0440\u043c\u0430\u0446\u0438\u043e\u043d\u043d\u043e\u0433\u043e \u043e\u0431\u0449\u0435\u0441\u0442\u0432\u0430 \u0410\u0439\u043c\u0430\u043a\u043e\u043f\u0430<\/a>\n\t\t\t\t\t\t\t\t\t<\/h4>\n\t\t\t\t\t\t\t\t\t\t\t\t\t\t\t\t\t<\/header>\n\t\t\t\t\t\t\t\t\n\t\t\t\t\t\t\t\t\n\t\t\t\t\t\t\t\t\t\t\t\t\t\t\t<\/div>\n\t\t\t\t\t\t\t\n\t\t\t\t\t\t<\/div>\n\t\t\t\t\t\t\t\n\t\t\t\t\t\t\t\t\t\t<\/article>\n\t\t\t\t\t\t\t\t<article class=\"item has-post-thumbnail\">\n\t\t\t\t\t\n\t\t\t\t\t\t\t\t\t\t\t<div class=\"article-content\">\n\t\t\t\t\t\t\t<div class=\"thumbnail-content\">\n\t\t\t\t\t\t\t\t\t\t\t\t\t\t\t\t\t\t<a class=\"thumbnail\" href=\"https:\/\/aymakoop.com.tr\/ru\/%d0%b8%d0%bd%d1%84%d0%be%d1%80%d0%bc%d0%b0%d1%86%d0%b8%d0%be%d0%bd%d0%bd%d1%8b%d0%b9-%d1%80%d0%b5%d0%bf%d0%be%d0%b7%d0%b8%d1%82%d0%be%d1%80%d0%b8%d0%b9-aymakoop\/%d0%bf%d0%bb%d0%b0%d0%bd-%d1%83%d1%87%d0%b0%d1%81%d1%82%d0%ba%d0%b0-%d0%b0%d0%b9%d0%bc%d0%b0%d0%ba%d0%be%d0%bf\/\" >\n\t\t\t\t\t\t\t\t\t\t\t<figure>\n\t\t\t\t\t\t\t\t\t\t\t<img decoding=\"async\" width=\"562\" height=\"430\" src=\"https:\/\/aymakoop.com.tr\/wp-content\/uploads\/2025\/08\/aymakoop-1-vaziyet-plani-2.jpg\" class=\"attachment-merto_blog_thumb size-merto_blog_thumb wp-post-image\" alt=\"\" srcset=\"https:\/\/aymakoop.com.tr\/wp-content\/uploads\/2025\/08\/aymakoop-1-vaziyet-plani-2.jpg 562w, https:\/\/aymakoop.com.tr\/wp-content\/uploads\/2025\/08\/aymakoop-1-vaziyet-plani-2-300x230.jpg 300w\" sizes=\"(max-width: 562px) 100vw, 562px\" title=\"\">\t\t\t\t\t\t\t\t\t\t\t<\/figure>\n\t\t\t\t\t\t\t\t\t\t<\/a>\n\t\t\t\t\t\t\t\t\t\t\t\t\t\t\t\t<\/div>\n\t\t\t\t\t\t\t\n\t\t\t\t\t\t\t<div class=\"entry-content\">\n\t\t\t\t\t\t\t\t\t\t\t\t\t\t\t\t\n\t\t\t\t\t\t\t\t<header>\n\t\t\t\t\t\t\t\t\t\t\t\t\t\t\t\t\t\t<h4 class=\"heading-title entry-title\">\n\t\t\t\t\t\t\t\t\t\t<a class=\"post-title\" href=\"https:\/\/aymakoop.com.tr\/ru\/%d0%b8%d0%bd%d1%84%d0%be%d1%80%d0%bc%d0%b0%d1%86%d0%b8%d0%be%d0%bd%d0%bd%d1%8b%d0%b9-%d1%80%d0%b5%d0%bf%d0%be%d0%b7%d0%b8%d1%82%d0%be%d1%80%d0%b8%d0%b9-aymakoop\/%d0%bf%d0%bb%d0%b0%d0%bd-%d1%83%d1%87%d0%b0%d1%81%d1%82%d0%ba%d0%b0-%d0%b0%d0%b9%d0%bc%d0%b0%d0%ba%d0%be%d0%bf\/\">\u041f\u043b\u0430\u043d \u0443\u0447\u0430\u0441\u0442\u043a\u0430 \u0410\u0439\u043c\u0430\u043a\u043e\u043f<\/a>\n\t\t\t\t\t\t\t\t\t<\/h4>\n\t\t\t\t\t\t\t\t\t\t\t\t\t\t\t\t\t<\/header>\n\t\t\t\t\t\t\t\t\n\t\t\t\t\t\t\t\t\n\t\t\t\t\t\t\t\t\t\t\t\t\t\t\t<\/div>\n\t\t\t\t\t\t\t\n\t\t\t\t\t\t<\/div>\n\t\t\t\t\t\t\t\n\t\t\t\t\t\t\t\t\t\t<\/article>\n\t\t\t\t\t\t\t\t<article class=\"item has-post-thumbnail\">\n\t\t\t\t\t\n\t\t\t\t\t\t\t\t\t\t\t<div class=\"article-content\">\n\t\t\t\t\t\t\t<div class=\"thumbnail-content\">\n\t\t\t\t\t\t\t\t\t\t\t\t\t\t\t\t\t\t<a class=\"thumbnail\" href=\"https:\/\/aymakoop.com.tr\/ru\/%d0%b8%d0%bd%d1%84%d0%be%d1%80%d0%bc%d0%b0%d1%86%d0%b8%d0%be%d0%bd%d0%bd%d1%8b%d0%b9-%d1%80%d0%b5%d0%bf%d0%be%d0%b7%d0%b8%d1%82%d0%be%d1%80%d0%b8%d0%b9-aymakoop\/%d1%83%d1%81%d0%bb%d1%83%d0%b3%d0%b8-aymakoop-gedikpasa\/\" >\n\t\t\t\t\t\t\t\t\t\t\t<figure>\n\t\t\t\t\t\t\t\t\t\t\t<img loading=\"lazy\" decoding=\"async\" width=\"784\" height=\"430\" src=\"https:\/\/aymakoop.com.tr\/wp-content\/uploads\/2025\/08\/dunyada-1-ayakkabi-sektoru-1.jpg\" class=\"attachment-merto_blog_thumb size-merto_blog_thumb wp-post-image\" alt=\"\" srcset=\"https:\/\/aymakoop.com.tr\/wp-content\/uploads\/2025\/08\/dunyada-1-ayakkabi-sektoru-1.jpg 784w, https:\/\/aymakoop.com.tr\/wp-content\/uploads\/2025\/08\/dunyada-1-ayakkabi-sektoru-1-300x165.jpg 300w, https:\/\/aymakoop.com.tr\/wp-content\/uploads\/2025\/08\/dunyada-1-ayakkabi-sektoru-1-768x421.jpg 768w, https:\/\/aymakoop.com.tr\/wp-content\/uploads\/2025\/08\/dunyada-1-ayakkabi-sektoru-1-700x384.jpg 700w\" sizes=\"(max-width: 784px) 100vw, 784px\" title=\"\">\t\t\t\t\t\t\t\t\t\t\t<\/figure>\n\t\t\t\t\t\t\t\t\t\t<\/a>\n\t\t\t\t\t\t\t\t\t\t\t\t\t\t\t\t<\/div>\n\t\t\t\t\t\t\t\n\t\t\t\t\t\t\t<div class=\"entry-content\">\n\t\t\t\t\t\t\t\t\t\t\t\t\t\t\t\t\n\t\t\t\t\t\t\t\t<header>\n\t\t\t\t\t\t\t\t\t\t\t\t\t\t\t\t\t\t<h4 class=\"heading-title entry-title\">\n\t\t\t\t\t\t\t\t\t\t<a class=\"post-title\" href=\"https:\/\/aymakoop.com.tr\/ru\/%d0%b8%d0%bd%d1%84%d0%be%d1%80%d0%bc%d0%b0%d1%86%d0%b8%d0%be%d0%bd%d0%bd%d1%8b%d0%b9-%d1%80%d0%b5%d0%bf%d0%be%d0%b7%d0%b8%d1%82%d0%be%d1%80%d0%b8%d0%b9-aymakoop\/%d1%83%d1%81%d0%bb%d1%83%d0%b3%d0%b8-aymakoop-gedikpasa\/\">Aymakoop Gedikpa\u015fa Services<\/a>\n\t\t\t\t\t\t\t\t\t<\/h4>\n\t\t\t\t\t\t\t\t\t\t\t\t\t\t\t\t\t<\/header>\n\t\t\t\t\t\t\t\t\n\t\t\t\t\t\t\t\t\n\t\t\t\t\t\t\t\t\t\t\t\t\t\t\t<\/div>\n\t\t\t\t\t\t\t\n\t\t\t\t\t\t<\/div>\n\t\t\t\t\t\t\t\n\t\t\t\t\t\t\t\t\t\t<\/article>\n\t\t\t\t\t\t\t\t\t<\/div>\n\t\t\t\t\t\n\t\t\t\t\t\t\t\t\t\t\n\t\t\t\t<\/div>\n\t\t\t<\/div>\n\t\t\t\t\t\t<\/div>\n\t\t\t\t<\/div>\n\t\t\t\t<\/div>\n\t\t\t\t\t<\/div>\n\t\t\t\t<\/div>\n\t\t\t\t<\/div>","protected":false},"excerpt":{"rendered":"<p>Kira Banka Hesap Numaralar\u0131m\u0131z Su Faturas\u0131 Hesap No 2019da Yap\u0131lan Genel Kurul Toplant\u0131m\u0131z Aymakoop Bilgi Toplumu Hizmetleri Aymakoop Vaziyet Plan\u0131 Aymakoop Gedikpa\u015fa Servisleri<\/p>","protected":false},"author":1,"featured_media":0,"parent":0,"menu_order":0,"comment_status":"closed","ping_status":"closed","template":"","meta":{"footnotes":""},"class_list":["post-11168","page","type-page","status-publish","hentry"],"_links":{"self":[{"href":"https:\/\/aymakoop.com.tr\/ru\/wp-json\/wp\/v2\/pages\/11168","targetHints":{"allow":["GET"]}}],"collection":[{"href":"https:\/\/aymakoop.com.tr\/ru\/wp-json\/wp\/v2\/pages"}],"about":[{"href":"https:\/\/aymakoop.com.tr\/ru\/wp-json\/wp\/v2\/types\/page"}],"author":[{"embeddable":true,"href":"https:\/\/aymakoop.com.tr\/ru\/wp-json\/wp\/v2\/users\/1"}],"replies":[{"embeddable":true,"href":"https:\/\/aymakoop.com.tr\/ru\/wp-json\/wp\/v2\/comments?post=11168"}],"version-history":[{"count":1,"href":"https:\/\/aymakoop.com.tr\/ru\/wp-json\/wp\/v2\/pages\/11168\/revisions"}],"predecessor-version":[{"id":15562,"href":"https:\/\/aymakoop.com.tr\/ru\/wp-json\/wp\/v2\/pages\/11168\/revisions\/15562"}],"wp:attachment":[{"href":"https:\/\/aymakoop.com.tr\/ru\/wp-json\/wp\/v2\/media?parent=11168"}],"curies":[{"name":"wp","href":"https:\/\/api.w.org\/{rel}","templated":true}]}}