{"id":10864,"date":"2025-08-20T14:18:05","date_gmt":"2025-08-20T11:18:05","guid":{"rendered":"https:\/\/aymakoop.com.tr\/?page_id=10864"},"modified":"2025-09-05T16:59:22","modified_gmt":"2025-09-05T13:59:22","slug":"%d0%bd%d0%b0%d1%88%d0%b8-%d0%be%d0%b1%d1%89%d0%b8%d0%b5-%d1%83%d1%81%d0%bb%d1%83%d0%b3%d0%b8","status":"publish","type":"page","link":"https:\/\/aymakoop.com.tr\/ru\/%d0%bd%d0%b0%d1%88%d0%b8-%d0%be%d0%b1%d1%89%d0%b8%d0%b5-%d1%83%d1%81%d0%bb%d1%83%d0%b3%d0%b8\/","title":{"rendered":"\u041d\u0430\u0448\u0438 \u043e\u0431\u0449\u0438\u0435 \u0443\u0441\u043b\u0443\u0433\u0438"},"content":{"rendered":"<div data-elementor-type=\"wp-page\" data-elementor-id=\"10864\" class=\"elementor elementor-10864\">\n\t\t\t\t<div class=\"elementor-element elementor-element-bae33c8 yazikapsa e-flex e-con-boxed e-con e-parent\" data-id=\"bae33c8\" data-element_type=\"container\">\n\t\t\t\t\t<div class=\"e-con-inner\">\n\t\t<div class=\"elementor-element elementor-element-ca76a35 e-con-full e-flex e-con e-child\" data-id=\"ca76a35\" data-element_type=\"container\">\n\t\t\t\t<div class=\"elementor-element elementor-element-2b5abf9 elementor-widget elementor-widget-sidebar\" data-id=\"2b5abf9\" data-element_type=\"widget\" data-widget_type=\"sidebar.default\">\n\t\t\t\t\t<section id=\"nav_menu-3\" class=\"widget-container widget_nav_menu\"><div class=\"menu-sidebar-container\"><ul id=\"menu-sidebar\" class=\"menu\"><li id=\"menu-item-10746\" class=\"menu-item menu-item-type-post_type menu-item-object-page menu-item-10746\"><a href=\"https:\/\/aymakoop.com.tr\/ru\/%d0%b2%d0%b8%d0%b4%d0%b5%d0%bd%d0%b8%d0%b5-%d0%bc%d0%b8%d1%81%d1%81%d0%b8%d0%b8\/\">\u041c\u0438\u0441\u0441\u0438\u044f \u0438 \u0432\u0438\u0434\u0435\u043d\u0438\u0435<\/a><\/li>\n<li id=\"menu-item-10793\" class=\"menu-item menu-item-type-post_type menu-item-object-page menu-item-10793\"><a href=\"https:\/\/aymakoop.com.tr\/ru\/%d1%81%d0%be%d0%b2%d0%b5%d1%82-%d0%b4%d0%b8%d1%80%d0%b5%d0%ba%d1%82%d0%be%d1%80%d0%be%d0%b2\/\">\u0441\u043e\u0432\u0435\u0442 \u0434\u0438\u0440\u0435\u043a\u0442\u043e\u0440\u043e\u0432<\/a><\/li>\n<li id=\"menu-item-10803\" class=\"menu-item menu-item-type-post_type menu-item-object-page menu-item-10803\"><a href=\"https:\/\/aymakoop.com.tr\/ru\/%d0%be%d1%80%d0%b3%d0%b0%d0%bd%d0%b8%d0%b7%d0%b0%d1%86%d0%b8%d0%be%d0%bd%d0%bd%d0%b0%d1%8f-%d1%81%d1%82%d1%80%d1%83%d0%ba%d1%82%d1%83%d1%80%d0%b0\/\">\u041e\u0440\u0433\u0430\u043d\u0438\u0437\u0430\u0446\u0438\u043e\u043d\u043d\u0430\u044f \u0441\u0442\u0440\u0443\u043a\u0442\u0443\u0440\u0430<\/a><\/li>\n<li id=\"menu-item-10694\" class=\"menu-item menu-item-type-custom menu-item-object-custom menu-item-10694\"><a href=\"#\">\u0413\u0435\u043d\u0435\u0440\u0430\u043b\u044c\u043d\u0430\u044f \u0410\u0441\u0441\u0430\u043c\u0431\u043b\u0435\u044f<\/a><\/li>\n<li id=\"menu-item-10698\" class=\"menu-item menu-item-type-custom menu-item-object-custom menu-item-10698\"><a href=\"#\">\u041a\u0430\u0440\u0442\u0438\u043d\u043d\u0430\u044f \u0433\u0430\u043b\u0435\u0440\u0435\u044f<\/a><\/li>\n<li id=\"menu-item-11141\" class=\"menu-item menu-item-type-post_type menu-item-object-page menu-item-11141\"><a href=\"https:\/\/aymakoop.com.tr\/ru\/%d1%82%d0%b5%d0%ba%d1%83%d1%89%d0%b8%d0%b5-%d0%be%d0%b1%d1%8a%d1%8f%d0%b2%d0%bb%d0%b5%d0%bd%d0%b8%d1%8f\/\">\u0422\u0435\u043a\u0443\u0449\u0438\u0435 \u043e\u0431\u044a\u044f\u0432\u043b\u0435\u043d\u0438\u044f<\/a><\/li>\n<li id=\"menu-item-11140\" class=\"menu-item menu-item-type-post_type menu-item-object-page menu-item-11140\"><a href=\"https:\/\/aymakoop.com.tr\/ru\/%d0%bd%d0%be%d0%b2%d0%be%d1%81%d1%82%d0%b8\/\">\u041d\u043e\u0432\u043e\u0441\u0442\u0438<\/a><\/li>\n<li id=\"menu-item-10850\" class=\"menu-item menu-item-type-post_type menu-item-object-page menu-item-10850\"><a href=\"https:\/\/aymakoop.com.tr\/ru\/%d0%bc%d0%b8%d1%80%d0%be%d0%b2%d0%b0%d1%8f-%d0%be%d0%b1%d1%83%d0%b2%d0%bd%d0%b0%d1%8f-%d0%b8%d0%bd%d0%b4%d1%83%d1%81%d1%82%d1%80%d0%b8%d1%8f\/\">\u041e\u0431\u0443\u0432\u043d\u0430\u044f \u043f\u0440\u043e\u043c\u044b\u0448\u043b\u0435\u043d\u043d\u043e\u0441\u0442\u044c \u0432 \u043c\u0438\u0440\u0435<\/a><\/li>\n<li id=\"menu-item-10863\" class=\"menu-item menu-item-type-post_type menu-item-object-page menu-item-10863\"><a href=\"https:\/\/aymakoop.com.tr\/ru\/%d0%b8%d0%bd%d1%84%d0%be%d1%80%d0%bc%d0%b0%d1%86%d0%b8%d1%8f-%d0%be%d0%b1-%d0%b8%d0%bd%d1%84%d1%80%d0%b0%d1%81%d1%82%d1%80%d1%83%d0%ba%d1%82%d1%83%d1%80%d0%b5\/\">\u0418\u043d\u0444\u043e\u0440\u043c\u0430\u0446\u0438\u044f \u043e\u0431 \u0438\u043d\u0444\u0440\u0430\u0441\u0442\u0440\u0443\u043a\u0442\u0443\u0440\u0435<\/a><\/li>\n<li id=\"menu-item-10844\" class=\"menu-item menu-item-type-post_type menu-item-object-page menu-item-10844\"><a href=\"https:\/\/aymakoop.com.tr\/ru\/%d0%bd%d0%b0%d1%88%d0%b8-%d0%bd%d0%b0%d0%b3%d1%80%d0%b0%d0%b4%d1%8b\/\">\u041d\u0430\u0448\u0438 \u043d\u0430\u0433\u0440\u0430\u0434\u044b<\/a><\/li>\n<li id=\"menu-item-10896\" class=\"menu-item menu-item-type-post_type menu-item-object-page menu-item-10896\"><a href=\"https:\/\/aymakoop.com.tr\/ru\/%d0%bd%d0%b0%d1%88%d0%b8-%d0%b4%d0%be%d0%ba%d1%83%d0%bc%d0%b5%d0%bd%d1%82%d1%8b-%d1%81%d0%b5%d1%80%d1%82%d0%b8%d1%84%d0%b8%d0%ba%d0%b0%d1%82%d1%8b\/\">\u041d\u0430\u0448\u0438 \u0434\u043e\u043a\u0443\u043c\u0435\u043d\u0442\u044b \u0438 \u0441\u0435\u0440\u0442\u0438\u0444\u0438\u043a\u0430\u0442\u044b<\/a><\/li>\n<li id=\"menu-item-10920\" class=\"menu-item menu-item-type-post_type menu-item-object-page menu-item-10920\"><a href=\"https:\/\/aymakoop.com.tr\/ru\/%d1%84%d0%be%d1%80%d0%bc%d1%8b-%d0%b7%d0%b0%d1%8f%d0%b2%d0%bb%d0%b5%d0%bd%d0%b8%d0%b9\/\">\u0424\u043e\u0440\u043c\u044b \u0437\u0430\u044f\u0432\u043b\u0435\u043d\u0438\u0439<\/a><\/li>\n<li id=\"menu-item-10956\" class=\"menu-item menu-item-type-post_type menu-item-object-page menu-item-10956\"><a href=\"https:\/\/aymakoop.com.tr\/ru\/%d0%bc%d1%8b-%d0%b2-%d0%bd%d0%b0%d1%87%d0%b0%d0%bb%d0%b5-%d0%bf%d1%83%d1%82%d0%b8\/\">\u041c\u044b \u0432 \u043f\u0440\u0435\u0441\u0441\u0435<\/a><\/li>\n<li id=\"menu-item-11632\" class=\"menu-item menu-item-type-post_type menu-item-object-page menu-item-11632\"><a href=\"https:\/\/aymakoop.com.tr\/ru\/%d0%ba%d0%b0%d1%82%d0%b0%d0%bb%d0%be%d0%b3-%d0%ba%d0%be%d0%bc%d0%bf%d0%b0%d0%bd%d0%b8%d0%b9-%d0%bf%d0%be-%d0%ba%d0%b0%d1%82%d0%b5%d0%b3%d0%be%d1%80%d0%b8%d1%8f%d0%bc\/\">\u041a\u0430\u0442\u0430\u043b\u043e\u0433 \u043a\u043e\u043c\u043f\u0430\u043d\u0438\u0439 \u0431\u0435\u0437 \u0440\u0443\u0431\u0440\u0438\u043a\u0438<\/a><\/li>\n<li id=\"menu-item-11633\" class=\"menu-item menu-item-type-post_type menu-item-object-page menu-item-11633\"><a href=\"https:\/\/aymakoop.com.tr\/ru\/%d0%b0%d0%bb%d1%84%d0%b0%d0%b2%d0%b8%d1%82%d0%bd%d1%8b%d0%b9-%d1%81%d0%bf%d1%80%d0%b0%d0%b2%d0%be%d1%87%d0%bd%d0%b8%d0%ba-%d0%ba%d0%be%d0%bc%d0%bf%d0%b0%d0%bd%d0%b8%d0%b9\/\">\u0410\u043b\u0444\u0430\u0432\u0438\u0442\u043d\u044b\u0439 \u0441\u043f\u0440\u0430\u0432\u043e\u0447\u043d\u0438\u043a \u043a\u043e\u043c\u043f\u0430\u043d\u0438\u0439<\/a><\/li>\n<\/ul><\/div><\/section>\t\t\t\t<\/div>\n\t\t\t\t<\/div>\n\t\t<div class=\"elementor-element elementor-element-85b6fde e-con-full e-flex e-con e-child\" data-id=\"85b6fde\" data-element_type=\"container\">\n\t\t\t\t<div class=\"elementor-element elementor-element-55cb16b elementor-widget elementor-widget-image\" data-id=\"55cb16b\" data-element_type=\"widget\" data-widget_type=\"image.default\">\n\t\t\t\t\t\t\t\t\t\t\t\t\t\t\t<img fetchpriority=\"high\" decoding=\"async\" width=\"880\" height=\"450\" src=\"https:\/\/aymakoop.com.tr\/wp-content\/uploads\/2025\/08\/aymakoop-genel-hizmetler-1.jpg\" class=\"attachment-large size-large wp-image-11232\" alt=\"\" srcset=\"https:\/\/aymakoop.com.tr\/wp-content\/uploads\/2025\/08\/aymakoop-genel-hizmetler-1.jpg 880w, https:\/\/aymakoop.com.tr\/wp-content\/uploads\/2025\/08\/aymakoop-genel-hizmetler-1-300x153.jpg 300w, https:\/\/aymakoop.com.tr\/wp-content\/uploads\/2025\/08\/aymakoop-genel-hizmetler-1-768x393.jpg 768w, https:\/\/aymakoop.com.tr\/wp-content\/uploads\/2025\/08\/aymakoop-genel-hizmetler-1-700x358.jpg 700w\" sizes=\"(max-width: 880px) 100vw, 880px\" title=\"\">\t\t\t\t\t\t\t\t\t\t\t\t\t\t\t<\/div>\n\t\t\t\t<div class=\"elementor-element elementor-element-438f783 elementor-widget elementor-widget-text-editor\" data-id=\"438f783\" data-element_type=\"widget\" data-widget_type=\"text-editor.default\">\n\t\t\t\t\t\t\t\t\t<p>\u0412 \u043a\u043e\u043c\u043f\u043b\u0435\u043a\u0441\u0435 \u0435\u0436\u0435\u043c\u0435\u0441\u044f\u0447\u043d\u043e \u043f\u0440\u043e\u0432\u043e\u0434\u0438\u0442\u0441\u044f \u0440\u0435\u0433\u0443\u043b\u044f\u0440\u043d\u043e\u0435 \u0442\u0435\u0445\u043d\u0438\u0447\u0435\u0441\u043a\u043e\u0435 \u043e\u0431\u0441\u043b\u0443\u0436\u0438\u0432\u0430\u043d\u0438\u0435 60 \u043b\u0438\u0444\u0442\u043e\u0432, \u0430 \u043b\u044e\u0431\u044b\u0435 \u043d\u0435\u0438\u0441\u043f\u0440\u0430\u0432\u043d\u043e\u0441\u0442\u0438 \u043d\u0435\u043c\u0435\u0434\u043b\u0435\u043d\u043d\u043e \u0443\u0441\u0442\u0440\u0430\u043d\u044f\u044e\u0442\u0441\u044f \u0432 \u0440\u0430\u0431\u043e\u0447\u0435\u0435 \u0432\u0440\u0435\u043c\u044f. \u0412 \u043d\u0430\u0448\u0435\u043c \u044d\u043b\u0435\u043a\u0442\u0440\u043e\u0442\u0435\u0445\u043d\u0438\u0447\u0435\u0441\u043a\u043e\u043c \u043e\u0442\u0434\u0435\u043b\u0435 \u0440\u0430\u0431\u043e\u0442\u0430\u044e\u0442 \u0448\u0435\u0441\u0442\u044c \u0447\u0435\u043b\u043e\u0432\u0435\u043a. \u041d\u0430\u0448\u0430 \u043a\u043e\u043c\u0430\u043d\u0434\u0430 \u044d\u043b\u0435\u043a\u0442\u0440\u0438\u043a\u043e\u0432 \u043d\u0435\u043c\u0435\u0434\u043b\u0435\u043d\u043d\u043e \u0440\u0435\u0430\u0433\u0438\u0440\u0443\u0435\u0442 \u043d\u0430 \u043f\u0435\u0440\u0435\u0433\u043e\u0440\u0430\u043d\u0438\u0435 \u043f\u0440\u0435\u0434\u043e\u0445\u0440\u0430\u043d\u0438\u0442\u0435\u043b\u0435\u0439 \u0438 \u043d\u0435\u0438\u0441\u043f\u0440\u0430\u0432\u043d\u043e\u0441\u0442\u0438. \u0412 \u043d\u0430\u0448\u0435\u0439 \u0431\u0443\u0445\u0433\u0430\u043b\u0442\u0435\u0440\u0438\u0438 \u0440\u0430\u0431\u043e\u0442\u0430\u044e\u0442 \u0447\u0435\u0442\u044b\u0440\u0435 \u0447\u0435\u043b\u043e\u0432\u0435\u043a\u0430. \u0411\u0443\u0445\u0433\u0430\u043b\u0442\u0435\u0440\u0438\u044f \u0437\u0430\u043d\u0438\u043c\u0430\u0435\u0442\u0441\u044f \u0443\u043f\u043b\u0430\u0442\u043e\u0439 \u0432\u0437\u043d\u043e\u0441\u043e\u0432 \u0430\u043a\u0446\u0438\u043e\u043d\u0435\u0440\u043e\u0432, \u043f\u043e\u0434\u0433\u043e\u0442\u043e\u0432\u043a\u043e\u0439 \u043f\u0435\u0440\u0438\u043e\u0434\u0438\u0447\u0435\u0441\u043a\u0438\u0445 \u0434\u043e\u043a\u0443\u043c\u0435\u043d\u0442\u043e\u0432 \u0438 \u0432\u044b\u0441\u0442\u0430\u0432\u043b\u0435\u043d\u0438\u0435\u043c \u0441\u0447\u0435\u0442\u043e\u0432. \u0412 \u043d\u0430\u0448\u0435\u0439 \u0441\u043b\u0443\u0436\u0431\u0435 \u0431\u0435\u0437\u043e\u043f\u0430\u0441\u043d\u043e\u0441\u0442\u0438 \u0440\u0430\u0431\u043e\u0442\u0430\u0435\u0442 25 \u0447\u0435\u043b\u043e\u0432\u0435\u043a, \u0438 \u043e\u043d\u0430 \u043e\u0431\u0435\u0441\u043f\u0435\u0447\u0438\u0432\u0430\u0435\u0442 \u043a\u0440\u0443\u0433\u043b\u043e\u0441\u0443\u0442\u043e\u0447\u043d\u0443\u044e \u043e\u0445\u0440\u0430\u043d\u0443.<\/p><p>\u0412 \u043d\u0430\u0448\u0435\u043c \u0442\u0435\u0445\u043d\u0438\u0447\u0435\u0441\u043a\u043e\u043c \u043e\u0442\u0434\u0435\u043b\u0435 \u0440\u0430\u0431\u043e\u0442\u0430\u0435\u0442 \u0432\u043e\u0441\u0435\u043c\u044c \u0447\u0435\u043b\u043e\u0432\u0435\u043a. \u041d\u0430\u0448\u0430 \u0442\u0435\u0445\u043d\u0438\u0447\u0435\u0441\u043a\u0430\u044f \u043a\u043e\u043c\u0430\u043d\u0434\u0430 \u0437\u0430\u043d\u0438\u043c\u0430\u0435\u0442\u0441\u044f \u0440\u0435\u043c\u043e\u043d\u0442\u043e\u043c \u0438 \u0440\u0435\u043a\u043e\u043d\u0441\u0442\u0440\u0443\u043a\u0446\u0438\u0435\u0439 \u043c\u0435\u0441\u0442 \u043e\u0431\u0449\u0435\u0433\u043e \u043f\u043e\u043b\u044c\u0437\u043e\u0432\u0430\u043d\u0438\u044f. \u0412 \u043d\u0430\u0448\u0435\u043c \u043a\u043b\u0438\u043d\u0438\u043d\u0433\u043e\u0432\u043e\u043c \u043e\u0442\u0434\u0435\u043b\u0435 \u0440\u0430\u0431\u043e\u0442\u0430\u0435\u0442 \u043e\u0434\u0438\u043d\u043d\u0430\u0434\u0446\u0430\u0442\u044c \u0447\u0435\u043b\u043e\u0432\u0435\u043a. \u041d\u0430\u0448\u0438 \u043a\u043b\u0438\u043d\u0438\u043d\u0433\u043e\u0432\u044b\u0435 \u0431\u0440\u0438\u0433\u0430\u0434\u044b \u0435\u0436\u0435\u0434\u043d\u0435\u0432\u043d\u043e \u043f\u043e\u0434\u043c\u0435\u0442\u0430\u044e\u0442 \u0443\u043b\u0438\u0446\u044b \u0438 \u043f\u0435\u0440\u0435\u0443\u043b\u043a\u0438 \u043a\u043e\u043c\u043f\u043b\u0435\u043a\u0441\u0430, \u0442\u0440\u0438 \u0440\u0430\u0437\u0430 \u0432 \u043d\u0435\u0434\u0435\u043b\u044e \u043c\u043e\u044e\u0442 \u0440\u0430\u043a\u043e\u0432\u0438\u043d\u044b \u0432 \u043c\u0435\u0441\u0442\u0430\u0445 \u043e\u0431\u0449\u0435\u0433\u043e \u043f\u043e\u043b\u044c\u0437\u043e\u0432\u0430\u043d\u0438\u044f, \u0430 \u0442\u0430\u043a\u0436\u0435 \u0440\u0430\u0437 \u0432 \u043d\u0435\u0434\u0435\u043b\u044e \u0443\u0431\u0438\u0440\u0430\u044e\u0442 \u0438 \u043e\u0431\u0441\u043b\u0443\u0436\u0438\u0432\u0430\u044e\u0442 \u0432\u0441\u0435 \u043a\u043e\u0440\u043f\u0443\u0441\u0430.<\/p>\t\t\t\t\t\t\t\t<\/div>\n\t\t\t\t<\/div>\n\t\t\t\t\t<\/div>\n\t\t\t\t<\/div>\n\t\t\t\t<\/div>","protected":false},"excerpt":{"rendered":"<p>Site i\u00e7erisindeki toplam 60 adet asans\u00f6r\u00fcn periyodik bak\u0131m\u0131 her ay yap\u0131lmakta, ar\u0131zalara mesai saatleri i\u00e7erisinde an\u0131nda m\u00fcdahale edilmektedir. Elektrik birimimizde toplam 6 personel istihdam edilmektedir. Elektrik ekibimiz sigorta at\u0131m\u0131 ve ar\u0131zalara an\u0131nda m\u00fcdahale etmektedir. Muhasebe birimimizde toplam 4 personel istihdam edilmektedir. Muhasebe ekibimiz ortaklar\u0131n aidatlar\u0131n\u0131, periyodik evraklar\u0131n haz\u0131rl\u0131klar\u0131n\u0131 ve faturaland\u0131rma i\u015flemlerini yapmaktad\u0131r. G\u00fcvenlik birimimizde toplam [&hellip;]<\/p>","protected":false},"author":1,"featured_media":0,"parent":0,"menu_order":0,"comment_status":"closed","ping_status":"closed","template":"","meta":{"footnotes":""},"class_list":["post-10864","page","type-page","status-publish","hentry"],"_links":{"self":[{"href":"https:\/\/aymakoop.com.tr\/ru\/wp-json\/wp\/v2\/pages\/10864","targetHints":{"allow":["GET"]}}],"collection":[{"href":"https:\/\/aymakoop.com.tr\/ru\/wp-json\/wp\/v2\/pages"}],"about":[{"href":"https:\/\/aymakoop.com.tr\/ru\/wp-json\/wp\/v2\/types\/page"}],"author":[{"embeddable":true,"href":"https:\/\/aymakoop.com.tr\/ru\/wp-json\/wp\/v2\/users\/1"}],"replies":[{"embeddable":true,"href":"https:\/\/aymakoop.com.tr\/ru\/wp-json\/wp\/v2\/comments?post=10864"}],"version-history":[{"count":1,"href":"https:\/\/aymakoop.com.tr\/ru\/wp-json\/wp\/v2\/pages\/10864\/revisions"}],"predecessor-version":[{"id":15564,"href":"https:\/\/aymakoop.com.tr\/ru\/wp-json\/wp\/v2\/pages\/10864\/revisions\/15564"}],"wp:attachment":[{"href":"https:\/\/aymakoop.com.tr\/ru\/wp-json\/wp\/v2\/media?parent=10864"}],"curies":[{"name":"wp","href":"https:\/\/api.w.org\/{rel}","templated":true}]}}