{"id":10677,"date":"2025-08-19T17:58:11","date_gmt":"2025-08-19T14:58:11","guid":{"rendered":"https:\/\/aymakoop.com.tr\/?page_id=10677"},"modified":"2025-09-02T10:01:16","modified_gmt":"2025-09-02T07:01:16","slug":"%d0%b2%d0%b8%d0%b4%d0%b5%d0%bd%d0%b8%d0%b5-%d0%bc%d0%b8%d1%81%d1%81%d0%b8%d0%b8","status":"publish","type":"page","link":"https:\/\/aymakoop.com.tr\/ru\/%d0%b2%d0%b8%d0%b4%d0%b5%d0%bd%d0%b8%d0%b5-%d0%bc%d0%b8%d1%81%d1%81%d0%b8%d0%b8\/","title":{"rendered":"\u041c\u0438\u0441\u0441\u0438\u044f \u0438 \u0432\u0438\u0434\u0435\u043d\u0438\u0435"},"content":{"rendered":"<div data-elementor-type=\"wp-page\" data-elementor-id=\"10677\" class=\"elementor elementor-10677\">\n\t\t\t\t<div class=\"elementor-element elementor-element-bae33c8 yazikapsa e-flex e-con-boxed e-con e-parent\" data-id=\"bae33c8\" data-element_type=\"container\">\n\t\t\t\t\t<div class=\"e-con-inner\">\n\t\t<div class=\"elementor-element elementor-element-ca76a35 e-con-full e-flex e-con e-child\" data-id=\"ca76a35\" data-element_type=\"container\">\n\t\t\t\t<div class=\"elementor-element elementor-element-2b5abf9 elementor-widget elementor-widget-sidebar\" data-id=\"2b5abf9\" data-element_type=\"widget\" data-widget_type=\"sidebar.default\">\n\t\t\t\t\t<section id=\"nav_menu-3\" class=\"widget-container widget_nav_menu\"><div class=\"menu-sidebar-container\"><ul id=\"menu-sidebar\" class=\"menu\"><li id=\"menu-item-10746\" class=\"menu-item menu-item-type-post_type menu-item-object-page menu-item-10746\"><a href=\"https:\/\/aymakoop.com.tr\/ru\/%d0%b2%d0%b8%d0%b4%d0%b5%d0%bd%d0%b8%d0%b5-%d0%bc%d0%b8%d1%81%d1%81%d0%b8%d0%b8\/\">\u041c\u0438\u0441\u0441\u0438\u044f \u0438 \u0432\u0438\u0434\u0435\u043d\u0438\u0435<\/a><\/li>\n<li id=\"menu-item-10793\" class=\"menu-item menu-item-type-post_type menu-item-object-page menu-item-10793\"><a href=\"https:\/\/aymakoop.com.tr\/ru\/%d1%81%d0%be%d0%b2%d0%b5%d1%82-%d0%b4%d0%b8%d1%80%d0%b5%d0%ba%d1%82%d0%be%d1%80%d0%be%d0%b2\/\">\u0441\u043e\u0432\u0435\u0442 \u0434\u0438\u0440\u0435\u043a\u0442\u043e\u0440\u043e\u0432<\/a><\/li>\n<li id=\"menu-item-10803\" class=\"menu-item menu-item-type-post_type menu-item-object-page menu-item-10803\"><a href=\"https:\/\/aymakoop.com.tr\/ru\/%d0%be%d1%80%d0%b3%d0%b0%d0%bd%d0%b8%d0%b7%d0%b0%d1%86%d0%b8%d0%be%d0%bd%d0%bd%d0%b0%d1%8f-%d1%81%d1%82%d1%80%d1%83%d0%ba%d1%82%d1%83%d1%80%d0%b0\/\">\u041e\u0440\u0433\u0430\u043d\u0438\u0437\u0430\u0446\u0438\u043e\u043d\u043d\u0430\u044f \u0441\u0442\u0440\u0443\u043a\u0442\u0443\u0440\u0430<\/a><\/li>\n<li id=\"menu-item-10694\" class=\"menu-item menu-item-type-custom menu-item-object-custom menu-item-10694\"><a href=\"#\">\u0413\u0435\u043d\u0435\u0440\u0430\u043b\u044c\u043d\u0430\u044f \u0410\u0441\u0441\u0430\u043c\u0431\u043b\u0435\u044f<\/a><\/li>\n<li id=\"menu-item-10698\" class=\"menu-item menu-item-type-custom menu-item-object-custom menu-item-10698\"><a href=\"#\">\u041a\u0430\u0440\u0442\u0438\u043d\u043d\u0430\u044f \u0433\u0430\u043b\u0435\u0440\u0435\u044f<\/a><\/li>\n<li id=\"menu-item-11141\" class=\"menu-item menu-item-type-post_type menu-item-object-page menu-item-11141\"><a href=\"https:\/\/aymakoop.com.tr\/ru\/%d1%82%d0%b5%d0%ba%d1%83%d1%89%d0%b8%d0%b5-%d0%be%d0%b1%d1%8a%d1%8f%d0%b2%d0%bb%d0%b5%d0%bd%d0%b8%d1%8f\/\">\u0422\u0435\u043a\u0443\u0449\u0438\u0435 \u043e\u0431\u044a\u044f\u0432\u043b\u0435\u043d\u0438\u044f<\/a><\/li>\n<li id=\"menu-item-11140\" class=\"menu-item menu-item-type-post_type menu-item-object-page menu-item-11140\"><a href=\"https:\/\/aymakoop.com.tr\/ru\/%d0%bd%d0%be%d0%b2%d0%be%d1%81%d1%82%d0%b8\/\">\u041d\u043e\u0432\u043e\u0441\u0442\u0438<\/a><\/li>\n<li id=\"menu-item-10850\" class=\"menu-item menu-item-type-post_type menu-item-object-page menu-item-10850\"><a href=\"https:\/\/aymakoop.com.tr\/ru\/%d0%bc%d0%b8%d1%80%d0%be%d0%b2%d0%b0%d1%8f-%d0%be%d0%b1%d1%83%d0%b2%d0%bd%d0%b0%d1%8f-%d0%b8%d0%bd%d0%b4%d1%83%d1%81%d1%82%d1%80%d0%b8%d1%8f\/\">\u041e\u0431\u0443\u0432\u043d\u0430\u044f \u043f\u0440\u043e\u043c\u044b\u0448\u043b\u0435\u043d\u043d\u043e\u0441\u0442\u044c \u0432 \u043c\u0438\u0440\u0435<\/a><\/li>\n<li id=\"menu-item-10863\" class=\"menu-item menu-item-type-post_type menu-item-object-page menu-item-10863\"><a href=\"https:\/\/aymakoop.com.tr\/ru\/%d0%b8%d0%bd%d1%84%d0%be%d1%80%d0%bc%d0%b0%d1%86%d0%b8%d1%8f-%d0%be%d0%b1-%d0%b8%d0%bd%d1%84%d1%80%d0%b0%d1%81%d1%82%d1%80%d1%83%d0%ba%d1%82%d1%83%d1%80%d0%b5\/\">\u0418\u043d\u0444\u043e\u0440\u043c\u0430\u0446\u0438\u044f \u043e\u0431 \u0438\u043d\u0444\u0440\u0430\u0441\u0442\u0440\u0443\u043a\u0442\u0443\u0440\u0435<\/a><\/li>\n<li id=\"menu-item-10844\" class=\"menu-item menu-item-type-post_type menu-item-object-page menu-item-10844\"><a href=\"https:\/\/aymakoop.com.tr\/ru\/%d0%bd%d0%b0%d1%88%d0%b8-%d0%bd%d0%b0%d0%b3%d1%80%d0%b0%d0%b4%d1%8b\/\">\u041d\u0430\u0448\u0438 \u043d\u0430\u0433\u0440\u0430\u0434\u044b<\/a><\/li>\n<li id=\"menu-item-10896\" class=\"menu-item menu-item-type-post_type menu-item-object-page menu-item-10896\"><a href=\"https:\/\/aymakoop.com.tr\/ru\/%d0%bd%d0%b0%d1%88%d0%b8-%d0%b4%d0%be%d0%ba%d1%83%d0%bc%d0%b5%d0%bd%d1%82%d1%8b-%d1%81%d0%b5%d1%80%d1%82%d0%b8%d1%84%d0%b8%d0%ba%d0%b0%d1%82%d1%8b\/\">\u041d\u0430\u0448\u0438 \u0434\u043e\u043a\u0443\u043c\u0435\u043d\u0442\u044b \u0438 \u0441\u0435\u0440\u0442\u0438\u0444\u0438\u043a\u0430\u0442\u044b<\/a><\/li>\n<li id=\"menu-item-10920\" class=\"menu-item menu-item-type-post_type menu-item-object-page menu-item-10920\"><a href=\"https:\/\/aymakoop.com.tr\/ru\/%d1%84%d0%be%d1%80%d0%bc%d1%8b-%d0%b7%d0%b0%d1%8f%d0%b2%d0%bb%d0%b5%d0%bd%d0%b8%d0%b9\/\">\u0424\u043e\u0440\u043c\u044b \u0437\u0430\u044f\u0432\u043b\u0435\u043d\u0438\u0439<\/a><\/li>\n<li id=\"menu-item-10956\" class=\"menu-item menu-item-type-post_type menu-item-object-page menu-item-10956\"><a href=\"https:\/\/aymakoop.com.tr\/ru\/%d0%bc%d1%8b-%d0%b2-%d0%bd%d0%b0%d1%87%d0%b0%d0%bb%d0%b5-%d0%bf%d1%83%d1%82%d0%b8\/\">\u041c\u044b \u0432 \u043f\u0440\u0435\u0441\u0441\u0435<\/a><\/li>\n<li id=\"menu-item-11632\" class=\"menu-item menu-item-type-post_type menu-item-object-page menu-item-11632\"><a href=\"https:\/\/aymakoop.com.tr\/ru\/%d0%ba%d0%b0%d1%82%d0%b0%d0%bb%d0%be%d0%b3-%d0%ba%d0%be%d0%bc%d0%bf%d0%b0%d0%bd%d0%b8%d0%b9-%d0%bf%d0%be-%d0%ba%d0%b0%d1%82%d0%b5%d0%b3%d0%be%d1%80%d0%b8%d1%8f%d0%bc\/\">\u041a\u0430\u0442\u0430\u043b\u043e\u0433 \u043a\u043e\u043c\u043f\u0430\u043d\u0438\u0439 \u0431\u0435\u0437 \u0440\u0443\u0431\u0440\u0438\u043a\u0438<\/a><\/li>\n<li id=\"menu-item-11633\" class=\"menu-item menu-item-type-post_type menu-item-object-page menu-item-11633\"><a href=\"https:\/\/aymakoop.com.tr\/ru\/%d0%b0%d0%bb%d1%84%d0%b0%d0%b2%d0%b8%d1%82%d0%bd%d1%8b%d0%b9-%d1%81%d0%bf%d1%80%d0%b0%d0%b2%d0%be%d1%87%d0%bd%d0%b8%d0%ba-%d0%ba%d0%be%d0%bc%d0%bf%d0%b0%d0%bd%d0%b8%d0%b9\/\">\u0410\u043b\u0444\u0430\u0432\u0438\u0442\u043d\u044b\u0439 \u0441\u043f\u0440\u0430\u0432\u043e\u0447\u043d\u0438\u043a \u043a\u043e\u043c\u043f\u0430\u043d\u0438\u0439<\/a><\/li>\n<\/ul><\/div><\/section>\t\t\t\t<\/div>\n\t\t\t\t<\/div>\n\t\t<div class=\"elementor-element elementor-element-85b6fde e-con-full e-flex e-con e-child\" data-id=\"85b6fde\" data-element_type=\"container\">\n\t\t\t\t<div class=\"elementor-element elementor-element-438f783 elementor-widget elementor-widget-text-editor\" data-id=\"438f783\" data-element_type=\"widget\" data-widget_type=\"text-editor.default\">\n\t\t\t\t\t\t\t\t\t<h2><strong>\u041d\u0410\u0428\u0415 \u0412\u0418\u0414\u0415\u041d\u0418\u0415<\/strong><\/h2><p>\u041f\u0440\u0435\u0434\u043e\u0441\u0442\u0430\u0432\u043b\u044f\u0442\u044c \u043f\u0440\u043e\u0437\u0440\u0430\u0447\u043d\u044b\u0435 \u0443\u0441\u043b\u0443\u0433\u0438 \u0432 \u0441\u043e\u043e\u0442\u0432\u0435\u0442\u0441\u0442\u0432\u0438\u0438 \u0441 \u043e\u0431\u0449\u0435\u043f\u0440\u0438\u0437\u043d\u0430\u043d\u043d\u044b\u043c\u0438 \u043d\u0430 \u043d\u0430\u0446\u0438\u043e\u043d\u0430\u043b\u044c\u043d\u043e\u043c \u0438 \u043c\u0435\u0436\u0434\u0443\u043d\u0430\u0440\u043e\u0434\u043d\u043e\u043c \u0443\u0440\u043e\u0432\u043d\u0435 \u0446\u0435\u043d\u043d\u043e\u0441\u0442\u044f\u043c\u0438 \u0438 \u0441\u0442\u0430\u043d\u0434\u0430\u0440\u0442\u0430\u043c\u0438, \u0443\u0447\u0438\u0442\u044b\u0432\u0430\u044f \u043f\u0440\u0438 \u044d\u0442\u043e\u043c \u0443\u0434\u043e\u0432\u043b\u0435\u0442\u0432\u043e\u0440\u0435\u043d\u043d\u043e\u0441\u0442\u044c \u043a\u043b\u0438\u0435\u043d\u0442\u043e\u0432 \u0432\u043e \u0432\u0441\u0435\u0445 \u043d\u0430\u0448\u0438\u0445 \u0434\u0435\u0439\u0441\u0442\u0432\u0438\u044f\u0445; \u0431\u044b\u0442\u044c \u0446\u0435\u043d\u0442\u0440\u043e\u043c, \u0433\u0434\u0435 \u0432\u0441\u0435 \u043f\u0440\u043e\u0438\u0437\u0432\u043e\u0434\u0438\u0442\u0435\u043b\u0438 \u043e\u0431\u0443\u0432\u0438 \u0438 \u043e\u043f\u0442\u043e\u0432\u0438\u043a\u0438 \u0432 \u0422\u0443\u0440\u0446\u0438\u0438 \u043c\u043e\u0433\u0443\u0442 \u0443\u0434\u043e\u0432\u043b\u0435\u0442\u0432\u043e\u0440\u0438\u0442\u044c \u0432\u0441\u0435 \u0441\u0432\u043e\u0438 \u043f\u043e\u0442\u0440\u0435\u0431\u043d\u043e\u0441\u0442\u0438, \u0438 \u0431\u044b\u0442\u044c \u043e\u0440\u0438\u0435\u043d\u0442\u0438\u0440\u043e\u0432\u0430\u043d\u043d\u044b\u043c\u0438 \u043d\u0430 \u0440\u0435\u0448\u0435\u043d\u0438\u0435 \u0437\u0430\u0434\u0430\u0447, \u043d\u0430\u0448\u0438\u0445 \u0441\u043e\u0442\u0440\u0443\u0434\u043d\u0438\u043a\u043e\u0432 \u0438 \u043f\u0440\u0435\u0434\u043e\u0441\u0442\u0430\u0432\u043b\u044f\u0435\u043c\u044b\u0445 \u043d\u0430\u043c\u0438 \u0443\u0441\u043b\u0443\u0433.<\/p><p>\u041d\u0430\u0448\u0430 \u0446\u0435\u043b\u044c \u2014 \u0441\u043e\u0437\u0434\u0430\u0442\u044c \u0443 \u043d\u0430\u0448\u0438\u0445 \u043a\u043b\u0438\u0435\u043d\u0442\u043e\u0432 \u043f\u0440\u0435\u0434\u0441\u0442\u0430\u0432\u043b\u0435\u043d\u0438\u0435 \u043e \u0442\u043e\u043c, \u0447\u0442\u043e \u043e\u043d\u0438 \u043e\u0442\u043b\u0438\u0447\u0430\u044e\u0442\u0441\u044f \u043e\u0442 \u0434\u0440\u0443\u0433\u0438\u0445, \u0434\u043e\u0431\u0430\u0432\u043b\u044f\u044f \u0446\u0435\u043d\u043d\u043e\u0441\u0442\u044c \u043f\u0440\u0435\u0434\u043e\u0441\u0442\u0430\u0432\u043b\u044f\u0435\u043c\u044b\u043c \u043d\u0430\u043c\u0438 \u0443\u0441\u043b\u0443\u0433\u0430\u043c \u0438 \u043f\u043e\u0434\u0447\u0435\u0440\u043a\u0438\u0432\u0430\u044f \u043d\u0430\u0448\u0435 \u043e\u0442\u043b\u0438\u0447\u0438\u0435 \u043e\u0442 \u0434\u0440\u0443\u0433\u0438\u0445 \u0441\u0430\u0439\u0442\u043e\u0432, \u0441\u043e\u0437\u0434\u0430\u0432\u0430\u044f \u0431\u043e\u043b\u0435\u0435 \u043e\u0440\u0433\u0430\u043d\u0438\u0437\u043e\u0432\u0430\u043d\u043d\u0443\u044e \u0438 \u043a\u043e\u043c\u0444\u043e\u0440\u0442\u043d\u0443\u044e \u0440\u0430\u0431\u043e\u0447\u0443\u044e \u0441\u0440\u0435\u0434\u0443 \u0438 \u0440\u0430\u0431\u043e\u0442\u0430\u044f \u043f\u043e\u0434 \u0434\u0435\u0432\u0438\u0437\u043e\u043c \u00ab\u0431\u044b\u0441\u0442\u0440\u043e\u0435, \u043a\u043e\u043c\u043f\u043b\u0435\u043a\u0441\u043d\u043e\u0435 \u043e\u0431\u0441\u043b\u0443\u0436\u0438\u0432\u0430\u043d\u0438\u0435\u00bb, \u0432\u044b\u043f\u043e\u043b\u043d\u044f\u044f \u0432\u0441\u0435 \u0437\u0430\u043f\u0440\u043e\u0441\u044b \u0432 \u043a\u0440\u0430\u0442\u0447\u0430\u0439\u0448\u0438\u0435 \u0441\u0440\u043e\u043a\u0438, \u0438\u0441\u043f\u043e\u043b\u044c\u0437\u0443\u044f \u043d\u0430\u0448 \u043f\u043e\u0434\u0445\u043e\u0434 \u043a \u043f\u0440\u043e\u0431\u043b\u0435\u043c\u0430\u043c \u0438 \u043f\u043e\u0434\u0445\u043e\u0434 \u043d\u0430\u0448\u0438\u0445 \u0441\u043e\u0442\u0440\u0443\u0434\u043d\u0438\u043a\u043e\u0432, \u043e\u0440\u0438\u0435\u043d\u0442\u0438\u0440\u043e\u0432\u0430\u043d\u043d\u044b\u0439 \u043d\u0430 \u0440\u0435\u0448\u0435\u043d\u0438\u0435.<\/p><h2><strong>\u041d\u0410\u0428\u0410 \u041c\u0418\u0421\u0421\u0418\u042f<\/strong><\/h2><p>\u0412 \u043a\u0430\u0436\u0434\u043e\u043c \u043f\u043e\u0434\u0440\u0430\u0437\u0434\u0435\u043b\u0435\u043d\u0438\u0438 \u043d\u0430\u0448\u0435\u0433\u043e \u043a\u043e\u043e\u043f\u0435\u0440\u0430\u0442\u0438\u0432\u0430 \u043d\u0430\u0448\u0430 \u043c\u0438\u0441\u0441\u0438\u044f \u0441\u043e\u0441\u0442\u043e\u0438\u0442 \u0432 \u0442\u043e\u043c, \u0447\u0442\u043e\u0431\u044b \u043f\u0440\u0435\u0434\u043e\u0441\u0442\u0430\u0432\u043b\u044f\u0442\u044c \u043d\u0430\u0448\u0438\u043c \u043f\u0430\u0440\u0442\u043d\u0435\u0440\u0430\u043c \u0438 \u043a\u043e\u043c\u043f\u0430\u043d\u0438\u044f\u043c, \u0440\u0430\u0431\u043e\u0442\u0430\u044e\u0449\u0438\u043c \u043d\u0430 \u043f\u043b\u043e\u0449\u0430\u0434\u043a\u0435, \u0441\u0430\u043c\u043e\u0435 \u0431\u044b\u0441\u0442\u0440\u043e\u0435 \u0438 \u0441\u043e\u0432\u0435\u0440\u0448\u0435\u043d\u043d\u043e\u0435 \u043e\u0431\u0441\u043b\u0443\u0436\u0438\u0432\u0430\u043d\u0438\u0435 \u0438 \u0438\u043d\u0444\u043e\u0440\u043c\u0430\u0446\u0438\u044e, \u043e\u0442\u0432\u0435\u0447\u0430\u044e\u0449\u0443\u044e \u0438\u0445 \u043f\u043e\u0442\u0440\u0435\u0431\u043d\u043e\u0441\u0442\u044f\u043c, \u0432 \u043a\u0440\u0430\u0442\u0447\u0430\u0439\u0448\u0438\u0435 \u0441\u0440\u043e\u043a\u0438, \u043c\u0430\u043a\u0441\u0438\u043c\u0430\u043b\u044c\u043d\u043e \u043a\u043e\u043c\u043f\u0435\u0442\u0435\u043d\u0442\u043d\u044b\u043c, \u0432\u043d\u0438\u043c\u0430\u0442\u0435\u043b\u044c\u043d\u044b\u043c \u0438 \u043f\u0440\u043e\u0444\u0435\u0441\u0441\u0438\u043e\u043d\u0430\u043b\u044c\u043d\u044b\u043c \u043e\u0431\u0440\u0430\u0437\u043e\u043c, \u0438\u0441\u043f\u043e\u043b\u044c\u0437\u0443\u044f \u0432\u0441\u0435 \u0432\u043e\u0437\u043c\u043e\u0436\u043d\u043e\u0441\u0442\u0438 \u0440\u0430\u0437\u0432\u0438\u0432\u0430\u044e\u0449\u0438\u0445\u0441\u044f \u0442\u0435\u0445\u043d\u043e\u043b\u043e\u0433\u0438\u0439, \u0441 \u0432\u0435\u0436\u043b\u0438\u0432\u044b\u043c, \u0447\u0438\u0441\u0442\u044b\u043c \u0438 \u0434\u0440\u0443\u0436\u0435\u043b\u044e\u0431\u043d\u044b\u043c \u043f\u0435\u0440\u0441\u043e\u043d\u0430\u043b\u043e\u043c.<\/p>\t\t\t\t\t\t\t\t<\/div>\n\t\t\t\t<\/div>\n\t\t\t\t\t<\/div>\n\t\t\t\t<\/div>\n\t\t\t\t<\/div>","protected":false},"excerpt":{"rendered":"<p>V\u0130ZYONUMUZ T\u00fcm faaliyetlerimizde m\u00fc\u015fteri memnuniyetini g\u00f6z \u00f6n\u00fcnde tutarak ulusal ve uluslararas\u0131 kabul edilmi\u015f de\u011fer ve standartlara uygun \u015feffaf bir hizmet sunmak; T\u00fcrkiye&#8217;deki t\u00fcm ayakkab\u0131 imalat ve toptanc\u0131lar\u0131n\u0131n her t\u00fcrl\u00fc ihtiyac\u0131n\u0131 kar\u015f\u0131layabilece\u011fi bir merkez olmak, konulara yakla\u015f\u0131m\u0131m\u0131zla, personellerimizle ve verdi\u011fimiz hizmetle \u00e7\u00f6z\u00fcm odakl\u0131 olmak. Verdi\u011fimiz hizmete de\u011fer katarak m\u00fc\u015fterimizin farkl\u0131 oldu\u011fu imaj\u0131n\u0131 yaratmak ve di\u011fer sitelerden [&hellip;]<\/p>","protected":false},"author":1,"featured_media":0,"parent":0,"menu_order":0,"comment_status":"closed","ping_status":"closed","template":"","meta":{"footnotes":""},"class_list":["post-10677","page","type-page","status-publish","hentry"],"_links":{"self":[{"href":"https:\/\/aymakoop.com.tr\/ru\/wp-json\/wp\/v2\/pages\/10677","targetHints":{"allow":["GET"]}}],"collection":[{"href":"https:\/\/aymakoop.com.tr\/ru\/wp-json\/wp\/v2\/pages"}],"about":[{"href":"https:\/\/aymakoop.com.tr\/ru\/wp-json\/wp\/v2\/types\/page"}],"author":[{"embeddable":true,"href":"https:\/\/aymakoop.com.tr\/ru\/wp-json\/wp\/v2\/users\/1"}],"replies":[{"embeddable":true,"href":"https:\/\/aymakoop.com.tr\/ru\/wp-json\/wp\/v2\/comments?post=10677"}],"version-history":[{"count":1,"href":"https:\/\/aymakoop.com.tr\/ru\/wp-json\/wp\/v2\/pages\/10677\/revisions"}],"predecessor-version":[{"id":15482,"href":"https:\/\/aymakoop.com.tr\/ru\/wp-json\/wp\/v2\/pages\/10677\/revisions\/15482"}],"wp:attachment":[{"href":"https:\/\/aymakoop.com.tr\/ru\/wp-json\/wp\/v2\/media?parent=10677"}],"curies":[{"name":"wp","href":"https:\/\/api.w.org\/{rel}","templated":true}]}}