{"id":11400,"date":"2025-08-25T09:51:06","date_gmt":"2025-08-25T06:51:06","guid":{"rendered":"https:\/\/aymakoop.com.tr\/?page_id=11400"},"modified":"2025-08-26T15:33:26","modified_gmt":"2025-08-26T12:33:26","slug":"confidentiality-agreement","status":"publish","type":"page","link":"https:\/\/aymakoop.com.tr\/en\/confidentiality-agreement\/","title":{"rendered":"Privacy Policy"},"content":{"rendered":"<div data-elementor-type=\"wp-page\" data-elementor-id=\"11400\" class=\"elementor elementor-11400\">\n\t\t\t\t<div class=\"elementor-element elementor-element-bae33c8 yazikapsa e-flex e-con-boxed e-con e-parent\" data-id=\"bae33c8\" data-element_type=\"container\">\n\t\t\t\t\t<div class=\"e-con-inner\">\n\t\t<div class=\"elementor-element elementor-element-ca76a35 e-con-full e-flex e-con e-child\" data-id=\"ca76a35\" data-element_type=\"container\">\n\t\t\t\t<div class=\"elementor-element elementor-element-2b5abf9 elementor-widget elementor-widget-sidebar\" data-id=\"2b5abf9\" data-element_type=\"widget\" data-widget_type=\"sidebar.default\">\n\t\t\t\t\t<section id=\"nav_menu-3\" class=\"widget-container widget_nav_menu\"><div class=\"menu-sidebar-container\"><ul id=\"menu-sidebar\" class=\"menu\"><li id=\"menu-item-10746\" class=\"menu-item menu-item-type-post_type menu-item-object-page menu-item-10746\"><a href=\"https:\/\/aymakoop.com.tr\/en\/mission-vision\/\">Mission &amp; Vision<\/a><\/li>\n<li id=\"menu-item-10793\" class=\"menu-item menu-item-type-post_type menu-item-object-page menu-item-10793\"><a href=\"https:\/\/aymakoop.com.tr\/en\/board-of-directors\/\">Board of Directors<\/a><\/li>\n<li id=\"menu-item-10803\" class=\"menu-item menu-item-type-post_type menu-item-object-page menu-item-10803\"><a href=\"https:\/\/aymakoop.com.tr\/en\/organizational-chart\/\">Organization Chart<\/a><\/li>\n<li id=\"menu-item-10694\" class=\"menu-item menu-item-type-custom menu-item-object-custom menu-item-10694\"><a href=\"#\">General Assembly<\/a><\/li>\n<li id=\"menu-item-10698\" class=\"menu-item menu-item-type-custom menu-item-object-custom menu-item-10698\"><a href=\"#\">Picture Gallery<\/a><\/li>\n<li id=\"menu-item-11141\" class=\"menu-item menu-item-type-post_type menu-item-object-page menu-item-11141\"><a href=\"https:\/\/aymakoop.com.tr\/en\/current-announcements\/\">Current Announcements<\/a><\/li>\n<li id=\"menu-item-11140\" class=\"menu-item menu-item-type-post_type menu-item-object-page menu-item-11140\"><a href=\"https:\/\/aymakoop.com.tr\/en\/news\/\">News<\/a><\/li>\n<li id=\"menu-item-10850\" class=\"menu-item menu-item-type-post_type menu-item-object-page menu-item-10850\"><a href=\"https:\/\/aymakoop.com.tr\/en\/the-global-shoe-industry\/\">The Shoe Industry in the World<\/a><\/li>\n<li id=\"menu-item-10863\" class=\"menu-item menu-item-type-post_type menu-item-object-page menu-item-10863\"><a href=\"https:\/\/aymakoop.com.tr\/en\/infrastructure-information\/\">Infrastructure Information<\/a><\/li>\n<li id=\"menu-item-10844\" class=\"menu-item menu-item-type-post_type menu-item-object-page menu-item-10844\"><a href=\"https:\/\/aymakoop.com.tr\/en\/our-awards\/\">Our awards<\/a><\/li>\n<li id=\"menu-item-10896\" class=\"menu-item menu-item-type-post_type menu-item-object-page menu-item-10896\"><a href=\"https:\/\/aymakoop.com.tr\/en\/our-documents-certificates\/\">Our Documents &amp; Certificates<\/a><\/li>\n<li id=\"menu-item-10920\" class=\"menu-item menu-item-type-post_type menu-item-object-page menu-item-10920\"><a href=\"https:\/\/aymakoop.com.tr\/en\/application-forms\/\">Application Forms<\/a><\/li>\n<li id=\"menu-item-10956\" class=\"menu-item menu-item-type-post_type menu-item-object-page menu-item-10956\"><a href=\"https:\/\/aymakoop.com.tr\/en\/we-are-at-the-beginning\/\">We in the Press<\/a><\/li>\n<li id=\"menu-item-11632\" class=\"menu-item menu-item-type-post_type menu-item-object-page menu-item-11632\"><a href=\"https:\/\/aymakoop.com.tr\/en\/categorized-company-directory\/\">Uncategorized Company Directory<\/a><\/li>\n<li id=\"menu-item-11633\" class=\"menu-item menu-item-type-post_type menu-item-object-page menu-item-11633\"><a href=\"https:\/\/aymakoop.com.tr\/en\/alphabetical-company-directory\/\">Alphabetical Company Directory<\/a><\/li>\n<\/ul><\/div><\/section>\t\t\t\t<\/div>\n\t\t\t\t<\/div>\n\t\t<div class=\"elementor-element elementor-element-85b6fde e-con-full e-flex e-con e-child\" data-id=\"85b6fde\" data-element_type=\"container\">\n\t\t\t\t<div class=\"elementor-element elementor-element-438f783 elementor-widget elementor-widget-text-editor\" data-id=\"438f783\" data-element_type=\"widget\" data-widget_type=\"text-editor.default\">\n\t\t\t\t\t\t\t\t\t<h3><strong>LEGAL WARNING<\/strong><\/h3><p>This site is owned and operated by SS AYMAKOOP SHOES AND SUBSIDIARY INDUSTRY ENTERPRISE COOPERATIVE. All documents on the Aymakoop ENTRY Cooperative website are the property of AYMAKOOP ENTRY COOPERATIVE. You may not modify, copy, reproduce, republish, upload to another computer, post, transmit, or distribute any of the material on this site, including code and software. Notwithstanding the foregoing, you may print pages from this site for your personal use.<\/p><h3><strong>SECURITY<\/strong><\/h3><p>All information on the Aymakoop Business Cooperative website is for promotional and informational purposes only. Users may not claim that the information on the website is inaccurate or that they have suffered any damages as a result of such information. Users agree that they are responsible for obtaining definitive and reliable information from Aymakoop Business Cooperative when they intend to conduct a transaction based on the information. Aymakoop Business Cooperative assumes no liability whatsoever for outdated information published on the website.<\/p><p>If a criminal complaint or official investigation request is made against the user by official authorities and\/or if it is determined that the user has committed any electronic sabotage or attack that would prevent or alter the operation of Aymakoop Business Cooperative systems, Aymakoop Business Cooperative has the right to investigate the user&#039;s identity information and notify the legal authorities.<\/p><p>Aymakoop Business Cooperative website reserves the right to change, renew, or cancel any provision of the &quot;Terms of Use&quot; without notice. Any changed, renewed, or repealed provision will be effective for all users as of the date of publication.<\/p>\t\t\t\t\t\t\t\t<\/div>\n\t\t\t\t<\/div>\n\t\t\t\t\t<\/div>\n\t\t\t\t<\/div>\n\t\t\t\t<\/div>","protected":false},"excerpt":{"rendered":"<p>YASAL UYARI Bu sitenin sahibi ve y\u00fcr\u00fct\u00fcc\u00fcs\u00fc S.S AYMAKOOP AYAKKABI VE YAN SANAY\u0130 \u0130\u015eLETME KOOPERAT\u0130F\u0130 &#8216;d\u0130r. Aymakoop \u0130\u015eLETME Kooperatifi internet sitesindeki t\u00fcm dok\u00fcmanlar AYMAKOOP \u0130\u015eLETME KOOPERAT\u0130F\u0130N\u0130N m\u00fclkiyetindedir. Kod ve yaz\u0131l\u0131m da dahil olmak \u00fczere, bu sitedeki hi\u00e7 bir malzemeyi de\u011fi\u015ftiremez, kopyalayamaz, \u00e7o\u011faltamaz, yeniden yay\u0131mlayamaz, ba\u015fka bir bilgisayara y\u00fckleyemez, postalayamaz, iletemez ya da da\u011f\u0131tamazs\u0131n\u0131z. Yukar\u0131da belirtilenden [&hellip;]<\/p>","protected":false},"author":1,"featured_media":0,"parent":0,"menu_order":0,"comment_status":"closed","ping_status":"closed","template":"","meta":{"footnotes":""},"class_list":["post-11400","page","type-page","status-publish","hentry"],"_links":{"self":[{"href":"https:\/\/aymakoop.com.tr\/en\/wp-json\/wp\/v2\/pages\/11400","targetHints":{"allow":["GET"]}}],"collection":[{"href":"https:\/\/aymakoop.com.tr\/en\/wp-json\/wp\/v2\/pages"}],"about":[{"href":"https:\/\/aymakoop.com.tr\/en\/wp-json\/wp\/v2\/types\/page"}],"author":[{"embeddable":true,"href":"https:\/\/aymakoop.com.tr\/en\/wp-json\/wp\/v2\/users\/1"}],"replies":[{"embeddable":true,"href":"https:\/\/aymakoop.com.tr\/en\/wp-json\/wp\/v2\/comments?post=11400"}],"version-history":[{"count":0,"href":"https:\/\/aymakoop.com.tr\/en\/wp-json\/wp\/v2\/pages\/11400\/revisions"}],"wp:attachment":[{"href":"https:\/\/aymakoop.com.tr\/en\/wp-json\/wp\/v2\/media?parent=11400"}],"curies":[{"name":"wp","href":"https:\/\/api.w.org\/{rel}","templated":true}]}}