{"id":10677,"date":"2025-08-19T17:58:11","date_gmt":"2025-08-19T14:58:11","guid":{"rendered":"https:\/\/aymakoop.com.tr\/?page_id=10677"},"modified":"2025-09-02T10:01:16","modified_gmt":"2025-09-02T07:01:16","slug":"mission-vision","status":"publish","type":"page","link":"https:\/\/aymakoop.com.tr\/en\/mission-vision\/","title":{"rendered":"Mission &amp; Vision"},"content":{"rendered":"<div data-elementor-type=\"wp-page\" data-elementor-id=\"10677\" class=\"elementor elementor-10677\">\n\t\t\t\t<div class=\"elementor-element elementor-element-bae33c8 yazikapsa e-flex e-con-boxed e-con e-parent\" data-id=\"bae33c8\" data-element_type=\"container\">\n\t\t\t\t\t<div class=\"e-con-inner\">\n\t\t<div class=\"elementor-element elementor-element-ca76a35 e-con-full e-flex e-con e-child\" data-id=\"ca76a35\" data-element_type=\"container\">\n\t\t\t\t<div class=\"elementor-element elementor-element-2b5abf9 elementor-widget elementor-widget-sidebar\" data-id=\"2b5abf9\" data-element_type=\"widget\" data-widget_type=\"sidebar.default\">\n\t\t\t\t\t<section id=\"nav_menu-3\" class=\"widget-container widget_nav_menu\"><div class=\"menu-sidebar-container\"><ul id=\"menu-sidebar\" class=\"menu\"><li id=\"menu-item-10746\" class=\"menu-item menu-item-type-post_type menu-item-object-page menu-item-10746\"><a href=\"https:\/\/aymakoop.com.tr\/en\/mission-vision\/\">Mission &amp; Vision<\/a><\/li>\n<li id=\"menu-item-10793\" class=\"menu-item menu-item-type-post_type menu-item-object-page menu-item-10793\"><a href=\"https:\/\/aymakoop.com.tr\/en\/board-of-directors\/\">Board of Directors<\/a><\/li>\n<li id=\"menu-item-10803\" class=\"menu-item menu-item-type-post_type menu-item-object-page menu-item-10803\"><a href=\"https:\/\/aymakoop.com.tr\/en\/organizational-chart\/\">Organization Chart<\/a><\/li>\n<li id=\"menu-item-10694\" class=\"menu-item menu-item-type-custom menu-item-object-custom menu-item-10694\"><a href=\"#\">General Assembly<\/a><\/li>\n<li id=\"menu-item-10698\" class=\"menu-item menu-item-type-custom menu-item-object-custom menu-item-10698\"><a href=\"#\">Picture Gallery<\/a><\/li>\n<li id=\"menu-item-11141\" class=\"menu-item menu-item-type-post_type menu-item-object-page menu-item-11141\"><a href=\"https:\/\/aymakoop.com.tr\/en\/current-announcements\/\">Current Announcements<\/a><\/li>\n<li id=\"menu-item-11140\" class=\"menu-item menu-item-type-post_type menu-item-object-page menu-item-11140\"><a href=\"https:\/\/aymakoop.com.tr\/en\/news\/\">News<\/a><\/li>\n<li id=\"menu-item-10850\" class=\"menu-item menu-item-type-post_type menu-item-object-page menu-item-10850\"><a href=\"https:\/\/aymakoop.com.tr\/en\/the-global-shoe-industry\/\">The Shoe Industry in the World<\/a><\/li>\n<li id=\"menu-item-10863\" class=\"menu-item menu-item-type-post_type menu-item-object-page menu-item-10863\"><a href=\"https:\/\/aymakoop.com.tr\/en\/infrastructure-information\/\">Infrastructure Information<\/a><\/li>\n<li id=\"menu-item-10844\" class=\"menu-item menu-item-type-post_type menu-item-object-page menu-item-10844\"><a href=\"https:\/\/aymakoop.com.tr\/en\/our-awards\/\">Our awards<\/a><\/li>\n<li id=\"menu-item-10896\" class=\"menu-item menu-item-type-post_type menu-item-object-page menu-item-10896\"><a href=\"https:\/\/aymakoop.com.tr\/en\/our-documents-certificates\/\">Our Documents &amp; Certificates<\/a><\/li>\n<li id=\"menu-item-10920\" class=\"menu-item menu-item-type-post_type menu-item-object-page menu-item-10920\"><a href=\"https:\/\/aymakoop.com.tr\/en\/application-forms\/\">Application Forms<\/a><\/li>\n<li id=\"menu-item-10956\" class=\"menu-item menu-item-type-post_type menu-item-object-page menu-item-10956\"><a href=\"https:\/\/aymakoop.com.tr\/en\/we-are-at-the-beginning\/\">We in the Press<\/a><\/li>\n<li id=\"menu-item-11632\" class=\"menu-item menu-item-type-post_type menu-item-object-page menu-item-11632\"><a href=\"https:\/\/aymakoop.com.tr\/en\/categorized-company-directory\/\">Uncategorized Company Directory<\/a><\/li>\n<li id=\"menu-item-11633\" class=\"menu-item menu-item-type-post_type menu-item-object-page menu-item-11633\"><a href=\"https:\/\/aymakoop.com.tr\/en\/alphabetical-company-directory\/\">Alphabetical Company Directory<\/a><\/li>\n<\/ul><\/div><\/section>\t\t\t\t<\/div>\n\t\t\t\t<\/div>\n\t\t<div class=\"elementor-element elementor-element-85b6fde e-con-full e-flex e-con e-child\" data-id=\"85b6fde\" data-element_type=\"container\">\n\t\t\t\t<div class=\"elementor-element elementor-element-438f783 elementor-widget elementor-widget-text-editor\" data-id=\"438f783\" data-element_type=\"widget\" data-widget_type=\"text-editor.default\">\n\t\t\t\t\t\t\t\t\t<h2><strong>OUR VISION<\/strong><\/h2><p>To provide a transparent service in accordance with nationally and internationally accepted values and standards, keeping customer satisfaction in mind in all our activities; to be a center where all shoe manufacturers and wholesalers in T\u00fcrkiye can meet all their needs, and to be solution-oriented with our approach to issues, our personnel and the service we provide.<\/p><p>Our goal is to create an image of our customers that they are different by adding value to the service we provide and to highlight our difference from other sites, to create more organized and comfortable working environments, and to operate with the slogan of &quot;fast, complete service&quot; by fulfilling all requests in the shortest time possible with our approach to issues and our staff being solution-oriented.<\/p><h2><strong>OUR MISSION<\/strong><\/h2><p>In any unit of our cooperative, our mission is to provide our partners and the companies operating on the site with the fastest and most perfect service and information that meets their needs, in the shortest time possible, in the most knowledgeable, careful and professional manner, by utilizing all the opportunities of developing technology, with polite, clean and friendly people.<\/p>\t\t\t\t\t\t\t\t<\/div>\n\t\t\t\t<\/div>\n\t\t\t\t\t<\/div>\n\t\t\t\t<\/div>\n\t\t\t\t<\/div>","protected":false},"excerpt":{"rendered":"<p>V\u0130ZYONUMUZ T\u00fcm faaliyetlerimizde m\u00fc\u015fteri memnuniyetini g\u00f6z \u00f6n\u00fcnde tutarak ulusal ve uluslararas\u0131 kabul edilmi\u015f de\u011fer ve standartlara uygun \u015feffaf bir hizmet sunmak; T\u00fcrkiye&#8217;deki t\u00fcm ayakkab\u0131 imalat ve toptanc\u0131lar\u0131n\u0131n her t\u00fcrl\u00fc ihtiyac\u0131n\u0131 kar\u015f\u0131layabilece\u011fi bir merkez olmak, konulara yakla\u015f\u0131m\u0131m\u0131zla, personellerimizle ve verdi\u011fimiz hizmetle \u00e7\u00f6z\u00fcm odakl\u0131 olmak. Verdi\u011fimiz hizmete de\u011fer katarak m\u00fc\u015fterimizin farkl\u0131 oldu\u011fu imaj\u0131n\u0131 yaratmak ve di\u011fer sitelerden [&hellip;]<\/p>","protected":false},"author":1,"featured_media":0,"parent":0,"menu_order":0,"comment_status":"closed","ping_status":"closed","template":"","meta":{"footnotes":""},"class_list":["post-10677","page","type-page","status-publish","hentry"],"_links":{"self":[{"href":"https:\/\/aymakoop.com.tr\/en\/wp-json\/wp\/v2\/pages\/10677","targetHints":{"allow":["GET"]}}],"collection":[{"href":"https:\/\/aymakoop.com.tr\/en\/wp-json\/wp\/v2\/pages"}],"about":[{"href":"https:\/\/aymakoop.com.tr\/en\/wp-json\/wp\/v2\/types\/page"}],"author":[{"embeddable":true,"href":"https:\/\/aymakoop.com.tr\/en\/wp-json\/wp\/v2\/users\/1"}],"replies":[{"embeddable":true,"href":"https:\/\/aymakoop.com.tr\/en\/wp-json\/wp\/v2\/comments?post=10677"}],"version-history":[{"count":1,"href":"https:\/\/aymakoop.com.tr\/en\/wp-json\/wp\/v2\/pages\/10677\/revisions"}],"predecessor-version":[{"id":15482,"href":"https:\/\/aymakoop.com.tr\/en\/wp-json\/wp\/v2\/pages\/10677\/revisions\/15482"}],"wp:attachment":[{"href":"https:\/\/aymakoop.com.tr\/en\/wp-json\/wp\/v2\/media?parent=10677"}],"curies":[{"name":"wp","href":"https:\/\/api.w.org\/{rel}","templated":true}]}}