{"id":12754,"date":"2025-08-27T12:01:53","date_gmt":"2025-08-27T09:01:53","guid":{"rendered":"https:\/\/aymakoop.com.tr\/?post_type=product&#038;p=12754"},"modified":"2025-08-27T12:26:21","modified_gmt":"2025-08-27T09:26:21","slug":"terrakottafarbene-sommerstiefel-aus-leder-fur-damen-ohne-reisverschluss","status":"publish","type":"product","link":"https:\/\/aymakoop.com.tr\/de\/product\/terrakottafarbene-sommerstiefel-aus-leder-fur-damen-ohne-reisverschluss\/","title":{"rendered":"Ziegelfarbene Sommerstiefel aus Leder ohne Rei\u00dfverschluss f\u00fcr Damen"},"content":{"rendered":"<p data-start=\"63\" data-end=\"318\">Aymakoop verwendet f\u00fcr die Schuhe, die in den eigenen Produktionsst\u00e4tten hergestellt werden, echtes Leder und Leder h\u00f6chster Qualit\u00e4t. Hilfsmaterialien, die die Haltbarkeit erh\u00f6hen und Verformungen verhindern, werden sorgf\u00e4ltig ausgew\u00e4hlt und aus Italien importiert.<\/p>\n<table>\n<tbody>\n<tr>\n<th>Besonderheit<\/th>\n<th>Detail<\/th>\n<\/tr>\n<tr>\n<td><strong>Herkunft<\/strong><\/td>\n<td>T\u00fcrkei<\/td>\n<\/tr>\n<tr>\n<td><strong>Geschlecht<\/strong><\/td>\n<td>Frau<\/td>\n<\/tr>\n<tr>\n<td><strong>Produktmaterial<\/strong><\/td>\n<td>Echtes Leder<\/td>\n<\/tr>\n<tr>\n<td><strong>Farbe<\/strong><\/td>\n<td>Fliese<\/td>\n<\/tr>\n<tr>\n<td><strong>Base<\/strong><\/td>\n<td>Gummi<\/td>\n<\/tr>\n<tr>\n<td><strong>Innenfutter<\/strong><\/td>\n<td>Echtes Leder<\/td>\n<\/tr>\n<tr>\n<td><strong>Bindungstyp<\/strong><\/td>\n<td>Mit Rei\u00dfverschluss<\/td>\n<\/tr>\n<\/tbody>\n<\/table>","protected":false},"excerpt":{"rendered":"<p>Aymakoop verwendet f\u00fcr die Schuhe, die in den eigenen Produktionsst\u00e4tten hergestellt werden, echtes Leder und Leder h\u00f6chster Qualit\u00e4t. Hilfsmaterialien, die die Haltbarkeit erh\u00f6hen und Verformungen verhindern, werden sorgf\u00e4ltig ausgew\u00e4hlt und aus Italien importiert.<\/p>","protected":false},"featured_media":12755,"comment_status":"open","ping_status":"closed","template":"","meta":[],"product_brand":[],"product_cat":[15,374,360],"product_tag":[],"class_list":{"0":"post-12754","1":"product","2":"type-product","3":"status-publish","4":"has-post-thumbnail","6":"product_cat-genel","7":"product_cat-kadin","8":"product_cat-yaz-botlari","10":"first","11":"instock","12":"shipping-taxable","13":"product-type-simple"},"_links":{"self":[{"href":"https:\/\/aymakoop.com.tr\/de\/wp-json\/wp\/v2\/product\/12754","targetHints":{"allow":["GET"]}}],"collection":[{"href":"https:\/\/aymakoop.com.tr\/de\/wp-json\/wp\/v2\/product"}],"about":[{"href":"https:\/\/aymakoop.com.tr\/de\/wp-json\/wp\/v2\/types\/product"}],"replies":[{"embeddable":true,"href":"https:\/\/aymakoop.com.tr\/de\/wp-json\/wp\/v2\/comments?post=12754"}],"wp:featuredmedia":[{"embeddable":true,"href":"https:\/\/aymakoop.com.tr\/de\/wp-json\/wp\/v2\/media\/12755"}],"wp:attachment":[{"href":"https:\/\/aymakoop.com.tr\/de\/wp-json\/wp\/v2\/media?parent=12754"}],"wp:term":[{"taxonomy":"product_brand","embeddable":true,"href":"https:\/\/aymakoop.com.tr\/de\/wp-json\/wp\/v2\/product_brand?post=12754"},{"taxonomy":"product_cat","embeddable":true,"href":"https:\/\/aymakoop.com.tr\/de\/wp-json\/wp\/v2\/product_cat?post=12754"},{"taxonomy":"product_tag","embeddable":true,"href":"https:\/\/aymakoop.com.tr\/de\/wp-json\/wp\/v2\/product_tag?post=12754"}],"curies":[{"name":"wp","href":"https:\/\/api.w.org\/{rel}","templated":true}]}}