{"id":16761,"date":"2025-10-17T17:24:41","date_gmt":"2025-10-17T14:24:41","guid":{"rendered":"https:\/\/aymakoop.com.tr\/?page_id=16761"},"modified":"2025-10-21T10:36:54","modified_gmt":"2025-10-21T07:36:54","slug":"online-aidat-odeme","status":"publish","type":"page","link":"https:\/\/aymakoop.com.tr\/de\/online-aidat-odeme\/","title":{"rendered":"Online-Beitragszahlung"},"content":{"rendered":"<div data-elementor-type=\"wp-page\" data-elementor-id=\"16761\" class=\"elementor elementor-16761\">\n\t\t\t\t<div class=\"elementor-element elementor-element-bae33c8 yazikapsa e-flex e-con-boxed e-con e-parent\" data-id=\"bae33c8\" data-element_type=\"container\">\n\t\t\t\t\t<div class=\"e-con-inner\">\n\t\t<div class=\"elementor-element elementor-element-ca76a35 e-con-full e-flex e-con e-child\" data-id=\"ca76a35\" data-element_type=\"container\">\n\t\t\t\t<div class=\"elementor-element elementor-element-2b5abf9 elementor-widget elementor-widget-sidebar\" data-id=\"2b5abf9\" data-element_type=\"widget\" data-widget_type=\"sidebar.default\">\n\t\t\t\t\t<section id=\"nav_menu-3\" class=\"widget-container widget_nav_menu\"><div class=\"menu-sidebar-container\"><ul id=\"menu-sidebar\" class=\"menu\"><li id=\"menu-item-10746\" class=\"menu-item menu-item-type-post_type menu-item-object-page menu-item-10746\"><a href=\"https:\/\/aymakoop.com.tr\/de\/mission-vision\/\">Mission und Vision<\/a><\/li>\n<li id=\"menu-item-10793\" class=\"menu-item menu-item-type-post_type menu-item-object-page menu-item-10793\"><a href=\"https:\/\/aymakoop.com.tr\/de\/vorstand\/\">Vorstand<\/a><\/li>\n<li id=\"menu-item-10803\" class=\"menu-item menu-item-type-post_type menu-item-object-page menu-item-10803\"><a href=\"https:\/\/aymakoop.com.tr\/de\/organigramm\/\">Organigramm<\/a><\/li>\n<li id=\"menu-item-10694\" class=\"menu-item menu-item-type-custom menu-item-object-custom menu-item-10694\"><a href=\"#\">Generalversammlung<\/a><\/li>\n<li id=\"menu-item-10698\" class=\"menu-item menu-item-type-custom menu-item-object-custom menu-item-10698\"><a href=\"#\">Bildergalerie<\/a><\/li>\n<li id=\"menu-item-11141\" class=\"menu-item menu-item-type-post_type menu-item-object-page menu-item-11141\"><a href=\"https:\/\/aymakoop.com.tr\/de\/aktuelle-meldungen\/\">Aktuelle Meldungen<\/a><\/li>\n<li id=\"menu-item-11140\" class=\"menu-item menu-item-type-post_type menu-item-object-page menu-item-11140\"><a href=\"https:\/\/aymakoop.com.tr\/de\/nachricht\/\">Nachricht<\/a><\/li>\n<li id=\"menu-item-10850\" class=\"menu-item menu-item-type-post_type menu-item-object-page menu-item-10850\"><a href=\"https:\/\/aymakoop.com.tr\/de\/die-globale-schuhindustrie\/\">Die Schuhindustrie in der Welt<\/a><\/li>\n<li id=\"menu-item-10863\" class=\"menu-item menu-item-type-post_type menu-item-object-page menu-item-10863\"><a href=\"https:\/\/aymakoop.com.tr\/de\/infrastrukturinformationen\/\">Infrastrukturinformationen<\/a><\/li>\n<li id=\"menu-item-10844\" class=\"menu-item menu-item-type-post_type menu-item-object-page menu-item-10844\"><a href=\"https:\/\/aymakoop.com.tr\/de\/unsere-auszeichnungen\/\">Unsere Auszeichnungen<\/a><\/li>\n<li id=\"menu-item-10896\" class=\"menu-item menu-item-type-post_type menu-item-object-page menu-item-10896\"><a href=\"https:\/\/aymakoop.com.tr\/de\/unsere-dokumente-zertifikate\/\">Unsere Dokumente &amp; Zertifikate<\/a><\/li>\n<li id=\"menu-item-10920\" class=\"menu-item menu-item-type-post_type menu-item-object-page menu-item-10920\"><a href=\"https:\/\/aymakoop.com.tr\/de\/bewerbungsformulare\/\">Antragsformulare<\/a><\/li>\n<li id=\"menu-item-10956\" class=\"menu-item menu-item-type-post_type menu-item-object-page menu-item-10956\"><a href=\"https:\/\/aymakoop.com.tr\/de\/wir-stehen-am-anfang\/\">Wir in der Presse<\/a><\/li>\n<li id=\"menu-item-11632\" class=\"menu-item menu-item-type-post_type menu-item-object-page menu-item-11632\"><a href=\"https:\/\/aymakoop.com.tr\/de\/kategorisiertes-firmenverzeichnis\/\">Nicht kategorisiertes Firmenverzeichnis<\/a><\/li>\n<li id=\"menu-item-11633\" class=\"menu-item menu-item-type-post_type menu-item-object-page menu-item-11633\"><a href=\"https:\/\/aymakoop.com.tr\/de\/alphabetisches-firmenverzeichnis\/\">Alphabetisches Firmenverzeichnis<\/a><\/li>\n<\/ul><\/div><\/section>\t\t\t\t<\/div>\n\t\t\t\t<\/div>\n\t\t<div class=\"elementor-element elementor-element-85b6fde e-con-full e-flex e-con e-child\" data-id=\"85b6fde\" data-element_type=\"container\">\n\t\t\t\t<div class=\"elementor-element elementor-element-711c14d elementor-widget elementor-widget-text-editor\" data-id=\"711c14d\" data-element_type=\"widget\" data-widget_type=\"text-editor.default\">\n\t\t\t\t\t\t\t\t\t<p>Say\u0131n \u00fcyelerimiz, Y\u00f6netim ofisini aray\u0131p online \u00f6deme \u015fifresi alarak aidat ve kira bor\u00e7lar\u0131n\u0131 sistem \u00fczerinden g\u00f6rip, kredi kart\u0131 ile online olarak \u00f6deme imkan\u0131na sahip olabilirsiniz. Vakit kaybetmeden bor\u00e7lar\u0131n\u0131z\u0131 ve \u00f6demelerinizi takip edebilirsiniz&#8230;<\/p>\t\t\t\t\t\t\t\t<\/div>\n\t\t\t\t<div class=\"elementor-element elementor-element-0a82f80 elementor-widget elementor-widget-text-editor\" data-id=\"0a82f80\" data-element_type=\"widget\" data-widget_type=\"text-editor.default\">\n\t\t\t\t\t\t\t\t\t<h2 style=\"text-align: center;\"><a href=\"https:\/\/portal.mulktakibi.com\/app_Login\/\" target=\"_blank\" rel=\"noopener\">Online Aidat \u00d6demesi Yapmak \u0130\u00e7in T\u0131klay\u0131n<\/a><\/h2>\t\t\t\t\t\t\t\t<\/div>\n\t\t\t\t<div class=\"elementor-element elementor-element-e920d6d elementor-widget elementor-widget-image\" data-id=\"e920d6d\" data-element_type=\"widget\" data-widget_type=\"image.default\">\n\t\t\t\t\t\t\t\t\t\t\t\t\t\t\t<img fetchpriority=\"high\" decoding=\"async\" width=\"1024\" height=\"791\" src=\"https:\/\/aymakoop.com.tr\/wp-content\/uploads\/2025\/10\/aymakoop-online-odeme-1-1024x791.jpg\" class=\"attachment-large size-large wp-image-16982\" alt=\"\" srcset=\"https:\/\/aymakoop.com.tr\/wp-content\/uploads\/2025\/10\/aymakoop-online-odeme-1-1024x791.jpg 1024w, https:\/\/aymakoop.com.tr\/wp-content\/uploads\/2025\/10\/aymakoop-online-odeme-1-300x232.jpg 300w, https:\/\/aymakoop.com.tr\/wp-content\/uploads\/2025\/10\/aymakoop-online-odeme-1-768x593.jpg 768w, https:\/\/aymakoop.com.tr\/wp-content\/uploads\/2025\/10\/aymakoop-online-odeme-1-1536x1187.jpg 1536w, https:\/\/aymakoop.com.tr\/wp-content\/uploads\/2025\/10\/aymakoop-online-odeme-1-16x12.jpg 16w, https:\/\/aymakoop.com.tr\/wp-content\/uploads\/2025\/10\/aymakoop-online-odeme-1-700x541.jpg 700w, https:\/\/aymakoop.com.tr\/wp-content\/uploads\/2025\/10\/aymakoop-online-odeme-1-1300x1004.jpg 1300w, https:\/\/aymakoop.com.tr\/wp-content\/uploads\/2025\/10\/aymakoop-online-odeme-1.jpg 1600w\" sizes=\"(max-width: 1024px) 100vw, 1024px\" title=\"\">\t\t\t\t\t\t\t\t\t\t\t\t\t\t\t<\/div>\n\t\t\t\t<div class=\"elementor-element elementor-element-7e46128 elementor-widget elementor-widget-text-editor\" data-id=\"7e46128\" data-element_type=\"widget\" data-widget_type=\"text-editor.default\">\n\t\t\t\t\t\t\t\t\t<h3 style=\"text-align: center;\">A\u015fa\u011f\u0131daki butonlara t\u0131klayarak uygulamay\u0131 indirebilirsiniz.<\/h3>\t\t\t\t\t\t\t\t<\/div>\n\t\t<div class=\"elementor-element elementor-element-731c37b e-con-full e-flex e-con e-child\" data-id=\"731c37b\" data-element_type=\"container\">\n\t\t<div class=\"elementor-element elementor-element-d0ed8b4 e-grid e-con-full e-con e-child\" data-id=\"d0ed8b4\" data-element_type=\"container\">\n\t\t\t\t<div class=\"elementor-element elementor-element-fdf8e82 elementor-widget elementor-widget-image\" data-id=\"fdf8e82\" data-element_type=\"widget\" data-widget_type=\"image.default\">\n\t\t\t\t\t\t\t\t\t\t\t\t\t\t\t\t<a href=\"https:\/\/play.google.com\/store\/apps\/details?id=com.mulktakibi.app\" target=\"_blank\" rel=\"nofollow noopener\">\n\t\t\t\t\t\t\t<img decoding=\"async\" width=\"587\" height=\"189\" src=\"https:\/\/aymakoop.com.tr\/wp-content\/uploads\/2025\/10\/aymakoop-google-play-sotre.png\" class=\"attachment-large size-large wp-image-17005\" alt=\"\" srcset=\"https:\/\/aymakoop.com.tr\/wp-content\/uploads\/2025\/10\/aymakoop-google-play-sotre.png 587w, https:\/\/aymakoop.com.tr\/wp-content\/uploads\/2025\/10\/aymakoop-google-play-sotre-300x97.png 300w, https:\/\/aymakoop.com.tr\/wp-content\/uploads\/2025\/10\/aymakoop-google-play-sotre-18x6.png 18w\" sizes=\"(max-width: 587px) 100vw, 587px\" title=\"\">\t\t\t\t\t\t\t\t<\/a>\n\t\t\t\t\t\t\t\t\t\t\t\t\t\t\t<\/div>\n\t\t\t\t<div class=\"elementor-element elementor-element-8b02771 elementor-widget elementor-widget-image\" data-id=\"8b02771\" data-element_type=\"widget\" data-widget_type=\"image.default\">\n\t\t\t\t\t\t\t\t\t\t\t\t\t\t\t\t<a href=\"https:\/\/apps.apple.com\/in\/app\/m%C3%BClk-takibi\/id1537267736\" target=\"_blank\" rel=\"nofollow noopener\">\n\t\t\t\t\t\t\t<img decoding=\"async\" width=\"587\" height=\"189\" src=\"https:\/\/aymakoop.com.tr\/wp-content\/uploads\/2025\/10\/aymakoop-apple-store.png\" class=\"attachment-large size-large wp-image-17006\" alt=\"\" srcset=\"https:\/\/aymakoop.com.tr\/wp-content\/uploads\/2025\/10\/aymakoop-apple-store.png 587w, https:\/\/aymakoop.com.tr\/wp-content\/uploads\/2025\/10\/aymakoop-apple-store-300x97.png 300w, https:\/\/aymakoop.com.tr\/wp-content\/uploads\/2025\/10\/aymakoop-apple-store-18x6.png 18w\" sizes=\"(max-width: 587px) 100vw, 587px\" title=\"\">\t\t\t\t\t\t\t\t<\/a>\n\t\t\t\t\t\t\t\t\t\t\t\t\t\t\t<\/div>\n\t\t\t\t<\/div>\n\t\t\t\t<\/div>\n\t\t\t\t<\/div>\n\t\t\t\t\t<\/div>\n\t\t\t\t<\/div>\n\t\t\t\t<\/div>","protected":false},"excerpt":{"rendered":"<p>Say\u0131n \u00fcyelerimiz, Y\u00f6netim ofisini aray\u0131p online \u00f6deme \u015fifresi alarak aidat ve kira bor\u00e7lar\u0131n\u0131 sistem \u00fczerinden g\u00f6rip, kredi kart\u0131 ile online olarak \u00f6deme imkan\u0131na sahip olabilirsiniz. Vakit kaybetmeden bor\u00e7lar\u0131n\u0131z\u0131 ve \u00f6demelerinizi takip edebilirsiniz&#8230; Online Aidat \u00d6demesi Yapmak \u0130\u00e7in T\u0131klay\u0131n A\u015fa\u011f\u0131daki butonlara t\u0131klayarak uygulamay\u0131 indirebilirsiniz.<\/p>","protected":false},"author":1,"featured_media":0,"parent":0,"menu_order":0,"comment_status":"closed","ping_status":"closed","template":"","meta":{"footnotes":""},"class_list":["post-16761","page","type-page","status-publish","hentry"],"_links":{"self":[{"href":"https:\/\/aymakoop.com.tr\/de\/wp-json\/wp\/v2\/pages\/16761","targetHints":{"allow":["GET"]}}],"collection":[{"href":"https:\/\/aymakoop.com.tr\/de\/wp-json\/wp\/v2\/pages"}],"about":[{"href":"https:\/\/aymakoop.com.tr\/de\/wp-json\/wp\/v2\/types\/page"}],"author":[{"embeddable":true,"href":"https:\/\/aymakoop.com.tr\/de\/wp-json\/wp\/v2\/users\/1"}],"replies":[{"embeddable":true,"href":"https:\/\/aymakoop.com.tr\/de\/wp-json\/wp\/v2\/comments?post=16761"}],"version-history":[{"count":17,"href":"https:\/\/aymakoop.com.tr\/de\/wp-json\/wp\/v2\/pages\/16761\/revisions"}],"predecessor-version":[{"id":17015,"href":"https:\/\/aymakoop.com.tr\/de\/wp-json\/wp\/v2\/pages\/16761\/revisions\/17015"}],"wp:attachment":[{"href":"https:\/\/aymakoop.com.tr\/de\/wp-json\/wp\/v2\/media?parent=16761"}],"curies":[{"name":"wp","href":"https:\/\/api.w.org\/{rel}","templated":true}]}}