{"id":16525,"date":"2025-10-06T10:14:15","date_gmt":"2025-10-06T07:14:15","guid":{"rendered":"https:\/\/aymakoop.com.tr\/?page_id=16525"},"modified":"2025-10-06T10:18:04","modified_gmt":"2025-10-06T07:18:04","slug":"ulasim","status":"publish","type":"page","link":"https:\/\/aymakoop.com.tr\/de\/ulasim\/","title":{"rendered":"Transport"},"content":{"rendered":"<div data-elementor-type=\"wp-page\" data-elementor-id=\"16525\" class=\"elementor elementor-16525\">\n\t\t\t\t<div class=\"elementor-element elementor-element-bae33c8 yazikapsa e-flex e-con-boxed e-con e-parent\" data-id=\"bae33c8\" data-element_type=\"container\">\n\t\t\t\t\t<div class=\"e-con-inner\">\n\t\t<div class=\"elementor-element elementor-element-ca76a35 e-con-full e-flex e-con e-child\" data-id=\"ca76a35\" data-element_type=\"container\">\n\t\t\t\t<div class=\"elementor-element elementor-element-2b5abf9 elementor-widget elementor-widget-sidebar\" data-id=\"2b5abf9\" data-element_type=\"widget\" data-widget_type=\"sidebar.default\">\n\t\t\t\t\t<section id=\"nav_menu-3\" class=\"widget-container widget_nav_menu\"><div class=\"menu-sidebar-container\"><ul id=\"menu-sidebar\" class=\"menu\"><li id=\"menu-item-10746\" class=\"menu-item menu-item-type-post_type menu-item-object-page menu-item-10746\"><a href=\"https:\/\/aymakoop.com.tr\/de\/mission-vision\/\">Mission und Vision<\/a><\/li>\n<li id=\"menu-item-10793\" class=\"menu-item menu-item-type-post_type menu-item-object-page menu-item-10793\"><a href=\"https:\/\/aymakoop.com.tr\/de\/vorstand\/\">Vorstand<\/a><\/li>\n<li id=\"menu-item-10803\" class=\"menu-item menu-item-type-post_type menu-item-object-page menu-item-10803\"><a href=\"https:\/\/aymakoop.com.tr\/de\/organigramm\/\">Organigramm<\/a><\/li>\n<li id=\"menu-item-10694\" class=\"menu-item menu-item-type-custom menu-item-object-custom menu-item-10694\"><a href=\"#\">Generalversammlung<\/a><\/li>\n<li id=\"menu-item-10698\" class=\"menu-item menu-item-type-custom menu-item-object-custom menu-item-10698\"><a href=\"#\">Bildergalerie<\/a><\/li>\n<li id=\"menu-item-11141\" class=\"menu-item menu-item-type-post_type menu-item-object-page menu-item-11141\"><a href=\"https:\/\/aymakoop.com.tr\/de\/aktuelle-meldungen\/\">Aktuelle Meldungen<\/a><\/li>\n<li id=\"menu-item-11140\" class=\"menu-item menu-item-type-post_type menu-item-object-page menu-item-11140\"><a href=\"https:\/\/aymakoop.com.tr\/de\/nachricht\/\">Nachricht<\/a><\/li>\n<li id=\"menu-item-10850\" class=\"menu-item menu-item-type-post_type menu-item-object-page menu-item-10850\"><a href=\"https:\/\/aymakoop.com.tr\/de\/die-globale-schuhindustrie\/\">Die Schuhindustrie in der Welt<\/a><\/li>\n<li id=\"menu-item-10863\" class=\"menu-item menu-item-type-post_type menu-item-object-page menu-item-10863\"><a href=\"https:\/\/aymakoop.com.tr\/de\/infrastrukturinformationen\/\">Infrastrukturinformationen<\/a><\/li>\n<li id=\"menu-item-10844\" class=\"menu-item menu-item-type-post_type menu-item-object-page menu-item-10844\"><a href=\"https:\/\/aymakoop.com.tr\/de\/unsere-auszeichnungen\/\">Unsere Auszeichnungen<\/a><\/li>\n<li id=\"menu-item-10896\" class=\"menu-item menu-item-type-post_type menu-item-object-page menu-item-10896\"><a href=\"https:\/\/aymakoop.com.tr\/de\/unsere-dokumente-zertifikate\/\">Unsere Dokumente &amp; Zertifikate<\/a><\/li>\n<li id=\"menu-item-10920\" class=\"menu-item menu-item-type-post_type menu-item-object-page menu-item-10920\"><a href=\"https:\/\/aymakoop.com.tr\/de\/bewerbungsformulare\/\">Antragsformulare<\/a><\/li>\n<li id=\"menu-item-10956\" class=\"menu-item menu-item-type-post_type menu-item-object-page menu-item-10956\"><a href=\"https:\/\/aymakoop.com.tr\/de\/wir-stehen-am-anfang\/\">Wir in der Presse<\/a><\/li>\n<li id=\"menu-item-11632\" class=\"menu-item menu-item-type-post_type menu-item-object-page menu-item-11632\"><a href=\"https:\/\/aymakoop.com.tr\/de\/kategorisiertes-firmenverzeichnis\/\">Nicht kategorisiertes Firmenverzeichnis<\/a><\/li>\n<li id=\"menu-item-11633\" class=\"menu-item menu-item-type-post_type menu-item-object-page menu-item-11633\"><a href=\"https:\/\/aymakoop.com.tr\/de\/alphabetisches-firmenverzeichnis\/\">Alphabetisches Firmenverzeichnis<\/a><\/li>\n<\/ul><\/div><\/section>\t\t\t\t<\/div>\n\t\t\t\t<\/div>\n\t\t<div class=\"elementor-element elementor-element-85b6fde e-con-full e-flex e-con e-child\" data-id=\"85b6fde\" data-element_type=\"container\">\n\t\t\t\t<div class=\"elementor-element elementor-element-711c14d elementor-widget elementor-widget-text-editor\" data-id=\"711c14d\" data-element_type=\"widget\" data-widget_type=\"text-editor.default\">\n\t\t\t\t\t\t\t\t\t<h4><strong>M3 Bak\u0131rk\u00f6y \u2013 Kaya\u015fehir Metro Hatt\u0131<\/strong><\/h4><p>Turgut \u00d6zal \u0130stasyonu \u2192 Aymakoop Sanayi Sitesi\u2019ne y\u00fcr\u00fcyerek 7-11 dakika mesafede<\/p><h4><strong>M9 Atak\u00f6y \u2013 \u0130kitelli Metro Hatt\u0131<\/strong><\/h4><p>Ziya G\u00f6kalp Mahallesi \u0130stasyonu \u2192 Aymakoop Sanayi Sitesi\u2019ne y\u00fcr\u00fcyerek 11-14 dakika mesafede<\/p><h4>\ud83d\ude8c Aymakoop Sanayi Sitesi \u00c7evresinden Ge\u00e7en Otob\u00fcs Hatlar\u0131<\/h4><p>31Y \u2014 Tok\u00ee Ayazma \u2194 Yenikap\u0131<br \/>76O \u2014 Avc\u0131lar Cihangir Mahallesi \u2194 Otogar<br \/>78\u015e \u2014 A\u015f\u0131k Veysel Caddesi \u2194 Fenertepe Peronlar<br \/>79\u015e \u2014 A\u015f\u0131k Veysel Caddesi \u2194 Muratdere Caddesi<br \/>143 \u2014 \u0130sto\u00e7 \u2194 Mehmet Akif \u0130nan \u0130mam Hatip Ortaokulu<br \/>146K \u2014 Fenertepe Peronlar \u2194 Esenler Bilim Park\u0131<br \/>146M \u2014 Mecidiyek\u00f6y Metrob\u00fcs \u2194 Ba\u015fak\u015fehir Metrokent<br \/>78B \u2014 Yenibosna Metro \u2194 Fenertepe Peronlar<br \/>78ZB \u2014 Zeytinburnu \u2194 Fenertepe Peronlar<br \/>89C \u2014 Birlik Mahallesi \u2194 Ba\u015fak\u015fehir Metrokent<br \/>98 \u2014 Bak\u0131rk\u00f6y \u2194 Fenertepe Peronlar<br \/>98KM \u2014 Kartaltepe Viyad\u00fck \u2194 Organize Sanayi Sitesi<br \/>MK31 \u2014 Fenertepe Peronlar \u2194 Kanuni\u00a0Sultan\u00a0S\u00fcleyman<\/p>\t\t\t\t\t\t\t\t<\/div>\n\t\t\t\t<\/div>\n\t\t\t\t\t<\/div>\n\t\t\t\t<\/div>\n\t\t\t\t<\/div>","protected":false},"excerpt":{"rendered":"<p>M3 Bak\u0131rk\u00f6y \u2013 Kaya\u015fehir Metro Hatt\u0131 Turgut \u00d6zal \u0130stasyonu \u2192 Aymakoop Sanayi Sitesi\u2019ne y\u00fcr\u00fcyerek 7-11 dakika mesafede M9 Atak\u00f6y \u2013 \u0130kitelli Metro Hatt\u0131 Ziya G\u00f6kalp Mahallesi \u0130stasyonu \u2192 Aymakoop Sanayi Sitesi\u2019ne y\u00fcr\u00fcyerek 11-14 dakika mesafede \ud83d\ude8c Aymakoop Sanayi Sitesi \u00c7evresinden Ge\u00e7en Otob\u00fcs Hatlar\u0131 31Y \u2014 Tok\u00ee Ayazma \u2194 Yenikap\u013176O \u2014 Avc\u0131lar Cihangir Mahallesi \u2194 Otogar78\u015e [&hellip;]<\/p>","protected":false},"author":1,"featured_media":0,"parent":0,"menu_order":0,"comment_status":"closed","ping_status":"closed","template":"","meta":{"footnotes":""},"class_list":["post-16525","page","type-page","status-publish","hentry"],"_links":{"self":[{"href":"https:\/\/aymakoop.com.tr\/de\/wp-json\/wp\/v2\/pages\/16525","targetHints":{"allow":["GET"]}}],"collection":[{"href":"https:\/\/aymakoop.com.tr\/de\/wp-json\/wp\/v2\/pages"}],"about":[{"href":"https:\/\/aymakoop.com.tr\/de\/wp-json\/wp\/v2\/types\/page"}],"author":[{"embeddable":true,"href":"https:\/\/aymakoop.com.tr\/de\/wp-json\/wp\/v2\/users\/1"}],"replies":[{"embeddable":true,"href":"https:\/\/aymakoop.com.tr\/de\/wp-json\/wp\/v2\/comments?post=16525"}],"version-history":[{"count":7,"href":"https:\/\/aymakoop.com.tr\/de\/wp-json\/wp\/v2\/pages\/16525\/revisions"}],"predecessor-version":[{"id":16532,"href":"https:\/\/aymakoop.com.tr\/de\/wp-json\/wp\/v2\/pages\/16525\/revisions\/16532"}],"wp:attachment":[{"href":"https:\/\/aymakoop.com.tr\/de\/wp-json\/wp\/v2\/media?parent=16525"}],"curies":[{"name":"wp","href":"https:\/\/api.w.org\/{rel}","templated":true}]}}