{"id":15225,"date":"2025-09-01T13:43:33","date_gmt":"2025-09-01T10:43:33","guid":{"rendered":"https:\/\/aymakoop.com.tr\/?page_id=15225"},"modified":"2025-09-01T13:43:52","modified_gmt":"2025-09-01T10:43:52","slug":"unternehmen-der-kategorie-taschen","status":"publish","type":"page","link":"https:\/\/aymakoop.com.tr\/de\/unternehmen-der-kategorie-taschen\/","title":{"rendered":"Unternehmen in der Kategorie Taschen"},"content":{"rendered":"<div data-elementor-type=\"wp-page\" data-elementor-id=\"15225\" class=\"elementor elementor-15225\">\n\t\t\t\t<div class=\"elementor-element elementor-element-bae33c8 firmakapsa e-flex e-con-boxed e-con e-parent\" data-id=\"bae33c8\" data-element_type=\"container\">\n\t\t\t\t\t<div class=\"e-con-inner\">\n\t\t<div class=\"elementor-element elementor-element-ca76a35 e-con-full e-flex e-con e-child\" data-id=\"ca76a35\" data-element_type=\"container\">\n\t\t\t\t<div class=\"elementor-element elementor-element-2b5abf9 elementor-widget elementor-widget-sidebar\" data-id=\"2b5abf9\" data-element_type=\"widget\" data-widget_type=\"sidebar.default\">\n\t\t\t\t\t<section id=\"nav_menu-3\" class=\"widget-container widget_nav_menu\"><div class=\"menu-sidebar-container\"><ul id=\"menu-sidebar\" class=\"menu\"><li id=\"menu-item-10746\" class=\"menu-item menu-item-type-post_type menu-item-object-page menu-item-10746\"><a href=\"https:\/\/aymakoop.com.tr\/de\/mission-vision\/\">Mission und Vision<\/a><\/li>\n<li id=\"menu-item-10793\" class=\"menu-item menu-item-type-post_type menu-item-object-page menu-item-10793\"><a href=\"https:\/\/aymakoop.com.tr\/de\/vorstand\/\">Vorstand<\/a><\/li>\n<li id=\"menu-item-10803\" class=\"menu-item menu-item-type-post_type menu-item-object-page menu-item-10803\"><a href=\"https:\/\/aymakoop.com.tr\/de\/organigramm\/\">Organigramm<\/a><\/li>\n<li id=\"menu-item-10694\" class=\"menu-item menu-item-type-custom menu-item-object-custom menu-item-10694\"><a href=\"#\">Generalversammlung<\/a><\/li>\n<li id=\"menu-item-10698\" class=\"menu-item menu-item-type-custom menu-item-object-custom menu-item-10698\"><a href=\"#\">Bildergalerie<\/a><\/li>\n<li id=\"menu-item-11141\" class=\"menu-item menu-item-type-post_type menu-item-object-page menu-item-11141\"><a href=\"https:\/\/aymakoop.com.tr\/de\/aktuelle-meldungen\/\">Aktuelle Meldungen<\/a><\/li>\n<li id=\"menu-item-11140\" class=\"menu-item menu-item-type-post_type menu-item-object-page menu-item-11140\"><a href=\"https:\/\/aymakoop.com.tr\/de\/nachricht\/\">Nachricht<\/a><\/li>\n<li id=\"menu-item-10850\" class=\"menu-item menu-item-type-post_type menu-item-object-page menu-item-10850\"><a href=\"https:\/\/aymakoop.com.tr\/de\/die-globale-schuhindustrie\/\">Die Schuhindustrie in der Welt<\/a><\/li>\n<li id=\"menu-item-10863\" class=\"menu-item menu-item-type-post_type menu-item-object-page menu-item-10863\"><a href=\"https:\/\/aymakoop.com.tr\/de\/infrastrukturinformationen\/\">Infrastrukturinformationen<\/a><\/li>\n<li id=\"menu-item-10844\" class=\"menu-item menu-item-type-post_type menu-item-object-page menu-item-10844\"><a href=\"https:\/\/aymakoop.com.tr\/de\/unsere-auszeichnungen\/\">Unsere Auszeichnungen<\/a><\/li>\n<li id=\"menu-item-10896\" class=\"menu-item menu-item-type-post_type menu-item-object-page menu-item-10896\"><a href=\"https:\/\/aymakoop.com.tr\/de\/unsere-dokumente-zertifikate\/\">Unsere Dokumente &amp; Zertifikate<\/a><\/li>\n<li id=\"menu-item-10920\" class=\"menu-item menu-item-type-post_type menu-item-object-page menu-item-10920\"><a href=\"https:\/\/aymakoop.com.tr\/de\/bewerbungsformulare\/\">Antragsformulare<\/a><\/li>\n<li id=\"menu-item-10956\" class=\"menu-item menu-item-type-post_type menu-item-object-page menu-item-10956\"><a href=\"https:\/\/aymakoop.com.tr\/de\/wir-stehen-am-anfang\/\">Wir in der Presse<\/a><\/li>\n<li id=\"menu-item-11632\" class=\"menu-item menu-item-type-post_type menu-item-object-page menu-item-11632\"><a href=\"https:\/\/aymakoop.com.tr\/de\/kategorisiertes-firmenverzeichnis\/\">Nicht kategorisiertes Firmenverzeichnis<\/a><\/li>\n<li id=\"menu-item-11633\" class=\"menu-item menu-item-type-post_type menu-item-object-page menu-item-11633\"><a href=\"https:\/\/aymakoop.com.tr\/de\/alphabetisches-firmenverzeichnis\/\">Alphabetisches Firmenverzeichnis<\/a><\/li>\n<\/ul><\/div><\/section>\t\t\t\t<\/div>\n\t\t\t\t<\/div>\n\t\t<div class=\"elementor-element elementor-element-85b6fde e-con-full e-flex e-con e-child\" data-id=\"85b6fde\" data-element_type=\"container\">\n\t\t\t\t<div class=\"elementor-element elementor-element-c9c9682 elementor-widget elementor-widget-ts-blogs\" data-id=\"c9c9682\" data-element_type=\"widget\" data-widget_type=\"ts-blogs.default\">\n\t\t\t\t<div class=\"elementor-widget-container\">\n\t\t\t\t\t\t\t\t<div class=\"ts-blogs-wrapper ts-shortcode ts-blogs columns-3\" style=\"--ts-columns: 3\" data-atts=\"{&quot;layout&quot;:&quot;grid&quot;,&quot;columns&quot;:3,&quot;categories&quot;:&quot;319&quot;,&quot;limit&quot;:100,&quot;orderby&quot;:&quot;name&quot;,&quot;order&quot;:&quot;ASC&quot;,&quot;show_title&quot;:&quot;1&quot;,&quot;show_thumbnail&quot;:&quot;1&quot;,&quot;show_author&quot;:&quot;&quot;,&quot;show_categories&quot;:&quot;&quot;,&quot;show_date&quot;:&quot;0&quot;,&quot;show_comment&quot;:&quot;0&quot;,&quot;show_excerpt&quot;:&quot;1&quot;,&quot;show_readmore&quot;:&quot;0&quot;,&quot;excerpt_words&quot;:40,&quot;is_slider&quot;:&quot;0&quot;,&quot;show_nav&quot;:&quot;0&quot;,&quot;auto_play&quot;:&quot;0&quot;,&quot;is_masonry&quot;:0,&quot;show_load_more&quot;:0}\" >\n\t\t\t\t\t\t\t\t\n\t\t\t\t<div class=\"content-wrapper\">\n\t\t\t\t\n\t\t\t\t\t<div class=\"blogs items\">\n\t\t\t\t\t\t\t\t\t\t<article class=\"item has-post-thumbnail\">\n\t\t\t\t\t\n\t\t\t\t\t\t\t\t\t\t\t<div class=\"article-content\">\n\t\t\t\t\t\t\t<div class=\"thumbnail-content\">\n\t\t\t\t\t\t\t\t\t\t\t\t\t\t\t\t\t\t<a class=\"thumbnail\" href=\"https:\/\/aymakoop.com.tr\/de\/firmenverzeichnis\/atalay-lederprodukte\/\" >\n\t\t\t\t\t\t\t\t\t\t\t<figure>\n\t\t\t\t\t\t\t\t\t\t\t<img fetchpriority=\"high\" decoding=\"async\" width=\"314\" height=\"229\" src=\"https:\/\/aymakoop.com.tr\/wp-content\/uploads\/2025\/08\/aymakoop-logo.png\" class=\"attachment-merto_blog_thumb size-merto_blog_thumb wp-post-image\" alt=\"\" srcset=\"https:\/\/aymakoop.com.tr\/wp-content\/uploads\/2025\/08\/aymakoop-logo.png 314w, https:\/\/aymakoop.com.tr\/wp-content\/uploads\/2025\/08\/aymakoop-logo-300x219.png 300w\" sizes=\"(max-width: 314px) 100vw, 314px\" title=\"\">\t\t\t\t\t\t\t\t\t\t\t<\/figure>\n\t\t\t\t\t\t\t\t\t\t<\/a>\n\t\t\t\t\t\t\t\t\t\t\t\t\t\t\t\t<\/div>\n\t\t\t\t\t\t\t\n\t\t\t\t\t\t\t<div class=\"entry-content\">\n\t\t\t\t\t\t\t\t\t\t\t\t\t\t\t\t\n\t\t\t\t\t\t\t\t<header>\n\t\t\t\t\t\t\t\t\t\t\t\t\t\t\t\t\t\t<h4 class=\"heading-title entry-title\">\n\t\t\t\t\t\t\t\t\t\t<a class=\"post-title\" href=\"https:\/\/aymakoop.com.tr\/de\/firmenverzeichnis\/atalay-lederprodukte\/\">Atalay Lederprodukte<\/a>\n\t\t\t\t\t\t\t\t\t<\/h4>\n\t\t\t\t\t\t\t\t\t\t\t\t\t\t\t\t\t<\/header>\n\t\t\t\t\t\t\t\t\n\t\t\t\t\t\t\t\t\t\t\t\t\t\t\t\t    <div class=\"excerpt\">Adressinformationen: C-6 BLOCK NR.: 177 <br \/>\nTelefon: (212) 549-47 51<br \/>\nWebseite: <\/div>\n\t\t\t\t\t\t\t\t    <!--<div class=\"excerpt\"><\/div>-->\n\n\t\t\t\t\t\t\t\t\n\t\t\t\t\t\t\t\t\t\t\t\t\t\t\t<\/div>\n\t\t\t\t\t\t\t\n\t\t\t\t\t\t<\/div>\n\t\t\t\t\t\t\t\n\t\t\t\t\t\t\t\t\t\t<\/article>\n\t\t\t\t\t\t\t\t<article class=\"item has-post-thumbnail\">\n\t\t\t\t\t\n\t\t\t\t\t\t\t\t\t\t\t<div class=\"article-content\">\n\t\t\t\t\t\t\t<div class=\"thumbnail-content\">\n\t\t\t\t\t\t\t\t\t\t\t\t\t\t\t\t\t\t<a class=\"thumbnail\" href=\"https:\/\/aymakoop.com.tr\/de\/firmenverzeichnis\/blauer-mond\/\" >\n\t\t\t\t\t\t\t\t\t\t\t<figure>\n\t\t\t\t\t\t\t\t\t\t\t<img fetchpriority=\"high\" decoding=\"async\" width=\"314\" height=\"229\" src=\"https:\/\/aymakoop.com.tr\/wp-content\/uploads\/2025\/08\/aymakoop-logo.png\" class=\"attachment-merto_blog_thumb size-merto_blog_thumb wp-post-image\" alt=\"\" srcset=\"https:\/\/aymakoop.com.tr\/wp-content\/uploads\/2025\/08\/aymakoop-logo.png 314w, https:\/\/aymakoop.com.tr\/wp-content\/uploads\/2025\/08\/aymakoop-logo-300x219.png 300w\" sizes=\"(max-width: 314px) 100vw, 314px\" title=\"\">\t\t\t\t\t\t\t\t\t\t\t<\/figure>\n\t\t\t\t\t\t\t\t\t\t<\/a>\n\t\t\t\t\t\t\t\t\t\t\t\t\t\t\t\t<\/div>\n\t\t\t\t\t\t\t\n\t\t\t\t\t\t\t<div class=\"entry-content\">\n\t\t\t\t\t\t\t\t\t\t\t\t\t\t\t\t\n\t\t\t\t\t\t\t\t<header>\n\t\t\t\t\t\t\t\t\t\t\t\t\t\t\t\t\t\t<h4 class=\"heading-title entry-title\">\n\t\t\t\t\t\t\t\t\t\t<a class=\"post-title\" href=\"https:\/\/aymakoop.com.tr\/de\/firmenverzeichnis\/blauer-mond\/\">Blauer Mond<\/a>\n\t\t\t\t\t\t\t\t\t<\/h4>\n\t\t\t\t\t\t\t\t\t\t\t\t\t\t\t\t\t<\/header>\n\t\t\t\t\t\t\t\t\n\t\t\t\t\t\t\t\t\t\t\t\t\t\t\t\t    <div class=\"excerpt\">Adressinformationen: C-3 BLOCK NR.: 81 <br \/>\nTelefon: (212) 549-05 23 <br \/>\nWebseite: <\/div>\n\t\t\t\t\t\t\t\t    <!--<div class=\"excerpt\"><\/div>-->\n\n\t\t\t\t\t\t\t\t\n\t\t\t\t\t\t\t\t\t\t\t\t\t\t\t<\/div>\n\t\t\t\t\t\t\t\n\t\t\t\t\t\t<\/div>\n\t\t\t\t\t\t\t\n\t\t\t\t\t\t\t\t\t\t<\/article>\n\t\t\t\t\t\t\t\t<article class=\"item has-post-thumbnail\">\n\t\t\t\t\t\n\t\t\t\t\t\t\t\t\t\t\t<div class=\"article-content\">\n\t\t\t\t\t\t\t<div class=\"thumbnail-content\">\n\t\t\t\t\t\t\t\t\t\t\t\t\t\t\t\t\t\t<a class=\"thumbnail\" href=\"https:\/\/aymakoop.com.tr\/de\/firmenverzeichnis\/muzaffer-guzel\/\" >\n\t\t\t\t\t\t\t\t\t\t\t<figure>\n\t\t\t\t\t\t\t\t\t\t\t<img fetchpriority=\"high\" decoding=\"async\" width=\"314\" height=\"229\" src=\"https:\/\/aymakoop.com.tr\/wp-content\/uploads\/2025\/08\/aymakoop-logo.png\" class=\"attachment-merto_blog_thumb size-merto_blog_thumb wp-post-image\" alt=\"\" srcset=\"https:\/\/aymakoop.com.tr\/wp-content\/uploads\/2025\/08\/aymakoop-logo.png 314w, https:\/\/aymakoop.com.tr\/wp-content\/uploads\/2025\/08\/aymakoop-logo-300x219.png 300w\" sizes=\"(max-width: 314px) 100vw, 314px\" title=\"\">\t\t\t\t\t\t\t\t\t\t\t<\/figure>\n\t\t\t\t\t\t\t\t\t\t<\/a>\n\t\t\t\t\t\t\t\t\t\t\t\t\t\t\t\t<\/div>\n\t\t\t\t\t\t\t\n\t\t\t\t\t\t\t<div class=\"entry-content\">\n\t\t\t\t\t\t\t\t\t\t\t\t\t\t\t\t\n\t\t\t\t\t\t\t\t<header>\n\t\t\t\t\t\t\t\t\t\t\t\t\t\t\t\t\t\t<h4 class=\"heading-title entry-title\">\n\t\t\t\t\t\t\t\t\t\t<a class=\"post-title\" href=\"https:\/\/aymakoop.com.tr\/de\/firmenverzeichnis\/muzaffer-guzel\/\">Muzaffer Guzel<\/a>\n\t\t\t\t\t\t\t\t\t<\/h4>\n\t\t\t\t\t\t\t\t\t\t\t\t\t\t\t\t\t<\/header>\n\t\t\t\t\t\t\t\t\n\t\t\t\t\t\t\t\t\t\t\t\t\t\t\t\t    <div class=\"excerpt\">Adressinformationen: C-7 BLOCK NR.: 96 <br \/>\nTelefon: (212) 542-56 00<br \/>\nWebseite:  <\/div>\n\t\t\t\t\t\t\t\t    <!--<div class=\"excerpt\"><\/div>-->\n\n\t\t\t\t\t\t\t\t\n\t\t\t\t\t\t\t\t\t\t\t\t\t\t\t<\/div>\n\t\t\t\t\t\t\t\n\t\t\t\t\t\t<\/div>\n\t\t\t\t\t\t\t\n\t\t\t\t\t\t\t\t\t\t<\/article>\n\t\t\t\t\t\t\t\t<article class=\"item has-post-thumbnail\">\n\t\t\t\t\t\n\t\t\t\t\t\t\t\t\t\t\t<div class=\"article-content\">\n\t\t\t\t\t\t\t<div class=\"thumbnail-content\">\n\t\t\t\t\t\t\t\t\t\t\t\t\t\t\t\t\t\t<a class=\"thumbnail\" href=\"https:\/\/aymakoop.com.tr\/de\/firmenverzeichnis\/secil-tasche\/\" >\n\t\t\t\t\t\t\t\t\t\t\t<figure>\n\t\t\t\t\t\t\t\t\t\t\t<img fetchpriority=\"high\" decoding=\"async\" width=\"314\" height=\"229\" src=\"https:\/\/aymakoop.com.tr\/wp-content\/uploads\/2025\/08\/aymakoop-logo.png\" class=\"attachment-merto_blog_thumb size-merto_blog_thumb wp-post-image\" alt=\"\" srcset=\"https:\/\/aymakoop.com.tr\/wp-content\/uploads\/2025\/08\/aymakoop-logo.png 314w, https:\/\/aymakoop.com.tr\/wp-content\/uploads\/2025\/08\/aymakoop-logo-300x219.png 300w\" sizes=\"(max-width: 314px) 100vw, 314px\" title=\"\">\t\t\t\t\t\t\t\t\t\t\t<\/figure>\n\t\t\t\t\t\t\t\t\t\t<\/a>\n\t\t\t\t\t\t\t\t\t\t\t\t\t\t\t\t<\/div>\n\t\t\t\t\t\t\t\n\t\t\t\t\t\t\t<div class=\"entry-content\">\n\t\t\t\t\t\t\t\t\t\t\t\t\t\t\t\t\n\t\t\t\t\t\t\t\t<header>\n\t\t\t\t\t\t\t\t\t\t\t\t\t\t\t\t\t\t<h4 class=\"heading-title entry-title\">\n\t\t\t\t\t\t\t\t\t\t<a class=\"post-title\" href=\"https:\/\/aymakoop.com.tr\/de\/firmenverzeichnis\/secil-tasche\/\">SECIL TASCHE<\/a>\n\t\t\t\t\t\t\t\t\t<\/h4>\n\t\t\t\t\t\t\t\t\t\t\t\t\t\t\t\t\t<\/header>\n\t\t\t\t\t\t\t\t\n\t\t\t\t\t\t\t\t\t\t\t\t\t\t\t\t    <div class=\"excerpt\">Adressinformationen: C 2 BLOCK NR.: 113<br \/>\nTelefon: 05367183404- \u0130smail SERV\u0130<br \/>\nWebseite:.<\/div>\n\t\t\t\t\t\t\t\t    <!--<div class=\"excerpt\"><\/div>-->\n\n\t\t\t\t\t\t\t\t\n\t\t\t\t\t\t\t\t\t\t\t\t\t\t\t<\/div>\n\t\t\t\t\t\t\t\n\t\t\t\t\t\t<\/div>\n\t\t\t\t\t\t\t\n\t\t\t\t\t\t\t\t\t\t<\/article>\n\t\t\t\t\t\t\t\t<article class=\"item has-post-thumbnail\">\n\t\t\t\t\t\n\t\t\t\t\t\t\t\t\t\t\t<div class=\"article-content\">\n\t\t\t\t\t\t\t<div class=\"thumbnail-content\">\n\t\t\t\t\t\t\t\t\t\t\t\t\t\t\t\t\t\t<a class=\"thumbnail\" href=\"https:\/\/aymakoop.com.tr\/de\/firmenverzeichnis\/ugurgun-tasche-lederprodukte-buse-aylikci\/\" >\n\t\t\t\t\t\t\t\t\t\t\t<figure>\n\t\t\t\t\t\t\t\t\t\t\t<img fetchpriority=\"high\" decoding=\"async\" width=\"314\" height=\"229\" src=\"https:\/\/aymakoop.com.tr\/wp-content\/uploads\/2025\/08\/aymakoop-logo.png\" class=\"attachment-merto_blog_thumb size-merto_blog_thumb wp-post-image\" alt=\"\" srcset=\"https:\/\/aymakoop.com.tr\/wp-content\/uploads\/2025\/08\/aymakoop-logo.png 314w, https:\/\/aymakoop.com.tr\/wp-content\/uploads\/2025\/08\/aymakoop-logo-300x219.png 300w\" sizes=\"(max-width: 314px) 100vw, 314px\" title=\"\">\t\t\t\t\t\t\t\t\t\t\t<\/figure>\n\t\t\t\t\t\t\t\t\t\t<\/a>\n\t\t\t\t\t\t\t\t\t\t\t\t\t\t\t\t<\/div>\n\t\t\t\t\t\t\t\n\t\t\t\t\t\t\t<div class=\"entry-content\">\n\t\t\t\t\t\t\t\t\t\t\t\t\t\t\t\t\n\t\t\t\t\t\t\t\t<header>\n\t\t\t\t\t\t\t\t\t\t\t\t\t\t\t\t\t\t<h4 class=\"heading-title entry-title\">\n\t\t\t\t\t\t\t\t\t\t<a class=\"post-title\" href=\"https:\/\/aymakoop.com.tr\/de\/firmenverzeichnis\/ugurgun-tasche-lederprodukte-buse-aylikci\/\">U\u011furg\u00fcn Tasche Lederprodukte (Buse Ayl\u0131k\u00e7\u0131)<\/a>\n\t\t\t\t\t\t\t\t\t<\/h4>\n\t\t\t\t\t\t\t\t\t\t\t\t\t\t\t\t\t<\/header>\n\t\t\t\t\t\t\t\t\n\t\t\t\t\t\t\t\t\t\t\t\t\t\t\t\t    <div class=\"excerpt\">Adressinformationen: C-3 Block Nr.: 81<br \/>\nTelefon: 0532 314 08 63<br \/>\nWebseite: <\/div>\n\t\t\t\t\t\t\t\t    <!--<div class=\"excerpt\"><\/div>-->\n\n\t\t\t\t\t\t\t\t\n\t\t\t\t\t\t\t\t\t\t\t\t\t\t\t<\/div>\n\t\t\t\t\t\t\t\n\t\t\t\t\t\t<\/div>\n\t\t\t\t\t\t\t\n\t\t\t\t\t\t\t\t\t\t<\/article>\n\t\t\t\t\t\t\t\t\t<\/div>\n\t\t\t\t\t\n\t\t\t\t\t\t\t\t\t\t\n\t\t\t\t<\/div>\n\t\t\t<\/div>\n\t\t\t\t\t\t<\/div>\n\t\t\t\t<\/div>\n\t\t\t\t<\/div>\n\t\t\t\t\t<\/div>\n\t\t\t\t<\/div>\n\t\t<div class=\"elementor-element elementor-element-c929f21 e-flex e-con-boxed e-con e-parent\" data-id=\"c929f21\" data-element_type=\"container\">\n\t\t\t\t\t<div class=\"e-con-inner\">\n\t\t\t\t<div class=\"elementor-element elementor-element-25c2b05 elementor-widget elementor-widget-html\" data-id=\"25c2b05\" data-element_type=\"widget\" data-widget_type=\"html.default\">\n\t\t\t\t\t<style>\n    .has-post-thumbnail{    background: #f3f3f3;\n    padding: 10px;\n}}\n<\/style>\t\t\t\t<\/div>\n\t\t\t\t\t<\/div>\n\t\t\t\t<\/div>\n\t\t\t\t<\/div>","protected":false},"excerpt":{"rendered":"<p>Atalay Deri Mam\u00fclleri Adres Bilgisi : C-6 BLOK NO:177 Telefon: (212) 549-47 51 Web Site :<\/p>","protected":false},"author":1,"featured_media":0,"parent":0,"menu_order":0,"comment_status":"closed","ping_status":"closed","template":"","meta":{"footnotes":""},"class_list":["post-15225","page","type-page","status-publish","hentry"],"_links":{"self":[{"href":"https:\/\/aymakoop.com.tr\/de\/wp-json\/wp\/v2\/pages\/15225","targetHints":{"allow":["GET"]}}],"collection":[{"href":"https:\/\/aymakoop.com.tr\/de\/wp-json\/wp\/v2\/pages"}],"about":[{"href":"https:\/\/aymakoop.com.tr\/de\/wp-json\/wp\/v2\/types\/page"}],"author":[{"embeddable":true,"href":"https:\/\/aymakoop.com.tr\/de\/wp-json\/wp\/v2\/users\/1"}],"replies":[{"embeddable":true,"href":"https:\/\/aymakoop.com.tr\/de\/wp-json\/wp\/v2\/comments?post=15225"}],"version-history":[{"count":0,"href":"https:\/\/aymakoop.com.tr\/de\/wp-json\/wp\/v2\/pages\/15225\/revisions"}],"wp:attachment":[{"href":"https:\/\/aymakoop.com.tr\/de\/wp-json\/wp\/v2\/media?parent=15225"}],"curies":[{"name":"wp","href":"https:\/\/api.w.org\/{rel}","templated":true}]}}