{"id":11147,"date":"2025-08-21T12:17:30","date_gmt":"2025-08-21T09:17:30","guid":{"rendered":"https:\/\/aymakoop.com.tr\/?page_id=11147"},"modified":"2025-08-21T16:53:52","modified_gmt":"2025-08-21T13:53:52","slug":"messeveranstaltungen","status":"publish","type":"page","link":"https:\/\/aymakoop.com.tr\/de\/fuar-etkinlikler\/","title":{"rendered":"Messen &amp; Events"},"content":{"rendered":"<div data-elementor-type=\"wp-page\" data-elementor-id=\"11147\" class=\"elementor elementor-11147\">\n\t\t\t\t<div class=\"elementor-element elementor-element-bae33c8 e-flex e-con-boxed e-con e-parent\" data-id=\"bae33c8\" data-element_type=\"container\">\n\t\t\t\t\t<div class=\"e-con-inner\">\n\t\t<div class=\"elementor-element elementor-element-ca76a35 e-con-full e-flex e-con e-child\" data-id=\"ca76a35\" data-element_type=\"container\">\n\t\t\t\t<div class=\"elementor-element elementor-element-2b5abf9 elementor-widget elementor-widget-sidebar\" data-id=\"2b5abf9\" data-element_type=\"widget\" data-widget_type=\"sidebar.default\">\n\t\t\t\t\t<section id=\"nav_menu-3\" class=\"widget-container widget_nav_menu\"><div class=\"menu-sidebar-container\"><ul id=\"menu-sidebar\" class=\"menu\"><li id=\"menu-item-10746\" class=\"menu-item menu-item-type-post_type menu-item-object-page menu-item-10746\"><a href=\"https:\/\/aymakoop.com.tr\/de\/misyon-vizyon\/\">Mission und Vision<\/a><\/li>\n<li id=\"menu-item-10793\" class=\"menu-item menu-item-type-post_type menu-item-object-page menu-item-10793\"><a href=\"https:\/\/aymakoop.com.tr\/de\/yonetim-kurulu\/\">Vorstand<\/a><\/li>\n<li id=\"menu-item-10803\" class=\"menu-item menu-item-type-post_type menu-item-object-page menu-item-10803\"><a href=\"https:\/\/aymakoop.com.tr\/de\/organizasyon-semasi\/\">Organigramm<\/a><\/li>\n<li id=\"menu-item-10694\" class=\"menu-item menu-item-type-custom menu-item-object-custom menu-item-10694\"><a href=\"#\">Generalversammlung<\/a><\/li>\n<li id=\"menu-item-10698\" class=\"menu-item menu-item-type-custom menu-item-object-custom menu-item-10698\"><a href=\"#\">Bildergalerie<\/a><\/li>\n<li id=\"menu-item-11141\" class=\"menu-item menu-item-type-post_type menu-item-object-page menu-item-11141\"><a href=\"https:\/\/aymakoop.com.tr\/de\/guncel-duyurular\/\">Aktuelle Meldungen<\/a><\/li>\n<li id=\"menu-item-11140\" class=\"menu-item menu-item-type-post_type menu-item-object-page menu-item-11140\"><a href=\"https:\/\/aymakoop.com.tr\/de\/haberler\/\">Nachricht<\/a><\/li>\n<li id=\"menu-item-10850\" class=\"menu-item menu-item-type-post_type menu-item-object-page menu-item-10850\"><a href=\"https:\/\/aymakoop.com.tr\/de\/dunyada-ayakkabi-sektoru\/\">Die Schuhindustrie in der Welt<\/a><\/li>\n<li id=\"menu-item-10863\" class=\"menu-item menu-item-type-post_type menu-item-object-page menu-item-10863\"><a href=\"https:\/\/aymakoop.com.tr\/de\/alt-yapi-bilgileri\/\">Infrastrukturinformationen<\/a><\/li>\n<li id=\"menu-item-10844\" class=\"menu-item menu-item-type-post_type menu-item-object-page menu-item-10844\"><a href=\"https:\/\/aymakoop.com.tr\/de\/odullerimiz\/\">Unsere Auszeichnungen<\/a><\/li>\n<li id=\"menu-item-10896\" class=\"menu-item menu-item-type-post_type menu-item-object-page menu-item-10896\"><a href=\"https:\/\/aymakoop.com.tr\/de\/belgelerimiz-sertifikalar\/\">Unsere Dokumente &amp; Zertifikate<\/a><\/li>\n<li id=\"menu-item-10920\" class=\"menu-item menu-item-type-post_type menu-item-object-page menu-item-10920\"><a href=\"https:\/\/aymakoop.com.tr\/de\/basvuru-formlari\/\">Antragsformulare<\/a><\/li>\n<li id=\"menu-item-10956\" class=\"menu-item menu-item-type-post_type menu-item-object-page menu-item-10956\"><a href=\"https:\/\/aymakoop.com.tr\/de\/basinda-biz\/\">Wir in der Presse<\/a><\/li>\n<li id=\"menu-item-11632\" class=\"menu-item menu-item-type-post_type menu-item-object-page menu-item-11632\"><a href=\"https:\/\/aymakoop.com.tr\/de\/kategorize-firma-rehberi\/\">Nicht kategorisiertes Firmenverzeichnis<\/a><\/li>\n<li id=\"menu-item-11633\" class=\"menu-item menu-item-type-post_type menu-item-object-page menu-item-11633\"><a href=\"https:\/\/aymakoop.com.tr\/de\/alfabetik-firma-rehberi\/\">Alphabetisches Firmenverzeichnis<\/a><\/li>\n<\/ul><\/div><\/section>\t\t\t\t<\/div>\n\t\t\t\t<\/div>\n\t\t<div class=\"elementor-element elementor-element-85b6fde e-con-full e-flex e-con e-child\" data-id=\"85b6fde\" data-element_type=\"container\">\n\t\t\t\t<div class=\"elementor-element elementor-element-c9c9682 elementor-widget elementor-widget-ts-blogs\" data-id=\"c9c9682\" data-element_type=\"widget\" data-widget_type=\"ts-blogs.default\">\n\t\t\t\t<div class=\"elementor-widget-container\">\n\t\t\t\t\t\t\t\t<div class=\"ts-blogs-wrapper ts-shortcode ts-blogs columns-3\" style=\"--ts-columns: 3\" data-atts=\"{&quot;layout&quot;:&quot;grid&quot;,&quot;columns&quot;:3,&quot;categories&quot;:&quot;306&quot;,&quot;limit&quot;:6,&quot;orderby&quot;:&quot;date&quot;,&quot;order&quot;:&quot;DESC&quot;,&quot;show_title&quot;:&quot;1&quot;,&quot;show_thumbnail&quot;:&quot;1&quot;,&quot;show_author&quot;:&quot;&quot;,&quot;show_categories&quot;:&quot;&quot;,&quot;show_date&quot;:&quot;0&quot;,&quot;show_comment&quot;:&quot;0&quot;,&quot;show_excerpt&quot;:&quot;0&quot;,&quot;show_readmore&quot;:&quot;0&quot;,&quot;excerpt_words&quot;:20,&quot;is_slider&quot;:&quot;0&quot;,&quot;show_nav&quot;:&quot;0&quot;,&quot;auto_play&quot;:&quot;0&quot;,&quot;is_masonry&quot;:0,&quot;show_load_more&quot;:0}\" >\n\t\t\t\t\t\t\t\t\n\t\t\t\t<div class=\"content-wrapper\">\n\t\t\t\t\n\t\t\t\t\t<div class=\"blogs items\">\n\t\t\t\t\t\t\t\t\t\t<article class=\"item has-post-thumbnail\">\n\t\t\t\t\t\n\t\t\t\t\t\t\t\t\t\t\t<div class=\"article-content\">\n\t\t\t\t\t\t\t<div class=\"thumbnail-content\">\n\t\t\t\t\t\t\t\t\t\t\t\t\t\t\t\t\t\t<a class=\"thumbnail\" href=\"https:\/\/aymakoop.com.tr\/de\/fuar-etkinlikler\/gafshoes-37-uluslararasi-ayakkabi-terlik-ve-yan-sanayi-yaz-fuari\/\" >\n\t\t\t\t\t\t\t\t\t\t\t<figure>\n\t\t\t\t\t\t\t\t\t\t\t<img fetchpriority=\"high\" decoding=\"async\" width=\"880\" height=\"450\" src=\"https:\/\/aymakoop.com.tr\/wp-content\/uploads\/2025\/10\/gafshoes-37-uluslararasi-ayakkabi-terlik-ve-yan-sanayi-yaz-fuari-1.jpg\" class=\"attachment-merto_blog_thumb size-merto_blog_thumb wp-post-image\" alt=\"\" srcset=\"https:\/\/aymakoop.com.tr\/wp-content\/uploads\/2025\/10\/gafshoes-37-uluslararasi-ayakkabi-terlik-ve-yan-sanayi-yaz-fuari-1.jpg 880w, https:\/\/aymakoop.com.tr\/wp-content\/uploads\/2025\/10\/gafshoes-37-uluslararasi-ayakkabi-terlik-ve-yan-sanayi-yaz-fuari-1-300x153.jpg 300w, https:\/\/aymakoop.com.tr\/wp-content\/uploads\/2025\/10\/gafshoes-37-uluslararasi-ayakkabi-terlik-ve-yan-sanayi-yaz-fuari-1-768x393.jpg 768w, https:\/\/aymakoop.com.tr\/wp-content\/uploads\/2025\/10\/gafshoes-37-uluslararasi-ayakkabi-terlik-ve-yan-sanayi-yaz-fuari-1-18x9.jpg 18w, https:\/\/aymakoop.com.tr\/wp-content\/uploads\/2025\/10\/gafshoes-37-uluslararasi-ayakkabi-terlik-ve-yan-sanayi-yaz-fuari-1-700x358.jpg 700w\" sizes=\"(max-width: 880px) 100vw, 880px\" title=\"\">\t\t\t\t\t\t\t\t\t\t\t<\/figure>\n\t\t\t\t\t\t\t\t\t\t<\/a>\n\t\t\t\t\t\t\t\t\t\t\t\t\t\t\t\t<\/div>\n\t\t\t\t\t\t\t\n\t\t\t\t\t\t\t<div class=\"entry-content\">\n\t\t\t\t\t\t\t\t\t\t\t\t\t\t\t\t\n\t\t\t\t\t\t\t\t<header>\n\t\t\t\t\t\t\t\t\t\t\t\t\t\t\t\t\t\t<h4 class=\"heading-title entry-title\">\n\t\t\t\t\t\t\t\t\t\t<a class=\"post-title\" href=\"https:\/\/aymakoop.com.tr\/de\/fuar-etkinlikler\/gafshoes-37-uluslararasi-ayakkabi-terlik-ve-yan-sanayi-yaz-fuari\/\">Gafshoes 37. Internationale Sommermesse f\u00fcr Schuh-, Hausschuh- und Nebengewerbeindustrie<\/a>\n\t\t\t\t\t\t\t\t\t<\/h4>\n\t\t\t\t\t\t\t\t\t\t\t\t\t\t\t\t\t<\/header>\n\t\t\t\t\t\t\t\t\n\t\t\t\t\t\t\t\t\n\t\t\t\t\t\t\t\t\t\t\t\t\t\t\t<\/div>\n\t\t\t\t\t\t\t\n\t\t\t\t\t\t<\/div>\n\t\t\t\t\t\t\t\n\t\t\t\t\t\t\t\t\t\t<\/article>\n\t\t\t\t\t\t\t\t<article class=\"item has-post-thumbnail\">\n\t\t\t\t\t\n\t\t\t\t\t\t\t\t\t\t\t<div class=\"article-content\">\n\t\t\t\t\t\t\t<div class=\"thumbnail-content\">\n\t\t\t\t\t\t\t\t\t\t\t\t\t\t\t\t\t\t<a class=\"thumbnail\" href=\"https:\/\/aymakoop.com.tr\/de\/fuar-etkinlikler\/aysaf-uluslararasi-ayakkabi-yan-sanayi-fuari-2025\/\" >\n\t\t\t\t\t\t\t\t\t\t\t<figure>\n\t\t\t\t\t\t\t\t\t\t\t<img decoding=\"async\" width=\"880\" height=\"450\" src=\"https:\/\/aymakoop.com.tr\/wp-content\/uploads\/2025\/10\/aysaf-uluslararasi-ayakkabi-yan-sanayi-fuari-2025-1.jpg\" class=\"attachment-merto_blog_thumb size-merto_blog_thumb wp-post-image\" alt=\"\" srcset=\"https:\/\/aymakoop.com.tr\/wp-content\/uploads\/2025\/10\/aysaf-uluslararasi-ayakkabi-yan-sanayi-fuari-2025-1.jpg 880w, https:\/\/aymakoop.com.tr\/wp-content\/uploads\/2025\/10\/aysaf-uluslararasi-ayakkabi-yan-sanayi-fuari-2025-1-300x153.jpg 300w, https:\/\/aymakoop.com.tr\/wp-content\/uploads\/2025\/10\/aysaf-uluslararasi-ayakkabi-yan-sanayi-fuari-2025-1-768x393.jpg 768w, https:\/\/aymakoop.com.tr\/wp-content\/uploads\/2025\/10\/aysaf-uluslararasi-ayakkabi-yan-sanayi-fuari-2025-1-18x9.jpg 18w, https:\/\/aymakoop.com.tr\/wp-content\/uploads\/2025\/10\/aysaf-uluslararasi-ayakkabi-yan-sanayi-fuari-2025-1-700x358.jpg 700w\" sizes=\"(max-width: 880px) 100vw, 880px\" title=\"\">\t\t\t\t\t\t\t\t\t\t\t<\/figure>\n\t\t\t\t\t\t\t\t\t\t<\/a>\n\t\t\t\t\t\t\t\t\t\t\t\t\t\t\t\t<\/div>\n\t\t\t\t\t\t\t\n\t\t\t\t\t\t\t<div class=\"entry-content\">\n\t\t\t\t\t\t\t\t\t\t\t\t\t\t\t\t\n\t\t\t\t\t\t\t\t<header>\n\t\t\t\t\t\t\t\t\t\t\t\t\t\t\t\t\t\t<h4 class=\"heading-title entry-title\">\n\t\t\t\t\t\t\t\t\t\t<a class=\"post-title\" href=\"https:\/\/aymakoop.com.tr\/de\/fuar-etkinlikler\/aysaf-uluslararasi-ayakkabi-yan-sanayi-fuari-2025\/\">Aysaf Internationale Messe f\u00fcr Schuhkomponenten 2025<\/a>\n\t\t\t\t\t\t\t\t\t<\/h4>\n\t\t\t\t\t\t\t\t\t\t\t\t\t\t\t\t\t<\/header>\n\t\t\t\t\t\t\t\t\n\t\t\t\t\t\t\t\t\n\t\t\t\t\t\t\t\t\t\t\t\t\t\t\t<\/div>\n\t\t\t\t\t\t\t\n\t\t\t\t\t\t<\/div>\n\t\t\t\t\t\t\t\n\t\t\t\t\t\t\t\t\t\t<\/article>\n\t\t\t\t\t\t\t\t<article class=\"item has-post-thumbnail\">\n\t\t\t\t\t\n\t\t\t\t\t\t\t\t\t\t\t<div class=\"article-content\">\n\t\t\t\t\t\t\t<div class=\"thumbnail-content\">\n\t\t\t\t\t\t\t\t\t\t\t\t\t\t\t\t\t\t<a class=\"thumbnail\" href=\"https:\/\/aymakoop.com.tr\/de\/fuar-etkinlikler\/nobel-master-shoes-ayakkabi-canta-moda-fuari\/\" >\n\t\t\t\t\t\t\t\t\t\t\t<figure>\n\t\t\t\t\t\t\t\t\t\t\t<img decoding=\"async\" width=\"880\" height=\"450\" src=\"https:\/\/aymakoop.com.tr\/wp-content\/uploads\/2025\/10\/nobel-master-shoes-ayakkabi-canta-moda-fuari-1.jpg\" class=\"attachment-merto_blog_thumb size-merto_blog_thumb wp-post-image\" alt=\"\" srcset=\"https:\/\/aymakoop.com.tr\/wp-content\/uploads\/2025\/10\/nobel-master-shoes-ayakkabi-canta-moda-fuari-1.jpg 880w, https:\/\/aymakoop.com.tr\/wp-content\/uploads\/2025\/10\/nobel-master-shoes-ayakkabi-canta-moda-fuari-1-300x153.jpg 300w, https:\/\/aymakoop.com.tr\/wp-content\/uploads\/2025\/10\/nobel-master-shoes-ayakkabi-canta-moda-fuari-1-768x393.jpg 768w, https:\/\/aymakoop.com.tr\/wp-content\/uploads\/2025\/10\/nobel-master-shoes-ayakkabi-canta-moda-fuari-1-18x9.jpg 18w, https:\/\/aymakoop.com.tr\/wp-content\/uploads\/2025\/10\/nobel-master-shoes-ayakkabi-canta-moda-fuari-1-700x358.jpg 700w\" sizes=\"(max-width: 880px) 100vw, 880px\" title=\"\">\t\t\t\t\t\t\t\t\t\t\t<\/figure>\n\t\t\t\t\t\t\t\t\t\t<\/a>\n\t\t\t\t\t\t\t\t\t\t\t\t\t\t\t\t<\/div>\n\t\t\t\t\t\t\t\n\t\t\t\t\t\t\t<div class=\"entry-content\">\n\t\t\t\t\t\t\t\t\t\t\t\t\t\t\t\t\n\t\t\t\t\t\t\t\t<header>\n\t\t\t\t\t\t\t\t\t\t\t\t\t\t\t\t\t\t<h4 class=\"heading-title entry-title\">\n\t\t\t\t\t\t\t\t\t\t<a class=\"post-title\" href=\"https:\/\/aymakoop.com.tr\/de\/fuar-etkinlikler\/nobel-master-shoes-ayakkabi-canta-moda-fuari\/\">Nobel Master Shoes \u2013 Schuh- und Taschenmodemesse<\/a>\n\t\t\t\t\t\t\t\t\t<\/h4>\n\t\t\t\t\t\t\t\t\t\t\t\t\t\t\t\t\t<\/header>\n\t\t\t\t\t\t\t\t\n\t\t\t\t\t\t\t\t\n\t\t\t\t\t\t\t\t\t\t\t\t\t\t\t<\/div>\n\t\t\t\t\t\t\t\n\t\t\t\t\t\t<\/div>\n\t\t\t\t\t\t\t\n\t\t\t\t\t\t\t\t\t\t<\/article>\n\t\t\t\t\t\t\t\t<article class=\"item has-post-thumbnail\">\n\t\t\t\t\t\n\t\t\t\t\t\t\t\t\t\t\t<div class=\"article-content\">\n\t\t\t\t\t\t\t<div class=\"thumbnail-content\">\n\t\t\t\t\t\t\t\t\t\t\t\t\t\t\t\t\t\t<a class=\"thumbnail\" href=\"https:\/\/aymakoop.com.tr\/de\/fuar-etkinlikler\/intermoda-ayakkabi-fuari\/\" >\n\t\t\t\t\t\t\t\t\t\t\t<figure>\n\t\t\t\t\t\t\t\t\t\t\t<img loading=\"lazy\" decoding=\"async\" width=\"880\" height=\"450\" src=\"https:\/\/aymakoop.com.tr\/wp-content\/uploads\/2025\/09\/intermoda-ayakkabi-fuari-1.jpg\" class=\"attachment-merto_blog_thumb size-merto_blog_thumb wp-post-image\" alt=\"\" srcset=\"https:\/\/aymakoop.com.tr\/wp-content\/uploads\/2025\/09\/intermoda-ayakkabi-fuari-1.jpg 880w, https:\/\/aymakoop.com.tr\/wp-content\/uploads\/2025\/09\/intermoda-ayakkabi-fuari-1-300x153.jpg 300w, https:\/\/aymakoop.com.tr\/wp-content\/uploads\/2025\/09\/intermoda-ayakkabi-fuari-1-768x393.jpg 768w, https:\/\/aymakoop.com.tr\/wp-content\/uploads\/2025\/09\/intermoda-ayakkabi-fuari-1-18x9.jpg 18w, https:\/\/aymakoop.com.tr\/wp-content\/uploads\/2025\/09\/intermoda-ayakkabi-fuari-1-700x358.jpg 700w\" sizes=\"(max-width: 880px) 100vw, 880px\" title=\"\">\t\t\t\t\t\t\t\t\t\t\t<\/figure>\n\t\t\t\t\t\t\t\t\t\t<\/a>\n\t\t\t\t\t\t\t\t\t\t\t\t\t\t\t\t<\/div>\n\t\t\t\t\t\t\t\n\t\t\t\t\t\t\t<div class=\"entry-content\">\n\t\t\t\t\t\t\t\t\t\t\t\t\t\t\t\t\n\t\t\t\t\t\t\t\t<header>\n\t\t\t\t\t\t\t\t\t\t\t\t\t\t\t\t\t\t<h4 class=\"heading-title entry-title\">\n\t\t\t\t\t\t\t\t\t\t<a class=\"post-title\" href=\"https:\/\/aymakoop.com.tr\/de\/fuar-etkinlikler\/intermoda-ayakkabi-fuari\/\">Intermoda Schuhmesse<\/a>\n\t\t\t\t\t\t\t\t\t<\/h4>\n\t\t\t\t\t\t\t\t\t\t\t\t\t\t\t\t\t<\/header>\n\t\t\t\t\t\t\t\t\n\t\t\t\t\t\t\t\t\n\t\t\t\t\t\t\t\t\t\t\t\t\t\t\t<\/div>\n\t\t\t\t\t\t\t\n\t\t\t\t\t\t<\/div>\n\t\t\t\t\t\t\t\n\t\t\t\t\t\t\t\t\t\t<\/article>\n\t\t\t\t\t\t\t\t<article class=\"item has-post-thumbnail\">\n\t\t\t\t\t\n\t\t\t\t\t\t\t\t\t\t\t<div class=\"article-content\">\n\t\t\t\t\t\t\t<div class=\"thumbnail-content\">\n\t\t\t\t\t\t\t\t\t\t\t\t\t\t\t\t\t\t<a class=\"thumbnail\" href=\"https:\/\/aymakoop.com.tr\/de\/fuar-etkinlikler\/aysafda-500-milyon-dolar-civarinda-is-baglantisi-gerceklesti\/\" >\n\t\t\t\t\t\t\t\t\t\t\t<figure>\n\t\t\t\t\t\t\t\t\t\t\t<img loading=\"lazy\" decoding=\"async\" width=\"880\" height=\"450\" src=\"https:\/\/aymakoop.com.tr\/wp-content\/uploads\/2025\/08\/aysaf-fuar-2019.jpg\" class=\"attachment-merto_blog_thumb size-merto_blog_thumb wp-post-image\" alt=\"\" srcset=\"https:\/\/aymakoop.com.tr\/wp-content\/uploads\/2025\/08\/aysaf-fuar-2019.jpg 880w, https:\/\/aymakoop.com.tr\/wp-content\/uploads\/2025\/08\/aysaf-fuar-2019-300x153.jpg 300w, https:\/\/aymakoop.com.tr\/wp-content\/uploads\/2025\/08\/aysaf-fuar-2019-768x393.jpg 768w, https:\/\/aymakoop.com.tr\/wp-content\/uploads\/2025\/08\/aysaf-fuar-2019-700x358.jpg 700w\" sizes=\"(max-width: 880px) 100vw, 880px\" title=\"\">\t\t\t\t\t\t\t\t\t\t\t<\/figure>\n\t\t\t\t\t\t\t\t\t\t<\/a>\n\t\t\t\t\t\t\t\t\t\t\t\t\t\t\t\t<\/div>\n\t\t\t\t\t\t\t\n\t\t\t\t\t\t\t<div class=\"entry-content\">\n\t\t\t\t\t\t\t\t\t\t\t\t\t\t\t\t\n\t\t\t\t\t\t\t\t<header>\n\t\t\t\t\t\t\t\t\t\t\t\t\t\t\t\t\t\t<h4 class=\"heading-title entry-title\">\n\t\t\t\t\t\t\t\t\t\t<a class=\"post-title\" href=\"https:\/\/aymakoop.com.tr\/de\/fuar-etkinlikler\/aysafda-500-milyon-dolar-civarinda-is-baglantisi-gerceklesti\/\">Bei AYSAF wurden Gesch\u00e4ftskontakte im Wert von rund 500 Millionen US-Dollar gekn\u00fcpft<\/a>\n\t\t\t\t\t\t\t\t\t<\/h4>\n\t\t\t\t\t\t\t\t\t\t\t\t\t\t\t\t\t<\/header>\n\t\t\t\t\t\t\t\t\n\t\t\t\t\t\t\t\t\n\t\t\t\t\t\t\t\t\t\t\t\t\t\t\t<\/div>\n\t\t\t\t\t\t\t\n\t\t\t\t\t\t<\/div>\n\t\t\t\t\t\t\t\n\t\t\t\t\t\t\t\t\t\t<\/article>\n\t\t\t\t\t\t\t\t<article class=\"item has-post-thumbnail\">\n\t\t\t\t\t\n\t\t\t\t\t\t\t\t\t\t\t<div class=\"article-content\">\n\t\t\t\t\t\t\t<div class=\"thumbnail-content\">\n\t\t\t\t\t\t\t\t\t\t\t\t\t\t\t\t\t\t<a class=\"thumbnail\" href=\"https:\/\/aymakoop.com.tr\/de\/fuar-etkinlikler\/turk-ayakkabi-sektorunun-rakipsiz-fuari-aymod-kapilarini-aciyor\/\" >\n\t\t\t\t\t\t\t\t\t\t\t<figure>\n\t\t\t\t\t\t\t\t\t\t\t<img loading=\"lazy\" decoding=\"async\" width=\"880\" height=\"450\" src=\"https:\/\/aymakoop.com.tr\/wp-content\/uploads\/2025\/08\/aymod-fuar-2020.jpg\" class=\"attachment-merto_blog_thumb size-merto_blog_thumb wp-post-image\" alt=\"\" srcset=\"https:\/\/aymakoop.com.tr\/wp-content\/uploads\/2025\/08\/aymod-fuar-2020.jpg 880w, https:\/\/aymakoop.com.tr\/wp-content\/uploads\/2025\/08\/aymod-fuar-2020-300x153.jpg 300w, https:\/\/aymakoop.com.tr\/wp-content\/uploads\/2025\/08\/aymod-fuar-2020-768x393.jpg 768w, https:\/\/aymakoop.com.tr\/wp-content\/uploads\/2025\/08\/aymod-fuar-2020-700x358.jpg 700w\" sizes=\"(max-width: 880px) 100vw, 880px\" title=\"\">\t\t\t\t\t\t\t\t\t\t\t<\/figure>\n\t\t\t\t\t\t\t\t\t\t<\/a>\n\t\t\t\t\t\t\t\t\t\t\t\t\t\t\t\t<\/div>\n\t\t\t\t\t\t\t\n\t\t\t\t\t\t\t<div class=\"entry-content\">\n\t\t\t\t\t\t\t\t\t\t\t\t\t\t\t\t\n\t\t\t\t\t\t\t\t<header>\n\t\t\t\t\t\t\t\t\t\t\t\t\t\t\t\t\t\t<h4 class=\"heading-title entry-title\">\n\t\t\t\t\t\t\t\t\t\t<a class=\"post-title\" href=\"https:\/\/aymakoop.com.tr\/de\/fuar-etkinlikler\/turk-ayakkabi-sektorunun-rakipsiz-fuari-aymod-kapilarini-aciyor\/\">AYMOD, die konkurrenzlose Messe f\u00fcr die t\u00fcrkische Schuhindustrie, \u00f6ffnet ihre T\u00fcren<\/a>\n\t\t\t\t\t\t\t\t\t<\/h4>\n\t\t\t\t\t\t\t\t\t\t\t\t\t\t\t\t\t<\/header>\n\t\t\t\t\t\t\t\t\n\t\t\t\t\t\t\t\t\n\t\t\t\t\t\t\t\t\t\t\t\t\t\t\t<\/div>\n\t\t\t\t\t\t\t\n\t\t\t\t\t\t<\/div>\n\t\t\t\t\t\t\t\n\t\t\t\t\t\t\t\t\t\t<\/article>\n\t\t\t\t\t\t\t\t\t<\/div>\n\t\t\t\t\t\n\t\t\t\t\t\t\t\t\t\t\n\t\t\t\t<\/div>\n\t\t\t<\/div>\n\t\t\t\t\t\t<\/div>\n\t\t\t\t<\/div>\n\t\t\t\t<\/div>\n\t\t\t\t\t<\/div>\n\t\t\t\t<\/div>\n\t\t\t\t<\/div>","protected":false},"excerpt":{"rendered":"<p>Reparaturarbeiten an M\u00fcllcontainern und Umweltplanungsarbeiten zwischen den Bl\u00f6cken A-6 und B-7<\/p>","protected":false},"author":1,"featured_media":0,"parent":0,"menu_order":0,"comment_status":"closed","ping_status":"closed","template":"","meta":{"footnotes":""},"class_list":["post-11147","page","type-page","status-publish","hentry"],"_links":{"self":[{"href":"https:\/\/aymakoop.com.tr\/de\/wp-json\/wp\/v2\/pages\/11147","targetHints":{"allow":["GET"]}}],"collection":[{"href":"https:\/\/aymakoop.com.tr\/de\/wp-json\/wp\/v2\/pages"}],"about":[{"href":"https:\/\/aymakoop.com.tr\/de\/wp-json\/wp\/v2\/types\/page"}],"author":[{"embeddable":true,"href":"https:\/\/aymakoop.com.tr\/de\/wp-json\/wp\/v2\/users\/1"}],"replies":[{"embeddable":true,"href":"https:\/\/aymakoop.com.tr\/de\/wp-json\/wp\/v2\/comments?post=11147"}],"version-history":[{"count":0,"href":"https:\/\/aymakoop.com.tr\/de\/wp-json\/wp\/v2\/pages\/11147\/revisions"}],"wp:attachment":[{"href":"https:\/\/aymakoop.com.tr\/de\/wp-json\/wp\/v2\/media?parent=11147"}],"curies":[{"name":"wp","href":"https:\/\/api.w.org\/{rel}","templated":true}]}}