{"id":11134,"date":"2025-08-21T12:01:23","date_gmt":"2025-08-21T09:01:23","guid":{"rendered":"https:\/\/aymakoop.com.tr\/?page_id=11134"},"modified":"2025-09-05T17:03:10","modified_gmt":"2025-09-05T14:03:10","slug":"%d8%a3%d8%ae%d8%a8%d8%a7%d8%b1","status":"publish","type":"page","link":"https:\/\/aymakoop.com.tr\/ar\/%d8%a3%d8%ae%d8%a8%d8%a7%d8%b1\/","title":{"rendered":"\u0623\u062e\u0628\u0627\u0631"},"content":{"rendered":"<div data-elementor-type=\"wp-page\" data-elementor-id=\"11134\" class=\"elementor elementor-11134\">\n\t\t\t\t<div class=\"elementor-element elementor-element-bae33c8 e-flex e-con-boxed e-con e-parent\" data-id=\"bae33c8\" data-element_type=\"container\">\n\t\t\t\t\t<div class=\"e-con-inner\">\n\t\t<div class=\"elementor-element elementor-element-ca76a35 e-con-full e-flex e-con e-child\" data-id=\"ca76a35\" data-element_type=\"container\">\n\t\t\t\t<div class=\"elementor-element elementor-element-2b5abf9 elementor-widget elementor-widget-sidebar\" data-id=\"2b5abf9\" data-element_type=\"widget\" data-widget_type=\"sidebar.default\">\n\t\t\t\t\t<section id=\"nav_menu-3\" class=\"widget-container widget_nav_menu\"><div class=\"menu-sidebar-container\"><ul id=\"menu-sidebar\" class=\"menu\"><li id=\"menu-item-10746\" class=\"menu-item menu-item-type-post_type menu-item-object-page menu-item-10746\"><a href=\"https:\/\/aymakoop.com.tr\/ar\/%d8%b1%d8%a4%d9%8a%d8%a9-%d8%a7%d9%84%d9%85%d9%87%d9%85%d8%a9\/\">\u0627\u0644\u0631\u0633\u0627\u0644\u0629 \u0648\u0627\u0644\u0631\u0624\u064a\u0629<\/a><\/li>\n<li id=\"menu-item-10793\" class=\"menu-item menu-item-type-post_type menu-item-object-page menu-item-10793\"><a href=\"https:\/\/aymakoop.com.tr\/ar\/%d9%85%d8%ac%d9%84%d8%b3-%d8%a5%d8%af%d8%a7%d8%b1%d8%a9\/\">\u0645\u062c\u0644\u0633 \u0625\u062f\u0627\u0631\u0629<\/a><\/li>\n<li id=\"menu-item-10803\" class=\"menu-item menu-item-type-post_type menu-item-object-page menu-item-10803\"><a href=\"https:\/\/aymakoop.com.tr\/ar\/%d8%a7%d9%84%d9%85%d8%ae%d8%b7%d8%b7-%d8%a7%d9%84%d8%aa%d9%86%d8%b8%d9%8a%d9%85%d9%8a\/\">\u0627\u0644\u0645\u062e\u0637\u0637 \u0627\u0644\u062a\u0646\u0638\u064a\u0645\u064a<\/a><\/li>\n<li id=\"menu-item-10694\" class=\"menu-item menu-item-type-custom menu-item-object-custom menu-item-10694\"><a href=\"#\">\u0627\u0644\u062c\u0645\u0639\u064a\u0629 \u0627\u0644\u0639\u0627\u0645\u0629<\/a><\/li>\n<li id=\"menu-item-10698\" class=\"menu-item menu-item-type-custom menu-item-object-custom menu-item-10698\"><a href=\"#\">\u0645\u0639\u0631\u0636 \u0627\u0644\u0635\u0648\u0631<\/a><\/li>\n<li id=\"menu-item-11141\" class=\"menu-item menu-item-type-post_type menu-item-object-page menu-item-11141\"><a href=\"https:\/\/aymakoop.com.tr\/ar\/%d8%a7%d9%84%d8%a5%d8%b9%d9%84%d8%a7%d9%86%d8%a7%d8%aa-%d8%a7%d9%84%d8%ad%d8%a7%d9%84%d9%8a%d8%a9\/\">\u0627\u0644\u0625\u0639\u0644\u0627\u0646\u0627\u062a \u0627\u0644\u062d\u0627\u0644\u064a\u0629<\/a><\/li>\n<li id=\"menu-item-11140\" class=\"menu-item menu-item-type-post_type menu-item-object-page menu-item-11140\"><a href=\"https:\/\/aymakoop.com.tr\/ar\/%d8%a3%d8%ae%d8%a8%d8%a7%d8%b1\/\">\u0623\u062e\u0628\u0627\u0631<\/a><\/li>\n<li id=\"menu-item-10850\" class=\"menu-item menu-item-type-post_type menu-item-object-page menu-item-10850\"><a href=\"https:\/\/aymakoop.com.tr\/ar\/%d8%b5%d9%86%d8%a7%d8%b9%d8%a9-%d8%a7%d9%84%d8%a3%d8%ad%d8%b0%d9%8a%d8%a9-%d8%a7%d9%84%d8%b9%d8%a7%d9%84%d9%85%d9%8a%d8%a9\/\">\u0635\u0646\u0627\u0639\u0629 \u0627\u0644\u0623\u062d\u0630\u064a\u0629 \u0641\u064a \u0627\u0644\u0639\u0627\u0644\u0645<\/a><\/li>\n<li id=\"menu-item-10863\" class=\"menu-item menu-item-type-post_type menu-item-object-page menu-item-10863\"><a href=\"https:\/\/aymakoop.com.tr\/ar\/%d9%85%d8%b9%d9%84%d9%88%d9%85%d8%a7%d8%aa-%d8%a7%d9%84%d8%a8%d9%86%d9%8a%d8%a9-%d8%a7%d9%84%d8%aa%d8%ad%d8%aa%d9%8a%d8%a9\/\">\u0645\u0639\u0644\u0648\u0645\u0627\u062a \u0627\u0644\u0628\u0646\u064a\u0629 \u0627\u0644\u062a\u062d\u062a\u064a\u0629<\/a><\/li>\n<li id=\"menu-item-10844\" class=\"menu-item menu-item-type-post_type menu-item-object-page menu-item-10844\"><a href=\"https:\/\/aymakoop.com.tr\/ar\/%d8%ac%d9%88%d8%a7%d8%a6%d8%b2%d9%86%d8%a7\/\">\u062c\u0648\u0627\u0626\u0632\u0646\u0627<\/a><\/li>\n<li id=\"menu-item-10896\" class=\"menu-item menu-item-type-post_type menu-item-object-page menu-item-10896\"><a href=\"https:\/\/aymakoop.com.tr\/ar\/%d8%b4%d9%87%d8%a7%d8%af%d8%a7%d8%aa-%d9%88%d8%ab%d8%a7%d8%a6%d9%82%d9%86%d8%a7\/\">\u0648\u062b\u0627\u0626\u0642\u0646\u0627 \u0648\u0634\u0647\u0627\u062f\u0627\u062a\u0646\u0627<\/a><\/li>\n<li id=\"menu-item-10920\" class=\"menu-item menu-item-type-post_type menu-item-object-page menu-item-10920\"><a href=\"https:\/\/aymakoop.com.tr\/ar\/%d9%86%d9%85%d8%a7%d8%b0%d8%ac-%d8%a7%d9%84%d8%b7%d9%84%d8%a8%d8%a7%d8%aa\/\">\u0646\u0645\u0627\u0630\u062c \u0627\u0644\u0637\u0644\u0628\u0627\u062a<\/a><\/li>\n<li id=\"menu-item-10956\" class=\"menu-item menu-item-type-post_type menu-item-object-page menu-item-10956\"><a href=\"https:\/\/aymakoop.com.tr\/ar\/%d9%86%d8%ad%d9%86-%d9%81%d9%8a-%d8%a7%d9%84%d8%a8%d8%af%d8%a7%d9%8a%d8%a9\/\">\u0646\u062d\u0646 \u0641\u064a \u0627\u0644\u0635\u062d\u0627\u0641\u0629<\/a><\/li>\n<li id=\"menu-item-11632\" class=\"menu-item menu-item-type-post_type menu-item-object-page menu-item-11632\"><a href=\"https:\/\/aymakoop.com.tr\/ar\/%d8%af%d9%84%d9%8a%d9%84-%d8%a7%d9%84%d8%b4%d8%b1%d9%83%d8%a7%d8%aa-%d8%a7%d9%84%d9%85%d8%b5%d9%86%d9%81%d8%a9\/\">\u062f\u0644\u064a\u0644 \u0627\u0644\u0634\u0631\u0643\u0627\u062a \u063a\u064a\u0631 \u0627\u0644\u0645\u0635\u0646\u0641<\/a><\/li>\n<li id=\"menu-item-11633\" class=\"menu-item menu-item-type-post_type menu-item-object-page menu-item-11633\"><a href=\"https:\/\/aymakoop.com.tr\/ar\/%d8%af%d9%84%d9%8a%d9%84-%d8%a7%d9%84%d8%b4%d8%b1%d9%83%d8%a7%d8%aa-%d8%a7%d9%84%d8%a3%d8%a8%d8%ac%d8%af%d9%8a\/\">\u062f\u0644\u064a\u0644 \u0627\u0644\u0634\u0631\u0643\u0627\u062a \u0627\u0644\u0623\u0628\u062c\u062f\u064a<\/a><\/li>\n<\/ul><\/div><\/section>\t\t\t\t<\/div>\n\t\t\t\t<\/div>\n\t\t<div class=\"elementor-element elementor-element-85b6fde e-con-full e-flex e-con e-child\" data-id=\"85b6fde\" data-element_type=\"container\">\n\t\t\t\t<div class=\"elementor-element elementor-element-c9c9682 elementor-widget elementor-widget-ts-blogs\" data-id=\"c9c9682\" data-element_type=\"widget\" data-widget_type=\"ts-blogs.default\">\n\t\t\t\t<div class=\"elementor-widget-container\">\n\t\t\t\t\t\t\t\t<div class=\"ts-blogs-wrapper ts-shortcode ts-blogs columns-3\" style=\"--ts-columns: 3\" data-atts=\"{&quot;layout&quot;:&quot;grid&quot;,&quot;columns&quot;:3,&quot;categories&quot;:&quot;305&quot;,&quot;limit&quot;:6,&quot;orderby&quot;:&quot;date&quot;,&quot;order&quot;:&quot;DESC&quot;,&quot;show_title&quot;:&quot;1&quot;,&quot;show_thumbnail&quot;:&quot;1&quot;,&quot;show_author&quot;:&quot;&quot;,&quot;show_categories&quot;:&quot;&quot;,&quot;show_date&quot;:&quot;0&quot;,&quot;show_comment&quot;:&quot;0&quot;,&quot;show_excerpt&quot;:&quot;0&quot;,&quot;show_readmore&quot;:&quot;0&quot;,&quot;excerpt_words&quot;:20,&quot;is_slider&quot;:&quot;0&quot;,&quot;show_nav&quot;:&quot;0&quot;,&quot;auto_play&quot;:&quot;0&quot;,&quot;is_masonry&quot;:0,&quot;show_load_more&quot;:&quot;0&quot;}\" >\n\t\t\t\t\t\t\t\t\n\t\t\t\t<div class=\"content-wrapper\">\n\t\t\t\t\n\t\t\t\t\t<div class=\"blogs items\">\n\t\t\t\t\t\t\t\t\t\t<article class=\"item has-post-thumbnail\">\n\t\t\t\t\t\n\t\t\t\t\t\t\t\t\t\t\t<div class=\"article-content\">\n\t\t\t\t\t\t\t<div class=\"thumbnail-content\">\n\t\t\t\t\t\t\t\t\t\t\t\t\t\t\t\t\t\t<a class=\"thumbnail\" href=\"https:\/\/aymakoop.com.tr\/ar\/%d8%a3%d8%ae%d8%a8%d8%a7%d8%b1\/%d8%b3%d9%88%d9%81-%d8%aa%d8%a8%d8%af%d8%a3-%d8%b5%d8%a7%d8%af%d8%b1%d8%a7%d8%aa-%d8%a7%d9%84%d8%a3%d8%ad%d8%b0%d9%8a%d8%a9-%d8%a5%d9%84%d9%89-%d8%a7%d9%84%d8%b5%d9%8a%d9%86\/\" >\n\t\t\t\t\t\t\t\t\t\t\t<figure>\n\t\t\t\t\t\t\t\t\t\t\t<img fetchpriority=\"high\" decoding=\"async\" width=\"880\" height=\"450\" src=\"https:\/\/aymakoop.com.tr\/wp-content\/uploads\/2025\/08\/cine-ayakkabi-ihracati.jpg\" class=\"attachment-merto_blog_thumb size-merto_blog_thumb wp-post-image\" alt=\"\" srcset=\"https:\/\/aymakoop.com.tr\/wp-content\/uploads\/2025\/08\/cine-ayakkabi-ihracati.jpg 880w, https:\/\/aymakoop.com.tr\/wp-content\/uploads\/2025\/08\/cine-ayakkabi-ihracati-300x153.jpg 300w, https:\/\/aymakoop.com.tr\/wp-content\/uploads\/2025\/08\/cine-ayakkabi-ihracati-768x393.jpg 768w, https:\/\/aymakoop.com.tr\/wp-content\/uploads\/2025\/08\/cine-ayakkabi-ihracati-700x358.jpg 700w\" sizes=\"(max-width: 880px) 100vw, 880px\" title=\"\">\t\t\t\t\t\t\t\t\t\t\t<\/figure>\n\t\t\t\t\t\t\t\t\t\t<\/a>\n\t\t\t\t\t\t\t\t\t\t\t\t\t\t\t\t<\/div>\n\t\t\t\t\t\t\t\n\t\t\t\t\t\t\t<div class=\"entry-content\">\n\t\t\t\t\t\t\t\t\t\t\t\t\t\t\t\t\n\t\t\t\t\t\t\t\t<header>\n\t\t\t\t\t\t\t\t\t\t\t\t\t\t\t\t\t\t<h4 class=\"heading-title entry-title\">\n\t\t\t\t\t\t\t\t\t\t<a class=\"post-title\" href=\"https:\/\/aymakoop.com.tr\/ar\/%d8%a3%d8%ae%d8%a8%d8%a7%d8%b1\/%d8%b3%d9%88%d9%81-%d8%aa%d8%a8%d8%af%d8%a3-%d8%b5%d8%a7%d8%af%d8%b1%d8%a7%d8%aa-%d8%a7%d9%84%d8%a3%d8%ad%d8%b0%d9%8a%d8%a9-%d8%a5%d9%84%d9%89-%d8%a7%d9%84%d8%b5%d9%8a%d9%86\/\">\u0633\u0648\u0641 \u062a\u0628\u062f\u0623 \u0635\u0627\u062f\u0631\u0627\u062a \u0627\u0644\u0623\u062d\u0630\u064a\u0629 \u0625\u0644\u0649 \u0627\u0644\u0635\u064a\u0646<\/a>\n\t\t\t\t\t\t\t\t\t<\/h4>\n\t\t\t\t\t\t\t\t\t\t\t\t\t\t\t\t\t<\/header>\n\t\t\t\t\t\t\t\t\n\t\t\t\t\t\t\t\t\n\t\t\t\t\t\t\t\t\t\t\t\t\t\t\t<\/div>\n\t\t\t\t\t\t\t\n\t\t\t\t\t\t<\/div>\n\t\t\t\t\t\t\t\n\t\t\t\t\t\t\t\t\t\t<\/article>\n\t\t\t\t\t\t\t\t<article class=\"item has-post-thumbnail\">\n\t\t\t\t\t\n\t\t\t\t\t\t\t\t\t\t\t<div class=\"article-content\">\n\t\t\t\t\t\t\t<div class=\"thumbnail-content\">\n\t\t\t\t\t\t\t\t\t\t\t\t\t\t\t\t\t\t<a class=\"thumbnail\" href=\"https:\/\/aymakoop.com.tr\/ar\/%d8%a3%d8%ae%d8%a8%d8%a7%d8%b1\/%d8%a7%d8%ad%d8%ac%d8%b2-%d9%85%d9%83%d8%a7%d9%86%d9%83-%d9%81%d9%8a-%d8%af%d9%84%d9%8a%d9%84-%d8%a7%d9%84%d8%b4%d8%b1%d9%83%d8%a9\/\" >\n\t\t\t\t\t\t\t\t\t\t\t<figure>\n\t\t\t\t\t\t\t\t\t\t\t<img decoding=\"async\" width=\"880\" height=\"450\" src=\"https:\/\/aymakoop.com.tr\/wp-content\/uploads\/2025\/08\/firma-rehberinde-yerinizi-alin-1.jpg\" class=\"attachment-merto_blog_thumb size-merto_blog_thumb wp-post-image\" alt=\"\" srcset=\"https:\/\/aymakoop.com.tr\/wp-content\/uploads\/2025\/08\/firma-rehberinde-yerinizi-alin-1.jpg 880w, https:\/\/aymakoop.com.tr\/wp-content\/uploads\/2025\/08\/firma-rehberinde-yerinizi-alin-1-300x153.jpg 300w, https:\/\/aymakoop.com.tr\/wp-content\/uploads\/2025\/08\/firma-rehberinde-yerinizi-alin-1-768x393.jpg 768w, https:\/\/aymakoop.com.tr\/wp-content\/uploads\/2025\/08\/firma-rehberinde-yerinizi-alin-1-700x358.jpg 700w\" sizes=\"(max-width: 880px) 100vw, 880px\" title=\"\">\t\t\t\t\t\t\t\t\t\t\t<\/figure>\n\t\t\t\t\t\t\t\t\t\t<\/a>\n\t\t\t\t\t\t\t\t\t\t\t\t\t\t\t\t<\/div>\n\t\t\t\t\t\t\t\n\t\t\t\t\t\t\t<div class=\"entry-content\">\n\t\t\t\t\t\t\t\t\t\t\t\t\t\t\t\t\n\t\t\t\t\t\t\t\t<header>\n\t\t\t\t\t\t\t\t\t\t\t\t\t\t\t\t\t\t<h4 class=\"heading-title entry-title\">\n\t\t\t\t\t\t\t\t\t\t<a class=\"post-title\" href=\"https:\/\/aymakoop.com.tr\/ar\/%d8%a3%d8%ae%d8%a8%d8%a7%d8%b1\/%d8%a7%d8%ad%d8%ac%d8%b2-%d9%85%d9%83%d8%a7%d9%86%d9%83-%d9%81%d9%8a-%d8%af%d9%84%d9%8a%d9%84-%d8%a7%d9%84%d8%b4%d8%b1%d9%83%d8%a9\/\">\u0627\u062d\u062c\u0632 \u0645\u0643\u0627\u0646\u0643 \u0641\u064a \u062f\u0644\u064a\u0644 \u0627\u0644\u0634\u0631\u0643\u0629<\/a>\n\t\t\t\t\t\t\t\t\t<\/h4>\n\t\t\t\t\t\t\t\t\t\t\t\t\t\t\t\t\t<\/header>\n\t\t\t\t\t\t\t\t\n\t\t\t\t\t\t\t\t\n\t\t\t\t\t\t\t\t\t\t\t\t\t\t\t<\/div>\n\t\t\t\t\t\t\t\n\t\t\t\t\t\t<\/div>\n\t\t\t\t\t\t\t\n\t\t\t\t\t\t\t\t\t\t<\/article>\n\t\t\t\t\t\t\t\t<article class=\"item has-post-thumbnail\">\n\t\t\t\t\t\n\t\t\t\t\t\t\t\t\t\t\t<div class=\"article-content\">\n\t\t\t\t\t\t\t<div class=\"thumbnail-content\">\n\t\t\t\t\t\t\t\t\t\t\t\t\t\t\t\t\t\t<a class=\"thumbnail\" href=\"https:\/\/aymakoop.com.tr\/ar\/%d8%a3%d8%ae%d8%a8%d8%a7%d8%b1\/%d8%a3%d8%ae%d8%a8%d8%a7%d8%b1-%d8%b5%d8%ad%d9%81%d9%8a%d8%a9-%d9%84%d9%85%d9%88%d9%82%d8%b9-%d8%b4%d8%b1%d9%83%d8%a9-%d8%a3%d9%8a%d9%85%d8%a7%d9%83%d9%88%d8%a8-%d9%84%d9%84%d8%a3%d8%ad%d8%b0%d9%8a\/\" >\n\t\t\t\t\t\t\t\t\t\t\t<figure>\n\t\t\t\t\t\t\t\t\t\t\t<img decoding=\"async\" width=\"880\" height=\"450\" src=\"https:\/\/aymakoop.com.tr\/wp-content\/uploads\/2025\/08\/aymakoop-ayakkabicilar-sitesi-basindan-haberler-2.jpg\" class=\"attachment-merto_blog_thumb size-merto_blog_thumb wp-post-image\" alt=\"\" srcset=\"https:\/\/aymakoop.com.tr\/wp-content\/uploads\/2025\/08\/aymakoop-ayakkabicilar-sitesi-basindan-haberler-2.jpg 880w, https:\/\/aymakoop.com.tr\/wp-content\/uploads\/2025\/08\/aymakoop-ayakkabicilar-sitesi-basindan-haberler-2-300x153.jpg 300w, https:\/\/aymakoop.com.tr\/wp-content\/uploads\/2025\/08\/aymakoop-ayakkabicilar-sitesi-basindan-haberler-2-768x393.jpg 768w, https:\/\/aymakoop.com.tr\/wp-content\/uploads\/2025\/08\/aymakoop-ayakkabicilar-sitesi-basindan-haberler-2-700x358.jpg 700w\" sizes=\"(max-width: 880px) 100vw, 880px\" title=\"\">\t\t\t\t\t\t\t\t\t\t\t<\/figure>\n\t\t\t\t\t\t\t\t\t\t<\/a>\n\t\t\t\t\t\t\t\t\t\t\t\t\t\t\t\t<\/div>\n\t\t\t\t\t\t\t\n\t\t\t\t\t\t\t<div class=\"entry-content\">\n\t\t\t\t\t\t\t\t\t\t\t\t\t\t\t\t\n\t\t\t\t\t\t\t\t<header>\n\t\t\t\t\t\t\t\t\t\t\t\t\t\t\t\t\t\t<h4 class=\"heading-title entry-title\">\n\t\t\t\t\t\t\t\t\t\t<a class=\"post-title\" href=\"https:\/\/aymakoop.com.tr\/ar\/%d8%a3%d8%ae%d8%a8%d8%a7%d8%b1\/%d8%a3%d8%ae%d8%a8%d8%a7%d8%b1-%d8%b5%d8%ad%d9%81%d9%8a%d8%a9-%d9%84%d9%85%d9%88%d9%82%d8%b9-%d8%b4%d8%b1%d9%83%d8%a9-%d8%a3%d9%8a%d9%85%d8%a7%d9%83%d9%88%d8%a8-%d9%84%d9%84%d8%a3%d8%ad%d8%b0%d9%8a\/\">\u0645\u0648\u0642\u0639 \u0635\u0627\u0646\u0639\u064a \u0627\u0644\u0623\u062d\u0630\u064a\u0629 \u0623\u064a\u0645\u0627\u0643\u0648\u0628 - \u0623\u062e\u0628\u0627\u0631 \u0645\u0646 \u0627\u0644\u0635\u062d\u0627\u0641\u0629<\/a>\n\t\t\t\t\t\t\t\t\t<\/h4>\n\t\t\t\t\t\t\t\t\t\t\t\t\t\t\t\t\t<\/header>\n\t\t\t\t\t\t\t\t\n\t\t\t\t\t\t\t\t\n\t\t\t\t\t\t\t\t\t\t\t\t\t\t\t<\/div>\n\t\t\t\t\t\t\t\n\t\t\t\t\t\t<\/div>\n\t\t\t\t\t\t\t\n\t\t\t\t\t\t\t\t\t\t<\/article>\n\t\t\t\t\t\t\t\t<article class=\"item has-post-thumbnail\">\n\t\t\t\t\t\n\t\t\t\t\t\t\t\t\t\t\t<div class=\"article-content\">\n\t\t\t\t\t\t\t<div class=\"thumbnail-content\">\n\t\t\t\t\t\t\t\t\t\t\t\t\t\t\t\t\t\t<a class=\"thumbnail\" href=\"https:\/\/aymakoop.com.tr\/ar\/%d8%a3%d8%ae%d8%a8%d8%a7%d8%b1\/%d8%b5%d8%a7%d8%af%d8%b1%d8%a7%d8%aa-%d8%a3%d8%ad%d8%b0%d9%8a%d8%a9-%d8%a3%d9%8a%d9%85%d8%a7%d9%83%d9%88%d8%a8-%d9%81%d9%8a-%d8%a7%d9%84%d8%b9%d8%a7%d9%84%d9%85\/\" >\n\t\t\t\t\t\t\t\t\t\t\t<figure>\n\t\t\t\t\t\t\t\t\t\t\t<img loading=\"lazy\" decoding=\"async\" width=\"880\" height=\"450\" src=\"https:\/\/aymakoop.com.tr\/wp-content\/uploads\/2025\/08\/aymakoop-dunyada-ayakkabi-ihracati-1.jpg\" class=\"attachment-merto_blog_thumb size-merto_blog_thumb wp-post-image\" alt=\"\" srcset=\"https:\/\/aymakoop.com.tr\/wp-content\/uploads\/2025\/08\/aymakoop-dunyada-ayakkabi-ihracati-1.jpg 880w, https:\/\/aymakoop.com.tr\/wp-content\/uploads\/2025\/08\/aymakoop-dunyada-ayakkabi-ihracati-1-300x153.jpg 300w, https:\/\/aymakoop.com.tr\/wp-content\/uploads\/2025\/08\/aymakoop-dunyada-ayakkabi-ihracati-1-768x393.jpg 768w, https:\/\/aymakoop.com.tr\/wp-content\/uploads\/2025\/08\/aymakoop-dunyada-ayakkabi-ihracati-1-700x358.jpg 700w\" sizes=\"(max-width: 880px) 100vw, 880px\" title=\"\">\t\t\t\t\t\t\t\t\t\t\t<\/figure>\n\t\t\t\t\t\t\t\t\t\t<\/a>\n\t\t\t\t\t\t\t\t\t\t\t\t\t\t\t\t<\/div>\n\t\t\t\t\t\t\t\n\t\t\t\t\t\t\t<div class=\"entry-content\">\n\t\t\t\t\t\t\t\t\t\t\t\t\t\t\t\t\n\t\t\t\t\t\t\t\t<header>\n\t\t\t\t\t\t\t\t\t\t\t\t\t\t\t\t\t\t<h4 class=\"heading-title entry-title\">\n\t\t\t\t\t\t\t\t\t\t<a class=\"post-title\" href=\"https:\/\/aymakoop.com.tr\/ar\/%d8%a3%d8%ae%d8%a8%d8%a7%d8%b1\/%d8%b5%d8%a7%d8%af%d8%b1%d8%a7%d8%aa-%d8%a3%d8%ad%d8%b0%d9%8a%d8%a9-%d8%a3%d9%8a%d9%85%d8%a7%d9%83%d9%88%d8%a8-%d9%81%d9%8a-%d8%a7%d9%84%d8%b9%d8%a7%d9%84%d9%85\/\">\u0623\u064a\u0645\u0627\u0643\u0648\u0628 \u0648\u062a\u0635\u062f\u064a\u0631 \u0627\u0644\u0623\u062d\u0630\u064a\u0629 \u0641\u064a \u0627\u0644\u0639\u0627\u0644\u0645<\/a>\n\t\t\t\t\t\t\t\t\t<\/h4>\n\t\t\t\t\t\t\t\t\t\t\t\t\t\t\t\t\t<\/header>\n\t\t\t\t\t\t\t\t\n\t\t\t\t\t\t\t\t\n\t\t\t\t\t\t\t\t\t\t\t\t\t\t\t<\/div>\n\t\t\t\t\t\t\t\n\t\t\t\t\t\t<\/div>\n\t\t\t\t\t\t\t\n\t\t\t\t\t\t\t\t\t\t<\/article>\n\t\t\t\t\t\t\t\t<article class=\"item has-post-thumbnail\">\n\t\t\t\t\t\n\t\t\t\t\t\t\t\t\t\t\t<div class=\"article-content\">\n\t\t\t\t\t\t\t<div class=\"thumbnail-content\">\n\t\t\t\t\t\t\t\t\t\t\t\t\t\t\t\t\t\t<a class=\"thumbnail\" href=\"https:\/\/aymakoop.com.tr\/ar\/%d8%a3%d8%ae%d8%a8%d8%a7%d8%b1\/%d9%85%d8%b9%d8%af%d9%84-%d8%a5%d8%b4%d8%ba%d8%a7%d9%84-%d9%85%d9%88%d9%82%d8%b9-%d8%a3%d9%8a%d9%85%d8%a7%d9%83%d9%88%d8%a8-%d8%a7%d9%84%d8%b5%d9%86%d8%a7%d8%b9%d9%8a\/\" >\n\t\t\t\t\t\t\t\t\t\t\t<figure>\n\t\t\t\t\t\t\t\t\t\t\t<img loading=\"lazy\" decoding=\"async\" width=\"880\" height=\"450\" src=\"https:\/\/aymakoop.com.tr\/wp-content\/uploads\/2025\/08\/aymakoop-sanayi-sitesi-doluluk-orani-1.jpg\" class=\"attachment-merto_blog_thumb size-merto_blog_thumb wp-post-image\" alt=\"\" srcset=\"https:\/\/aymakoop.com.tr\/wp-content\/uploads\/2025\/08\/aymakoop-sanayi-sitesi-doluluk-orani-1.jpg 880w, https:\/\/aymakoop.com.tr\/wp-content\/uploads\/2025\/08\/aymakoop-sanayi-sitesi-doluluk-orani-1-300x153.jpg 300w, https:\/\/aymakoop.com.tr\/wp-content\/uploads\/2025\/08\/aymakoop-sanayi-sitesi-doluluk-orani-1-768x393.jpg 768w, https:\/\/aymakoop.com.tr\/wp-content\/uploads\/2025\/08\/aymakoop-sanayi-sitesi-doluluk-orani-1-700x358.jpg 700w\" sizes=\"(max-width: 880px) 100vw, 880px\" title=\"\">\t\t\t\t\t\t\t\t\t\t\t<\/figure>\n\t\t\t\t\t\t\t\t\t\t<\/a>\n\t\t\t\t\t\t\t\t\t\t\t\t\t\t\t\t<\/div>\n\t\t\t\t\t\t\t\n\t\t\t\t\t\t\t<div class=\"entry-content\">\n\t\t\t\t\t\t\t\t\t\t\t\t\t\t\t\t\n\t\t\t\t\t\t\t\t<header>\n\t\t\t\t\t\t\t\t\t\t\t\t\t\t\t\t\t\t<h4 class=\"heading-title entry-title\">\n\t\t\t\t\t\t\t\t\t\t<a class=\"post-title\" href=\"https:\/\/aymakoop.com.tr\/ar\/%d8%a3%d8%ae%d8%a8%d8%a7%d8%b1\/%d9%85%d8%b9%d8%af%d9%84-%d8%a5%d8%b4%d8%ba%d8%a7%d9%84-%d9%85%d9%88%d9%82%d8%b9-%d8%a3%d9%8a%d9%85%d8%a7%d9%83%d9%88%d8%a8-%d8%a7%d9%84%d8%b5%d9%86%d8%a7%d8%b9%d9%8a\/\">\u0645\u0639\u062f\u0644 \u0625\u0634\u063a\u0627\u0644 \u0645\u0648\u0642\u0639 \u0623\u064a\u0645\u0627\u0643\u0648\u0628 \u0627\u0644\u0635\u0646\u0627\u0639\u064a<\/a>\n\t\t\t\t\t\t\t\t\t<\/h4>\n\t\t\t\t\t\t\t\t\t\t\t\t\t\t\t\t\t<\/header>\n\t\t\t\t\t\t\t\t\n\t\t\t\t\t\t\t\t\n\t\t\t\t\t\t\t\t\t\t\t\t\t\t\t<\/div>\n\t\t\t\t\t\t\t\n\t\t\t\t\t\t<\/div>\n\t\t\t\t\t\t\t\n\t\t\t\t\t\t\t\t\t\t<\/article>\n\t\t\t\t\t\t\t\t<article class=\"item has-post-thumbnail\">\n\t\t\t\t\t\n\t\t\t\t\t\t\t\t\t\t\t<div class=\"article-content\">\n\t\t\t\t\t\t\t<div class=\"thumbnail-content\">\n\t\t\t\t\t\t\t\t\t\t\t\t\t\t\t\t\t\t<a class=\"thumbnail\" href=\"https:\/\/aymakoop.com.tr\/ar\/%d8%a3%d8%ae%d8%a8%d8%a7%d8%b1\/%d8%b5%d9%86%d8%a7%d8%b9%d8%a9-%d8%a7%d9%84%d8%a3%d8%ad%d8%b0%d9%8a%d8%a9-%d8%b3%d8%aa%d9%86%d9%81%d8%aa%d8%ad-%d8%b9%d9%84%d9%89-%d8%a7%d9%84%d8%b9%d8%a7%d9%84%d9%85-%d9%85%d8%b9-%d8%a3%d9%8a%d8%b3\/\" >\n\t\t\t\t\t\t\t\t\t\t\t<figure>\n\t\t\t\t\t\t\t\t\t\t\t<img loading=\"lazy\" decoding=\"async\" width=\"880\" height=\"450\" src=\"https:\/\/aymakoop.com.tr\/wp-content\/uploads\/2025\/08\/ayakkabi-sektoru-aysaf-ile-dunyaya-acilacak-1.jpg\" class=\"attachment-merto_blog_thumb size-merto_blog_thumb wp-post-image\" alt=\"\" srcset=\"https:\/\/aymakoop.com.tr\/wp-content\/uploads\/2025\/08\/ayakkabi-sektoru-aysaf-ile-dunyaya-acilacak-1.jpg 880w, https:\/\/aymakoop.com.tr\/wp-content\/uploads\/2025\/08\/ayakkabi-sektoru-aysaf-ile-dunyaya-acilacak-1-300x153.jpg 300w, https:\/\/aymakoop.com.tr\/wp-content\/uploads\/2025\/08\/ayakkabi-sektoru-aysaf-ile-dunyaya-acilacak-1-768x393.jpg 768w, https:\/\/aymakoop.com.tr\/wp-content\/uploads\/2025\/08\/ayakkabi-sektoru-aysaf-ile-dunyaya-acilacak-1-700x358.jpg 700w\" sizes=\"(max-width: 880px) 100vw, 880px\" title=\"\">\t\t\t\t\t\t\t\t\t\t\t<\/figure>\n\t\t\t\t\t\t\t\t\t\t<\/a>\n\t\t\t\t\t\t\t\t\t\t\t\t\t\t\t\t<\/div>\n\t\t\t\t\t\t\t\n\t\t\t\t\t\t\t<div class=\"entry-content\">\n\t\t\t\t\t\t\t\t\t\t\t\t\t\t\t\t\n\t\t\t\t\t\t\t\t<header>\n\t\t\t\t\t\t\t\t\t\t\t\t\t\t\t\t\t\t<h4 class=\"heading-title entry-title\">\n\t\t\t\t\t\t\t\t\t\t<a class=\"post-title\" href=\"https:\/\/aymakoop.com.tr\/ar\/%d8%a3%d8%ae%d8%a8%d8%a7%d8%b1\/%d8%b5%d9%86%d8%a7%d8%b9%d8%a9-%d8%a7%d9%84%d8%a3%d8%ad%d8%b0%d9%8a%d8%a9-%d8%b3%d8%aa%d9%86%d9%81%d8%aa%d8%ad-%d8%b9%d9%84%d9%89-%d8%a7%d9%84%d8%b9%d8%a7%d9%84%d9%85-%d9%85%d8%b9-%d8%a3%d9%8a%d8%b3\/\">\u0633\u062a\u0646\u0641\u062a\u062d \u0635\u0646\u0627\u0639\u0629 \u0627\u0644\u0623\u062d\u0630\u064a\u0629 \u0639\u0644\u0649 \u0627\u0644\u0639\u0627\u0644\u0645 \u0645\u0639 AYSAF<\/a>\n\t\t\t\t\t\t\t\t\t<\/h4>\n\t\t\t\t\t\t\t\t\t\t\t\t\t\t\t\t\t<\/header>\n\t\t\t\t\t\t\t\t\n\t\t\t\t\t\t\t\t\n\t\t\t\t\t\t\t\t\t\t\t\t\t\t\t<\/div>\n\t\t\t\t\t\t\t\n\t\t\t\t\t\t<\/div>\n\t\t\t\t\t\t\t\n\t\t\t\t\t\t\t\t\t\t<\/article>\n\t\t\t\t\t\t\t\t\t<\/div>\n\t\t\t\t\t\n\t\t\t\t\t\t\t\t\t\t\n\t\t\t\t<\/div>\n\t\t\t<\/div>\n\t\t\t\t\t\t<\/div>\n\t\t\t\t<\/div>\n\t\t\t\t<\/div>\n\t\t\t\t\t<\/div>\n\t\t\t\t<\/div>\n\t\t\t\t<\/div>","protected":false},"excerpt":{"rendered":"<p>Kira Banka Hesap Numaralar\u0131m\u0131z Su Faturas\u0131 Hesap No 2019da Yap\u0131lan Genel Kurul Toplant\u0131m\u0131z Aymakoop Bilgi Toplumu Hizmetleri Aymakoop Vaziyet Plan\u0131 Aymakoop Gedikpa\u015fa Servisleri<\/p>","protected":false},"author":1,"featured_media":0,"parent":0,"menu_order":0,"comment_status":"closed","ping_status":"closed","template":"","meta":{"footnotes":""},"class_list":["post-11134","page","type-page","status-publish","hentry"],"_links":{"self":[{"href":"https:\/\/aymakoop.com.tr\/ar\/wp-json\/wp\/v2\/pages\/11134","targetHints":{"allow":["GET"]}}],"collection":[{"href":"https:\/\/aymakoop.com.tr\/ar\/wp-json\/wp\/v2\/pages"}],"about":[{"href":"https:\/\/aymakoop.com.tr\/ar\/wp-json\/wp\/v2\/types\/page"}],"author":[{"embeddable":true,"href":"https:\/\/aymakoop.com.tr\/ar\/wp-json\/wp\/v2\/users\/1"}],"replies":[{"embeddable":true,"href":"https:\/\/aymakoop.com.tr\/ar\/wp-json\/wp\/v2\/comments?post=11134"}],"version-history":[{"count":1,"href":"https:\/\/aymakoop.com.tr\/ar\/wp-json\/wp\/v2\/pages\/11134\/revisions"}],"predecessor-version":[{"id":15566,"href":"https:\/\/aymakoop.com.tr\/ar\/wp-json\/wp\/v2\/pages\/11134\/revisions\/15566"}],"wp:attachment":[{"href":"https:\/\/aymakoop.com.tr\/ar\/wp-json\/wp\/v2\/media?parent=11134"}],"curies":[{"name":"wp","href":"https:\/\/api.w.org\/{rel}","templated":true}]}}