{"id":10897,"date":"2025-08-20T14:47:14","date_gmt":"2025-08-20T11:47:14","guid":{"rendered":"https:\/\/aymakoop.com.tr\/?page_id=10897"},"modified":"2025-08-29T14:20:46","modified_gmt":"2025-08-29T11:20:46","slug":"%d9%86%d9%85%d8%a7%d8%b0%d8%ac-%d8%a7%d9%84%d8%b7%d9%84%d8%a8%d8%a7%d8%aa","status":"publish","type":"page","link":"https:\/\/aymakoop.com.tr\/ar\/basvuru-formlari\/","title":{"rendered":"\u0646\u0645\u0627\u0630\u062c \u0627\u0644\u0637\u0644\u0628\u0627\u062a"},"content":{"rendered":"<div data-elementor-type=\"wp-page\" data-elementor-id=\"10897\" class=\"elementor elementor-10897\">\n\t\t\t\t<div class=\"elementor-element elementor-element-bae33c8 sayfakapsa basvuruformlarikapsa e-flex e-con-boxed e-con e-parent\" data-id=\"bae33c8\" data-element_type=\"container\">\n\t\t\t\t\t<div class=\"e-con-inner\">\n\t\t<div class=\"elementor-element elementor-element-ca76a35 e-con-full e-flex e-con e-child\" data-id=\"ca76a35\" data-element_type=\"container\">\n\t\t\t\t<div class=\"elementor-element elementor-element-2b5abf9 elementor-widget elementor-widget-sidebar\" data-id=\"2b5abf9\" data-element_type=\"widget\" data-widget_type=\"sidebar.default\">\n\t\t\t\t\t<section id=\"nav_menu-3\" class=\"widget-container widget_nav_menu\"><div class=\"menu-sidebar-container\"><ul id=\"menu-sidebar\" class=\"menu\"><li id=\"menu-item-10746\" class=\"menu-item menu-item-type-post_type menu-item-object-page menu-item-10746\"><a href=\"https:\/\/aymakoop.com.tr\/ar\/misyon-vizyon\/\">\u0627\u0644\u0631\u0633\u0627\u0644\u0629 \u0648\u0627\u0644\u0631\u0624\u064a\u0629<\/a><\/li>\n<li id=\"menu-item-10793\" class=\"menu-item menu-item-type-post_type menu-item-object-page menu-item-10793\"><a href=\"https:\/\/aymakoop.com.tr\/ar\/yonetim-kurulu\/\">\u0645\u062c\u0644\u0633 \u0625\u062f\u0627\u0631\u0629<\/a><\/li>\n<li id=\"menu-item-10803\" class=\"menu-item menu-item-type-post_type menu-item-object-page menu-item-10803\"><a href=\"https:\/\/aymakoop.com.tr\/ar\/organizasyon-semasi\/\">\u0627\u0644\u0645\u062e\u0637\u0637 \u0627\u0644\u062a\u0646\u0638\u064a\u0645\u064a<\/a><\/li>\n<li id=\"menu-item-10694\" class=\"menu-item menu-item-type-custom menu-item-object-custom menu-item-10694\"><a href=\"#\">\u0627\u0644\u062c\u0645\u0639\u064a\u0629 \u0627\u0644\u0639\u0627\u0645\u0629<\/a><\/li>\n<li id=\"menu-item-10698\" class=\"menu-item menu-item-type-custom menu-item-object-custom menu-item-10698\"><a href=\"#\">\u0645\u0639\u0631\u0636 \u0627\u0644\u0635\u0648\u0631<\/a><\/li>\n<li id=\"menu-item-11141\" class=\"menu-item menu-item-type-post_type menu-item-object-page menu-item-11141\"><a href=\"https:\/\/aymakoop.com.tr\/ar\/guncel-duyurular\/\">\u0627\u0644\u0625\u0639\u0644\u0627\u0646\u0627\u062a \u0627\u0644\u062d\u0627\u0644\u064a\u0629<\/a><\/li>\n<li id=\"menu-item-11140\" class=\"menu-item menu-item-type-post_type menu-item-object-page menu-item-11140\"><a href=\"https:\/\/aymakoop.com.tr\/ar\/haberler\/\">\u0623\u062e\u0628\u0627\u0631<\/a><\/li>\n<li id=\"menu-item-10850\" class=\"menu-item menu-item-type-post_type menu-item-object-page menu-item-10850\"><a href=\"https:\/\/aymakoop.com.tr\/ar\/dunyada-ayakkabi-sektoru\/\">\u0635\u0646\u0627\u0639\u0629 \u0627\u0644\u0623\u062d\u0630\u064a\u0629 \u0641\u064a \u0627\u0644\u0639\u0627\u0644\u0645<\/a><\/li>\n<li id=\"menu-item-10863\" class=\"menu-item menu-item-type-post_type menu-item-object-page menu-item-10863\"><a href=\"https:\/\/aymakoop.com.tr\/ar\/alt-yapi-bilgileri\/\">\u0645\u0639\u0644\u0648\u0645\u0627\u062a \u0627\u0644\u0628\u0646\u064a\u0629 \u0627\u0644\u062a\u062d\u062a\u064a\u0629<\/a><\/li>\n<li id=\"menu-item-10844\" class=\"menu-item menu-item-type-post_type menu-item-object-page menu-item-10844\"><a href=\"https:\/\/aymakoop.com.tr\/ar\/odullerimiz\/\">\u062c\u0648\u0627\u0626\u0632\u0646\u0627<\/a><\/li>\n<li id=\"menu-item-10896\" class=\"menu-item menu-item-type-post_type menu-item-object-page menu-item-10896\"><a href=\"https:\/\/aymakoop.com.tr\/ar\/belgelerimiz-sertifikalar\/\">\u0648\u062b\u0627\u0626\u0642\u0646\u0627 \u0648\u0634\u0647\u0627\u062f\u0627\u062a\u0646\u0627<\/a><\/li>\n<li id=\"menu-item-10920\" class=\"menu-item menu-item-type-post_type menu-item-object-page menu-item-10920\"><a href=\"https:\/\/aymakoop.com.tr\/ar\/basvuru-formlari\/\">\u0646\u0645\u0627\u0630\u062c \u0627\u0644\u0637\u0644\u0628\u0627\u062a<\/a><\/li>\n<li id=\"menu-item-10956\" class=\"menu-item menu-item-type-post_type menu-item-object-page menu-item-10956\"><a href=\"https:\/\/aymakoop.com.tr\/ar\/basinda-biz\/\">\u0646\u062d\u0646 \u0641\u064a \u0627\u0644\u0635\u062d\u0627\u0641\u0629<\/a><\/li>\n<li id=\"menu-item-11632\" class=\"menu-item menu-item-type-post_type menu-item-object-page menu-item-11632\"><a href=\"https:\/\/aymakoop.com.tr\/ar\/kategorize-firma-rehberi\/\">\u062f\u0644\u064a\u0644 \u0627\u0644\u0634\u0631\u0643\u0627\u062a \u063a\u064a\u0631 \u0627\u0644\u0645\u0635\u0646\u0641<\/a><\/li>\n<li id=\"menu-item-11633\" class=\"menu-item menu-item-type-post_type menu-item-object-page menu-item-11633\"><a href=\"https:\/\/aymakoop.com.tr\/ar\/alfabetik-firma-rehberi\/\">\u062f\u0644\u064a\u0644 \u0627\u0644\u0634\u0631\u0643\u0627\u062a \u0627\u0644\u0623\u0628\u062c\u062f\u064a<\/a><\/li>\n<\/ul><\/div><\/section>\t\t\t\t<\/div>\n\t\t\t\t<\/div>\n\t\t<div class=\"elementor-element elementor-element-85b6fde e-con-full e-flex e-con e-child\" data-id=\"85b6fde\" data-element_type=\"container\">\n\t\t<div class=\"elementor-element elementor-element-3857760 e-grid e-con-full e-con e-child\" data-id=\"3857760\" data-element_type=\"container\">\n\t\t<div class=\"elementor-element elementor-element-8ca1d63 e-con-full e-flex e-con e-child\" data-id=\"8ca1d63\" data-element_type=\"container\">\n\t\t\t\t<div class=\"elementor-element elementor-element-8ee72bc elementor-widget elementor-widget-text-editor\" data-id=\"8ee72bc\" data-element_type=\"widget\" data-widget_type=\"text-editor.default\">\n\t\t\t\t\t\t\t\t\t<p><a href=\"https:\/\/aymakoop.com.tr\/wp-content\/uploads\/2025\/08\/ticaret-merkezi-icin-basvuru-on-talep-formu.docx\">\u0646\u0645\u0648\u0630\u062c \u0637\u0644\u0628 \u0645\u0633\u0628\u0642 \u0644\u0644\u0645\u0631\u0643\u0632 \u0627\u0644\u062a\u062c\u0627\u0631\u064a \u0627\u0644\u062c\u062f\u064a\u062f<\/a><\/p>\t\t\t\t\t\t\t\t<\/div>\n\t\t\t\t<\/div>\n\t\t<div class=\"elementor-element elementor-element-b4d5ea9 e-con-full e-flex e-con e-child\" data-id=\"b4d5ea9\" data-element_type=\"container\">\n\t\t\t\t<div class=\"elementor-element elementor-element-fcf8d9b elementor-widget elementor-widget-text-editor\" data-id=\"fcf8d9b\" data-element_type=\"widget\" data-widget_type=\"text-editor.default\">\n\t\t\t\t\t\t\t\t\t<p>\u0646\u0645\u0648\u0630\u062c \u0637\u0644\u0628 \u0634\u0647\u0627\u062f\u0629 \u0627\u0644\u0645\u0637\u0627\u0628\u0642\u0629 (\u0644\u0644\u062a\u0631\u062e\u064a\u0635)<\/p>\t\t\t\t\t\t\t\t<\/div>\n\t\t\t\t<\/div>\n\t\t<div class=\"elementor-element elementor-element-b61f5a3 e-con-full e-flex e-con e-child\" data-id=\"b61f5a3\" data-element_type=\"container\">\n\t\t\t\t<div class=\"elementor-element elementor-element-5c12e5a elementor-widget elementor-widget-text-editor\" data-id=\"5c12e5a\" data-element_type=\"widget\" data-widget_type=\"text-editor.default\">\n\t\t\t\t\t\t\t\t\t<p><a href=\"https:\/\/aymakoop.com.tr\/wp-content\/uploads\/2025\/08\/afis-asim-belgesi.docx\">\u0634\u0647\u0627\u062f\u0629 \u062a\u0639\u0644\u064a\u0642 \u0627\u0644\u0645\u0644\u0635\u0642\u0627\u062a<\/a><\/p>\t\t\t\t\t\t\t\t<\/div>\n\t\t\t\t<\/div>\n\t\t<div class=\"elementor-element elementor-element-52584ef e-con-full e-flex e-con e-child\" data-id=\"52584ef\" data-element_type=\"container\">\n\t\t\t\t<div class=\"elementor-element elementor-element-20bce7c elementor-widget elementor-widget-text-editor\" data-id=\"20bce7c\" data-element_type=\"widget\" data-widget_type=\"text-editor.default\">\n\t\t\t\t\t\t\t\t\t<p><a href=\"https:\/\/aymakoop.com.tr\/wp-content\/uploads\/2025\/08\/calisanlara-ait-kimlik-bildirimi-scaled.jpeg\" target=\"_blank\" rel=\"noopener\">\u0646\u0645\u0648\u0630\u062c \u0625\u0639\u0644\u0627\u0646 \u0647\u0648\u064a\u0629 \u0627\u0644\u0645\u0648\u0638\u0641<\/a><\/p>\t\t\t\t\t\t\t\t<\/div>\n\t\t\t\t<\/div>\n\t\t<div class=\"elementor-element elementor-element-e93fc07 e-con-full e-flex e-con e-child\" data-id=\"e93fc07\" data-element_type=\"container\">\n\t\t\t\t<div class=\"elementor-element elementor-element-7645066 elementor-widget elementor-widget-text-editor\" data-id=\"7645066\" data-element_type=\"widget\" data-widget_type=\"text-editor.default\">\n\t\t\t\t\t\t\t\t\t<p><a href=\"https:\/\/aymakoop.com.tr\/wp-content\/uploads\/2025\/08\/faliyet-tespi-formu.xls\">\u0646\u0645\u0648\u0630\u062c \u0627\u0644\u0643\u0634\u0641 \u0639\u0646 \u0627\u0644\u0646\u0634\u0627\u0637<\/a><\/p>\t\t\t\t\t\t\t\t<\/div>\n\t\t\t\t<\/div>\n\t\t<div class=\"elementor-element elementor-element-a6dcf5c e-con-full e-flex e-con e-child\" data-id=\"a6dcf5c\" data-element_type=\"container\">\n\t\t\t\t<\/div>\n\t\t\t\t<\/div>\n\t\t\t\t<\/div>\n\t\t\t\t\t<\/div>\n\t\t\t\t<\/div>\n\t\t\t\t<\/div>","protected":false},"excerpt":{"rendered":"<p>YEN\u0130 YAPILACAK T\u0130CARET MERKEZ\u0130 \u0130\u00c7\u0130N BA\u015eVURU \u00d6N TALEP FORMU UYGUNLUK BELGES\u0130 M\u00dcRACAAT FORMU (RUHSAT \u0130\u00c7\u0130N ) AF\u0130\u015e ASIM BELGES\u0130 \u00c7ALI\u015eANLARA A\u0130T K\u0130ML\u0130K B\u0130LD\u0130RME FORMU FAAL\u0130YET TESP\u0130T FORMU<\/p>","protected":false},"author":1,"featured_media":0,"parent":0,"menu_order":0,"comment_status":"closed","ping_status":"closed","template":"","meta":{"footnotes":""},"class_list":["post-10897","page","type-page","status-publish","hentry"],"_links":{"self":[{"href":"https:\/\/aymakoop.com.tr\/ar\/wp-json\/wp\/v2\/pages\/10897","targetHints":{"allow":["GET"]}}],"collection":[{"href":"https:\/\/aymakoop.com.tr\/ar\/wp-json\/wp\/v2\/pages"}],"about":[{"href":"https:\/\/aymakoop.com.tr\/ar\/wp-json\/wp\/v2\/types\/page"}],"author":[{"embeddable":true,"href":"https:\/\/aymakoop.com.tr\/ar\/wp-json\/wp\/v2\/users\/1"}],"replies":[{"embeddable":true,"href":"https:\/\/aymakoop.com.tr\/ar\/wp-json\/wp\/v2\/comments?post=10897"}],"version-history":[{"count":0,"href":"https:\/\/aymakoop.com.tr\/ar\/wp-json\/wp\/v2\/pages\/10897\/revisions"}],"wp:attachment":[{"href":"https:\/\/aymakoop.com.tr\/ar\/wp-json\/wp\/v2\/media?parent=10897"}],"curies":[{"name":"wp","href":"https:\/\/api.w.org\/{rel}","templated":true}]}}