{"id":10864,"date":"2025-08-20T14:18:05","date_gmt":"2025-08-20T11:18:05","guid":{"rendered":"https:\/\/aymakoop.com.tr\/?page_id=10864"},"modified":"2025-09-05T16:59:22","modified_gmt":"2025-09-05T13:59:22","slug":"%d8%ae%d8%af%d9%85%d8%a7%d8%aa%d9%86%d8%a7-%d8%a7%d9%84%d8%b9%d8%a7%d9%85%d8%a9","status":"publish","type":"page","link":"https:\/\/aymakoop.com.tr\/ar\/%d8%ae%d8%af%d9%85%d8%a7%d8%aa%d9%86%d8%a7-%d8%a7%d9%84%d8%b9%d8%a7%d9%85%d8%a9\/","title":{"rendered":"\u062e\u062f\u0645\u0627\u062a\u0646\u0627 \u0627\u0644\u0639\u0627\u0645\u0629"},"content":{"rendered":"<div data-elementor-type=\"wp-page\" data-elementor-id=\"10864\" class=\"elementor elementor-10864\">\n\t\t\t\t<div class=\"elementor-element elementor-element-bae33c8 yazikapsa e-flex e-con-boxed e-con e-parent\" data-id=\"bae33c8\" data-element_type=\"container\">\n\t\t\t\t\t<div class=\"e-con-inner\">\n\t\t<div class=\"elementor-element elementor-element-ca76a35 e-con-full e-flex e-con e-child\" data-id=\"ca76a35\" data-element_type=\"container\">\n\t\t\t\t<div class=\"elementor-element elementor-element-2b5abf9 elementor-widget elementor-widget-sidebar\" data-id=\"2b5abf9\" data-element_type=\"widget\" data-widget_type=\"sidebar.default\">\n\t\t\t\t\t<section id=\"nav_menu-3\" class=\"widget-container widget_nav_menu\"><div class=\"menu-sidebar-container\"><ul id=\"menu-sidebar\" class=\"menu\"><li id=\"menu-item-10746\" class=\"menu-item menu-item-type-post_type menu-item-object-page menu-item-10746\"><a href=\"https:\/\/aymakoop.com.tr\/ar\/%d8%b1%d8%a4%d9%8a%d8%a9-%d8%a7%d9%84%d9%85%d9%87%d9%85%d8%a9\/\">\u0627\u0644\u0631\u0633\u0627\u0644\u0629 \u0648\u0627\u0644\u0631\u0624\u064a\u0629<\/a><\/li>\n<li id=\"menu-item-10793\" class=\"menu-item menu-item-type-post_type menu-item-object-page menu-item-10793\"><a href=\"https:\/\/aymakoop.com.tr\/ar\/%d9%85%d8%ac%d9%84%d8%b3-%d8%a5%d8%af%d8%a7%d8%b1%d8%a9\/\">\u0645\u062c\u0644\u0633 \u0625\u062f\u0627\u0631\u0629<\/a><\/li>\n<li id=\"menu-item-10803\" class=\"menu-item menu-item-type-post_type menu-item-object-page menu-item-10803\"><a href=\"https:\/\/aymakoop.com.tr\/ar\/%d8%a7%d9%84%d9%85%d8%ae%d8%b7%d8%b7-%d8%a7%d9%84%d8%aa%d9%86%d8%b8%d9%8a%d9%85%d9%8a\/\">\u0627\u0644\u0645\u062e\u0637\u0637 \u0627\u0644\u062a\u0646\u0638\u064a\u0645\u064a<\/a><\/li>\n<li id=\"menu-item-10694\" class=\"menu-item menu-item-type-custom menu-item-object-custom menu-item-10694\"><a href=\"#\">\u0627\u0644\u062c\u0645\u0639\u064a\u0629 \u0627\u0644\u0639\u0627\u0645\u0629<\/a><\/li>\n<li id=\"menu-item-10698\" class=\"menu-item menu-item-type-custom menu-item-object-custom menu-item-10698\"><a href=\"#\">\u0645\u0639\u0631\u0636 \u0627\u0644\u0635\u0648\u0631<\/a><\/li>\n<li id=\"menu-item-11141\" class=\"menu-item menu-item-type-post_type menu-item-object-page menu-item-11141\"><a href=\"https:\/\/aymakoop.com.tr\/ar\/%d8%a7%d9%84%d8%a5%d8%b9%d9%84%d8%a7%d9%86%d8%a7%d8%aa-%d8%a7%d9%84%d8%ad%d8%a7%d9%84%d9%8a%d8%a9\/\">\u0627\u0644\u0625\u0639\u0644\u0627\u0646\u0627\u062a \u0627\u0644\u062d\u0627\u0644\u064a\u0629<\/a><\/li>\n<li id=\"menu-item-11140\" class=\"menu-item menu-item-type-post_type menu-item-object-page menu-item-11140\"><a href=\"https:\/\/aymakoop.com.tr\/ar\/%d8%a3%d8%ae%d8%a8%d8%a7%d8%b1\/\">\u0623\u062e\u0628\u0627\u0631<\/a><\/li>\n<li id=\"menu-item-10850\" class=\"menu-item menu-item-type-post_type menu-item-object-page menu-item-10850\"><a href=\"https:\/\/aymakoop.com.tr\/ar\/%d8%b5%d9%86%d8%a7%d8%b9%d8%a9-%d8%a7%d9%84%d8%a3%d8%ad%d8%b0%d9%8a%d8%a9-%d8%a7%d9%84%d8%b9%d8%a7%d9%84%d9%85%d9%8a%d8%a9\/\">\u0635\u0646\u0627\u0639\u0629 \u0627\u0644\u0623\u062d\u0630\u064a\u0629 \u0641\u064a \u0627\u0644\u0639\u0627\u0644\u0645<\/a><\/li>\n<li id=\"menu-item-10863\" class=\"menu-item menu-item-type-post_type menu-item-object-page menu-item-10863\"><a href=\"https:\/\/aymakoop.com.tr\/ar\/%d9%85%d8%b9%d9%84%d9%88%d9%85%d8%a7%d8%aa-%d8%a7%d9%84%d8%a8%d9%86%d9%8a%d8%a9-%d8%a7%d9%84%d8%aa%d8%ad%d8%aa%d9%8a%d8%a9\/\">\u0645\u0639\u0644\u0648\u0645\u0627\u062a \u0627\u0644\u0628\u0646\u064a\u0629 \u0627\u0644\u062a\u062d\u062a\u064a\u0629<\/a><\/li>\n<li id=\"menu-item-10844\" class=\"menu-item menu-item-type-post_type menu-item-object-page menu-item-10844\"><a href=\"https:\/\/aymakoop.com.tr\/ar\/%d8%ac%d9%88%d8%a7%d8%a6%d8%b2%d9%86%d8%a7\/\">\u062c\u0648\u0627\u0626\u0632\u0646\u0627<\/a><\/li>\n<li id=\"menu-item-10896\" class=\"menu-item menu-item-type-post_type menu-item-object-page menu-item-10896\"><a href=\"https:\/\/aymakoop.com.tr\/ar\/%d8%b4%d9%87%d8%a7%d8%af%d8%a7%d8%aa-%d9%88%d8%ab%d8%a7%d8%a6%d9%82%d9%86%d8%a7\/\">\u0648\u062b\u0627\u0626\u0642\u0646\u0627 \u0648\u0634\u0647\u0627\u062f\u0627\u062a\u0646\u0627<\/a><\/li>\n<li id=\"menu-item-10920\" class=\"menu-item menu-item-type-post_type menu-item-object-page menu-item-10920\"><a href=\"https:\/\/aymakoop.com.tr\/ar\/%d9%86%d9%85%d8%a7%d8%b0%d8%ac-%d8%a7%d9%84%d8%b7%d9%84%d8%a8%d8%a7%d8%aa\/\">\u0646\u0645\u0627\u0630\u062c \u0627\u0644\u0637\u0644\u0628\u0627\u062a<\/a><\/li>\n<li id=\"menu-item-10956\" class=\"menu-item menu-item-type-post_type menu-item-object-page menu-item-10956\"><a href=\"https:\/\/aymakoop.com.tr\/ar\/%d9%86%d8%ad%d9%86-%d9%81%d9%8a-%d8%a7%d9%84%d8%a8%d8%af%d8%a7%d9%8a%d8%a9\/\">\u0646\u062d\u0646 \u0641\u064a \u0627\u0644\u0635\u062d\u0627\u0641\u0629<\/a><\/li>\n<li id=\"menu-item-11632\" class=\"menu-item menu-item-type-post_type menu-item-object-page menu-item-11632\"><a href=\"https:\/\/aymakoop.com.tr\/ar\/%d8%af%d9%84%d9%8a%d9%84-%d8%a7%d9%84%d8%b4%d8%b1%d9%83%d8%a7%d8%aa-%d8%a7%d9%84%d9%85%d8%b5%d9%86%d9%81%d8%a9\/\">\u062f\u0644\u064a\u0644 \u0627\u0644\u0634\u0631\u0643\u0627\u062a \u063a\u064a\u0631 \u0627\u0644\u0645\u0635\u0646\u0641<\/a><\/li>\n<li id=\"menu-item-11633\" class=\"menu-item menu-item-type-post_type menu-item-object-page menu-item-11633\"><a href=\"https:\/\/aymakoop.com.tr\/ar\/%d8%af%d9%84%d9%8a%d9%84-%d8%a7%d9%84%d8%b4%d8%b1%d9%83%d8%a7%d8%aa-%d8%a7%d9%84%d8%a3%d8%a8%d8%ac%d8%af%d9%8a\/\">\u062f\u0644\u064a\u0644 \u0627\u0644\u0634\u0631\u0643\u0627\u062a \u0627\u0644\u0623\u0628\u062c\u062f\u064a<\/a><\/li>\n<\/ul><\/div><\/section>\t\t\t\t<\/div>\n\t\t\t\t<\/div>\n\t\t<div class=\"elementor-element elementor-element-85b6fde e-con-full e-flex e-con e-child\" data-id=\"85b6fde\" data-element_type=\"container\">\n\t\t\t\t<div class=\"elementor-element elementor-element-55cb16b elementor-widget elementor-widget-image\" data-id=\"55cb16b\" data-element_type=\"widget\" data-widget_type=\"image.default\">\n\t\t\t\t\t\t\t\t\t\t\t\t\t\t\t<img fetchpriority=\"high\" decoding=\"async\" width=\"880\" height=\"450\" src=\"https:\/\/aymakoop.com.tr\/wp-content\/uploads\/2025\/08\/aymakoop-genel-hizmetler-1.jpg\" class=\"attachment-large size-large wp-image-11232\" alt=\"\" srcset=\"https:\/\/aymakoop.com.tr\/wp-content\/uploads\/2025\/08\/aymakoop-genel-hizmetler-1.jpg 880w, https:\/\/aymakoop.com.tr\/wp-content\/uploads\/2025\/08\/aymakoop-genel-hizmetler-1-300x153.jpg 300w, https:\/\/aymakoop.com.tr\/wp-content\/uploads\/2025\/08\/aymakoop-genel-hizmetler-1-768x393.jpg 768w, https:\/\/aymakoop.com.tr\/wp-content\/uploads\/2025\/08\/aymakoop-genel-hizmetler-1-700x358.jpg 700w\" sizes=\"(max-width: 880px) 100vw, 880px\" title=\"\">\t\t\t\t\t\t\t\t\t\t\t\t\t\t\t<\/div>\n\t\t\t\t<div class=\"elementor-element elementor-element-438f783 elementor-widget elementor-widget-text-editor\" data-id=\"438f783\" data-element_type=\"widget\" data-widget_type=\"text-editor.default\">\n\t\t\t\t\t\t\t\t\t<p>\u064a\u062a\u0645 \u0635\u064a\u0627\u0646\u0629 60 \u0645\u0635\u0639\u062f\u064b\u0627 \u062f\u0627\u062e\u0644 \u0627\u0644\u0645\u062c\u0645\u0639 \u0634\u0647\u0631\u064a\u064b\u0627 \u0628\u0627\u0646\u062a\u0638\u0627\u0645\u060c \u0648\u064a\u062a\u0645 \u0627\u0644\u062a\u0639\u0627\u0645\u0644 \u0645\u0639 \u0623\u064a \u0623\u0639\u0637\u0627\u0644 \u0641\u0648\u0631\u064b\u0627 \u062e\u0644\u0627\u0644 \u0633\u0627\u0639\u0627\u062a \u0627\u0644\u0639\u0645\u0644. \u064a\u0639\u0645\u0644 \u0641\u064a \u0642\u0633\u0645 \u0627\u0644\u0643\u0647\u0631\u0628\u0627\u0621 \u0633\u062a\u0629 \u0645\u0648\u0638\u0641\u064a\u0646. \u064a\u0633\u062a\u062c\u064a\u0628 \u0641\u0631\u064a\u0642\u0646\u0627 \u0627\u0644\u0643\u0647\u0631\u0628\u0627\u0626\u064a \u0641\u0648\u0631\u064b\u0627 \u0641\u064a \u062d\u0627\u0644\u0627\u062a \u0627\u0646\u0641\u062c\u0627\u0631 \u0627\u0644\u0635\u0645\u0627\u0645\u0627\u062a \u0648\u0627\u0644\u0623\u0639\u0637\u0627\u0644. \u064a\u0639\u0645\u0644 \u0641\u064a \u0642\u0633\u0645 \u0627\u0644\u0645\u062d\u0627\u0633\u0628\u0629 \u0623\u0631\u0628\u0639\u0629 \u0645\u0648\u0638\u0641\u064a\u0646. \u064a\u062a\u0648\u0644\u0649 \u0641\u0631\u064a\u0642 \u0627\u0644\u0645\u062d\u0627\u0633\u0628\u0629 \u0644\u062f\u064a\u0646\u0627 \u0625\u062f\u0627\u0631\u0629 \u0645\u0633\u062a\u062d\u0642\u0627\u062a \u0627\u0644\u0645\u0633\u0627\u0647\u0645\u064a\u0646\u060c \u0648\u0625\u0639\u062f\u0627\u062f \u0627\u0644\u0648\u062b\u0627\u0626\u0642 \u0627\u0644\u062f\u0648\u0631\u064a\u0629\u060c \u0648\u0625\u0635\u062f\u0627\u0631 \u0627\u0644\u0641\u0648\u0627\u062a\u064a\u0631. \u064a\u0639\u0645\u0644 \u0641\u064a \u0642\u0633\u0645 \u0627\u0644\u0623\u0645\u0646 \u0644\u062f\u064a\u0646\u0627 25 \u0645\u0648\u0638\u0641\u064b\u0627\u060c \u0648\u064a\u0642\u062f\u0645 \u062e\u062f\u0645\u0627\u062a \u0623\u0645\u0646\u064a\u0629 \u0639\u0644\u0649 \u0645\u062f\u0627\u0631 \u0627\u0644\u0633\u0627\u0639\u0629.<\/p><p>\u064a\u0639\u0645\u0644 \u0641\u064a \u0648\u062d\u062f\u062a\u0646\u0627 \u0627\u0644\u0641\u0646\u064a\u0629 \u062b\u0645\u0627\u0646\u064a\u0629 \u0645\u0648\u0638\u0641\u064a\u0646. \u064a\u062a\u0648\u0644\u0649 \u0641\u0631\u064a\u0642\u0646\u0627 \u0627\u0644\u0641\u0646\u064a \u0623\u0639\u0645\u0627\u0644 \u0627\u0644\u0625\u0635\u0644\u0627\u062d\u0627\u062a \u0648\u0627\u0644\u062a\u062c\u062f\u064a\u062f\u0627\u062a \u0641\u064a \u0627\u0644\u0645\u0646\u0627\u0637\u0642 \u0627\u0644\u0645\u0634\u062a\u0631\u0643\u0629. \u0648\u064a\u0639\u0645\u0644 \u0641\u064a \u0648\u062d\u062f\u0629 \u0627\u0644\u062a\u0646\u0638\u064a\u0641 \u0623\u062d\u062f \u0639\u0634\u0631 \u0645\u0648\u0638\u0641\u064b\u0627. \u064a\u0642\u0648\u0645 \u0641\u0631\u064a\u0642 \u0627\u0644\u062a\u0646\u0638\u064a\u0641 \u0644\u062f\u064a\u0646\u0627 \u0628\u0643\u0646\u0633 \u0627\u0644\u0634\u0648\u0627\u0631\u0639 \u0648\u0627\u0644\u0623\u0632\u0642\u0629 \u062f\u0627\u062e\u0644 \u0627\u0644\u0645\u062c\u0645\u0639 \u064a\u0648\u0645\u064a\u064b\u0627\u060c \u0648\u062a\u0646\u0638\u064a\u0641 \u0623\u062d\u0648\u0627\u0636 \u0627\u0644\u0645\u0646\u0627\u0637\u0642 \u0627\u0644\u0645\u0634\u062a\u0631\u0643\u0629 \u062b\u0644\u0627\u062b\u0629 \u0623\u064a\u0627\u0645 \u0641\u064a \u0627\u0644\u0623\u0633\u0628\u0648\u0639\u060c \u0648\u062a\u0646\u0638\u064a\u0641 \u0648\u0635\u064a\u0627\u0646\u0629 \u062c\u0645\u064a\u0639 \u0627\u0644\u0645\u0628\u0627\u0646\u064a \u0645\u0631\u0629 \u0648\u0627\u062d\u062f\u0629 \u0623\u0633\u0628\u0648\u0639\u064a\u064b\u0627.<\/p>\t\t\t\t\t\t\t\t<\/div>\n\t\t\t\t<\/div>\n\t\t\t\t\t<\/div>\n\t\t\t\t<\/div>\n\t\t\t\t<\/div>","protected":false},"excerpt":{"rendered":"<p>Site i\u00e7erisindeki toplam 60 adet asans\u00f6r\u00fcn periyodik bak\u0131m\u0131 her ay yap\u0131lmakta, ar\u0131zalara mesai saatleri i\u00e7erisinde an\u0131nda m\u00fcdahale edilmektedir. Elektrik birimimizde toplam 6 personel istihdam edilmektedir. Elektrik ekibimiz sigorta at\u0131m\u0131 ve ar\u0131zalara an\u0131nda m\u00fcdahale etmektedir. Muhasebe birimimizde toplam 4 personel istihdam edilmektedir. Muhasebe ekibimiz ortaklar\u0131n aidatlar\u0131n\u0131, periyodik evraklar\u0131n haz\u0131rl\u0131klar\u0131n\u0131 ve faturaland\u0131rma i\u015flemlerini yapmaktad\u0131r. G\u00fcvenlik birimimizde toplam [&hellip;]<\/p>","protected":false},"author":1,"featured_media":0,"parent":0,"menu_order":0,"comment_status":"closed","ping_status":"closed","template":"","meta":{"footnotes":""},"class_list":["post-10864","page","type-page","status-publish","hentry"],"_links":{"self":[{"href":"https:\/\/aymakoop.com.tr\/ar\/wp-json\/wp\/v2\/pages\/10864","targetHints":{"allow":["GET"]}}],"collection":[{"href":"https:\/\/aymakoop.com.tr\/ar\/wp-json\/wp\/v2\/pages"}],"about":[{"href":"https:\/\/aymakoop.com.tr\/ar\/wp-json\/wp\/v2\/types\/page"}],"author":[{"embeddable":true,"href":"https:\/\/aymakoop.com.tr\/ar\/wp-json\/wp\/v2\/users\/1"}],"replies":[{"embeddable":true,"href":"https:\/\/aymakoop.com.tr\/ar\/wp-json\/wp\/v2\/comments?post=10864"}],"version-history":[{"count":1,"href":"https:\/\/aymakoop.com.tr\/ar\/wp-json\/wp\/v2\/pages\/10864\/revisions"}],"predecessor-version":[{"id":15564,"href":"https:\/\/aymakoop.com.tr\/ar\/wp-json\/wp\/v2\/pages\/10864\/revisions\/15564"}],"wp:attachment":[{"href":"https:\/\/aymakoop.com.tr\/ar\/wp-json\/wp\/v2\/media?parent=10864"}],"curies":[{"name":"wp","href":"https:\/\/api.w.org\/{rel}","templated":true}]}}