{"id":10748,"date":"2025-08-20T10:31:55","date_gmt":"2025-08-20T07:31:55","guid":{"rendered":"https:\/\/aymakoop.com.tr\/?page_id=10748"},"modified":"2025-09-30T17:56:32","modified_gmt":"2025-09-30T14:56:32","slug":"%d9%85%d8%ac%d9%84%d8%b3-%d8%a5%d8%af%d8%a7%d8%b1%d8%a9","status":"publish","type":"page","link":"https:\/\/aymakoop.com.tr\/ar\/%d9%85%d8%ac%d9%84%d8%b3-%d8%a5%d8%af%d8%a7%d8%b1%d8%a9\/","title":{"rendered":"\u0645\u062c\u0644\u0633 \u0625\u062f\u0627\u0631\u0629"},"content":{"rendered":"<div data-elementor-type=\"wp-page\" data-elementor-id=\"10748\" class=\"elementor elementor-10748\">\n\t\t\t\t<div class=\"elementor-element elementor-element-bae33c8 sayfakapsa  e-flex e-con-boxed e-con e-parent\" data-id=\"bae33c8\" data-element_type=\"container\">\n\t\t\t\t\t<div class=\"e-con-inner\">\n\t\t<div class=\"elementor-element elementor-element-ca76a35 e-con-full e-flex e-con e-child\" data-id=\"ca76a35\" data-element_type=\"container\">\n\t\t\t\t<div class=\"elementor-element elementor-element-2b5abf9 elementor-widget elementor-widget-sidebar\" data-id=\"2b5abf9\" data-element_type=\"widget\" data-widget_type=\"sidebar.default\">\n\t\t\t\t\t<section id=\"nav_menu-3\" class=\"widget-container widget_nav_menu\"><div class=\"menu-sidebar-container\"><ul id=\"menu-sidebar\" class=\"menu\"><li id=\"menu-item-10746\" class=\"menu-item menu-item-type-post_type menu-item-object-page menu-item-10746\"><a href=\"https:\/\/aymakoop.com.tr\/ar\/%d8%b1%d8%a4%d9%8a%d8%a9-%d8%a7%d9%84%d9%85%d9%87%d9%85%d8%a9\/\">\u0627\u0644\u0631\u0633\u0627\u0644\u0629 \u0648\u0627\u0644\u0631\u0624\u064a\u0629<\/a><\/li>\n<li id=\"menu-item-10793\" class=\"menu-item menu-item-type-post_type menu-item-object-page menu-item-10793\"><a href=\"https:\/\/aymakoop.com.tr\/ar\/%d9%85%d8%ac%d9%84%d8%b3-%d8%a5%d8%af%d8%a7%d8%b1%d8%a9\/\">\u0645\u062c\u0644\u0633 \u0625\u062f\u0627\u0631\u0629<\/a><\/li>\n<li id=\"menu-item-10803\" class=\"menu-item menu-item-type-post_type menu-item-object-page menu-item-10803\"><a href=\"https:\/\/aymakoop.com.tr\/ar\/%d8%a7%d9%84%d9%85%d8%ae%d8%b7%d8%b7-%d8%a7%d9%84%d8%aa%d9%86%d8%b8%d9%8a%d9%85%d9%8a\/\">\u0627\u0644\u0645\u062e\u0637\u0637 \u0627\u0644\u062a\u0646\u0638\u064a\u0645\u064a<\/a><\/li>\n<li id=\"menu-item-10694\" class=\"menu-item menu-item-type-custom menu-item-object-custom menu-item-10694\"><a href=\"#\">\u0627\u0644\u062c\u0645\u0639\u064a\u0629 \u0627\u0644\u0639\u0627\u0645\u0629<\/a><\/li>\n<li id=\"menu-item-10698\" class=\"menu-item menu-item-type-custom menu-item-object-custom menu-item-10698\"><a href=\"#\">\u0645\u0639\u0631\u0636 \u0627\u0644\u0635\u0648\u0631<\/a><\/li>\n<li id=\"menu-item-11141\" class=\"menu-item menu-item-type-post_type menu-item-object-page menu-item-11141\"><a href=\"https:\/\/aymakoop.com.tr\/ar\/%d8%a7%d9%84%d8%a5%d8%b9%d9%84%d8%a7%d9%86%d8%a7%d8%aa-%d8%a7%d9%84%d8%ad%d8%a7%d9%84%d9%8a%d8%a9\/\">\u0627\u0644\u0625\u0639\u0644\u0627\u0646\u0627\u062a \u0627\u0644\u062d\u0627\u0644\u064a\u0629<\/a><\/li>\n<li id=\"menu-item-11140\" class=\"menu-item menu-item-type-post_type menu-item-object-page menu-item-11140\"><a href=\"https:\/\/aymakoop.com.tr\/ar\/%d8%a3%d8%ae%d8%a8%d8%a7%d8%b1\/\">\u0623\u062e\u0628\u0627\u0631<\/a><\/li>\n<li id=\"menu-item-10850\" class=\"menu-item menu-item-type-post_type menu-item-object-page menu-item-10850\"><a href=\"https:\/\/aymakoop.com.tr\/ar\/%d8%b5%d9%86%d8%a7%d8%b9%d8%a9-%d8%a7%d9%84%d8%a3%d8%ad%d8%b0%d9%8a%d8%a9-%d8%a7%d9%84%d8%b9%d8%a7%d9%84%d9%85%d9%8a%d8%a9\/\">\u0635\u0646\u0627\u0639\u0629 \u0627\u0644\u0623\u062d\u0630\u064a\u0629 \u0641\u064a \u0627\u0644\u0639\u0627\u0644\u0645<\/a><\/li>\n<li id=\"menu-item-10863\" class=\"menu-item menu-item-type-post_type menu-item-object-page menu-item-10863\"><a href=\"https:\/\/aymakoop.com.tr\/ar\/%d9%85%d8%b9%d9%84%d9%88%d9%85%d8%a7%d8%aa-%d8%a7%d9%84%d8%a8%d9%86%d9%8a%d8%a9-%d8%a7%d9%84%d8%aa%d8%ad%d8%aa%d9%8a%d8%a9\/\">\u0645\u0639\u0644\u0648\u0645\u0627\u062a \u0627\u0644\u0628\u0646\u064a\u0629 \u0627\u0644\u062a\u062d\u062a\u064a\u0629<\/a><\/li>\n<li id=\"menu-item-10844\" class=\"menu-item menu-item-type-post_type menu-item-object-page menu-item-10844\"><a href=\"https:\/\/aymakoop.com.tr\/ar\/%d8%ac%d9%88%d8%a7%d8%a6%d8%b2%d9%86%d8%a7\/\">\u062c\u0648\u0627\u0626\u0632\u0646\u0627<\/a><\/li>\n<li id=\"menu-item-10896\" class=\"menu-item menu-item-type-post_type menu-item-object-page menu-item-10896\"><a href=\"https:\/\/aymakoop.com.tr\/ar\/%d8%b4%d9%87%d8%a7%d8%af%d8%a7%d8%aa-%d9%88%d8%ab%d8%a7%d8%a6%d9%82%d9%86%d8%a7\/\">\u0648\u062b\u0627\u0626\u0642\u0646\u0627 \u0648\u0634\u0647\u0627\u062f\u0627\u062a\u0646\u0627<\/a><\/li>\n<li id=\"menu-item-10920\" class=\"menu-item menu-item-type-post_type menu-item-object-page menu-item-10920\"><a href=\"https:\/\/aymakoop.com.tr\/ar\/%d9%86%d9%85%d8%a7%d8%b0%d8%ac-%d8%a7%d9%84%d8%b7%d9%84%d8%a8%d8%a7%d8%aa\/\">\u0646\u0645\u0627\u0630\u062c \u0627\u0644\u0637\u0644\u0628\u0627\u062a<\/a><\/li>\n<li id=\"menu-item-10956\" class=\"menu-item menu-item-type-post_type menu-item-object-page menu-item-10956\"><a href=\"https:\/\/aymakoop.com.tr\/ar\/%d9%86%d8%ad%d9%86-%d9%81%d9%8a-%d8%a7%d9%84%d8%a8%d8%af%d8%a7%d9%8a%d8%a9\/\">\u0646\u062d\u0646 \u0641\u064a \u0627\u0644\u0635\u062d\u0627\u0641\u0629<\/a><\/li>\n<li id=\"menu-item-11632\" class=\"menu-item menu-item-type-post_type menu-item-object-page menu-item-11632\"><a href=\"https:\/\/aymakoop.com.tr\/ar\/%d8%af%d9%84%d9%8a%d9%84-%d8%a7%d9%84%d8%b4%d8%b1%d9%83%d8%a7%d8%aa-%d8%a7%d9%84%d9%85%d8%b5%d9%86%d9%81%d8%a9\/\">\u062f\u0644\u064a\u0644 \u0627\u0644\u0634\u0631\u0643\u0627\u062a \u063a\u064a\u0631 \u0627\u0644\u0645\u0635\u0646\u0641<\/a><\/li>\n<li id=\"menu-item-11633\" class=\"menu-item menu-item-type-post_type menu-item-object-page menu-item-11633\"><a href=\"https:\/\/aymakoop.com.tr\/ar\/%d8%af%d9%84%d9%8a%d9%84-%d8%a7%d9%84%d8%b4%d8%b1%d9%83%d8%a7%d8%aa-%d8%a7%d9%84%d8%a3%d8%a8%d8%ac%d8%af%d9%8a\/\">\u062f\u0644\u064a\u0644 \u0627\u0644\u0634\u0631\u0643\u0627\u062a \u0627\u0644\u0623\u0628\u062c\u062f\u064a<\/a><\/li>\n<\/ul><\/div><\/section>\t\t\t\t<\/div>\n\t\t\t\t<\/div>\n\t\t<div class=\"elementor-element elementor-element-85b6fde e-con-full e-flex e-con e-child\" data-id=\"85b6fde\" data-element_type=\"container\">\n\t\t<div class=\"elementor-element elementor-element-3857760 e-grid e-con-full e-con e-child\" data-id=\"3857760\" data-element_type=\"container\">\n\t\t<div class=\"elementor-element elementor-element-8ca1d63 e-con-full e-flex e-con e-child\" data-id=\"8ca1d63\" data-element_type=\"container\">\n\t\t\t\t<div class=\"elementor-element elementor-element-2715dca elementor-widget elementor-widget-image\" data-id=\"2715dca\" data-element_type=\"widget\" data-widget_type=\"image.default\">\n\t\t\t\t\t\t\t\t\t\t\t\t\t\t\t<img fetchpriority=\"high\" decoding=\"async\" width=\"819\" height=\"1024\" src=\"https:\/\/aymakoop.com.tr\/wp-content\/uploads\/2025\/09\/aymakoop-murat-gol-819x1024.jpg\" class=\"attachment-large size-large wp-image-16214\" alt=\"\" srcset=\"https:\/\/aymakoop.com.tr\/wp-content\/uploads\/2025\/09\/aymakoop-murat-gol-819x1024.jpg 819w, https:\/\/aymakoop.com.tr\/wp-content\/uploads\/2025\/09\/aymakoop-murat-gol-240x300.jpg 240w, https:\/\/aymakoop.com.tr\/wp-content\/uploads\/2025\/09\/aymakoop-murat-gol-768x960.jpg 768w, https:\/\/aymakoop.com.tr\/wp-content\/uploads\/2025\/09\/aymakoop-murat-gol-10x12.jpg 10w, https:\/\/aymakoop.com.tr\/wp-content\/uploads\/2025\/09\/aymakoop-murat-gol-700x875.jpg 700w, https:\/\/aymakoop.com.tr\/wp-content\/uploads\/2025\/09\/aymakoop-murat-gol.jpg 1080w\" sizes=\"(max-width: 819px) 100vw, 819px\" title=\"\">\t\t\t\t\t\t\t\t\t\t\t\t\t\t\t<\/div>\n\t\t\t\t<div class=\"elementor-element elementor-element-d37d992 elementor-widget elementor-widget-heading\" data-id=\"d37d992\" data-element_type=\"widget\" data-widget_type=\"heading.default\">\n\t\t\t\t\t<h2 class=\"elementor-heading-title elementor-size-default\">\u0628\u062d\u064a\u0631\u0629 \u0645\u0631\u0627\u062f<\/h2>\t\t\t\t<\/div>\n\t\t\t\t<div class=\"elementor-element elementor-element-8ee72bc elementor-widget elementor-widget-text-editor\" data-id=\"8ee72bc\" data-element_type=\"widget\" data-widget_type=\"text-editor.default\">\n\t\t\t\t\t\t\t\t\t<p>\u0631\u0626\u064a\u0633 \u0645\u062c\u0644\u0633 \u0627\u0644\u0625\u062f\u0627\u0631\u0629<\/p>\t\t\t\t\t\t\t\t<\/div>\n\t\t\t\t<\/div>\n\t\t<div class=\"elementor-element elementor-element-b4d5ea9 e-con-full e-flex e-con e-child\" data-id=\"b4d5ea9\" data-element_type=\"container\">\n\t\t\t\t<div class=\"elementor-element elementor-element-36916a3 elementor-widget elementor-widget-image\" data-id=\"36916a3\" data-element_type=\"widget\" data-widget_type=\"image.default\">\n\t\t\t\t\t\t\t\t\t\t\t\t\t\t\t<img decoding=\"async\" width=\"819\" height=\"1024\" src=\"https:\/\/aymakoop.com.tr\/wp-content\/uploads\/2025\/09\/aymakoop-yusuf-aksu.jpg\" class=\"attachment-large size-large wp-image-16225\" alt=\"\" srcset=\"https:\/\/aymakoop.com.tr\/wp-content\/uploads\/2025\/09\/aymakoop-yusuf-aksu.jpg 819w, https:\/\/aymakoop.com.tr\/wp-content\/uploads\/2025\/09\/aymakoop-yusuf-aksu-240x300.jpg 240w, https:\/\/aymakoop.com.tr\/wp-content\/uploads\/2025\/09\/aymakoop-yusuf-aksu-768x960.jpg 768w, https:\/\/aymakoop.com.tr\/wp-content\/uploads\/2025\/09\/aymakoop-yusuf-aksu-10x12.jpg 10w, https:\/\/aymakoop.com.tr\/wp-content\/uploads\/2025\/09\/aymakoop-yusuf-aksu-700x875.jpg 700w\" sizes=\"(max-width: 819px) 100vw, 819px\" title=\"\">\t\t\t\t\t\t\t\t\t\t\t\t\t\t\t<\/div>\n\t\t\t\t<div class=\"elementor-element elementor-element-6877486 elementor-widget elementor-widget-heading\" data-id=\"6877486\" data-element_type=\"widget\" data-widget_type=\"heading.default\">\n\t\t\t\t\t<h2 class=\"elementor-heading-title elementor-size-default\">\u064a\u0648\u0633\u0641 \u0623\u0643\u0633\u0648<\/h2>\t\t\t\t<\/div>\n\t\t\t\t<div class=\"elementor-element elementor-element-5c12e5a elementor-widget elementor-widget-text-editor\" data-id=\"5c12e5a\" data-element_type=\"widget\" data-widget_type=\"text-editor.default\">\n\t\t\t\t\t\t\t\t\t<p>\u0646\u0627\u0626\u0628 \u0631\u0626\u064a\u0633 \u0645\u062c\u0644\u0633 \u0627\u0644\u0625\u062f\u0627\u0631\u0629<\/p>\t\t\t\t\t\t\t\t<\/div>\n\t\t\t\t<\/div>\n\t\t<div class=\"elementor-element elementor-element-b61f5a3 e-con-full e-flex e-con e-child\" data-id=\"b61f5a3\" data-element_type=\"container\">\n\t\t\t\t<div class=\"elementor-element elementor-element-2b4a743 elementor-widget elementor-widget-image\" data-id=\"2b4a743\" data-element_type=\"widget\" data-widget_type=\"image.default\">\n\t\t\t\t\t\t\t\t\t\t\t\t\t\t\t<img decoding=\"async\" width=\"819\" height=\"1024\" src=\"https:\/\/aymakoop.com.tr\/wp-content\/uploads\/2025\/09\/aymakoop-sakir-kilici-819x1024.jpg\" class=\"attachment-large size-large wp-image-16215\" alt=\"\" srcset=\"https:\/\/aymakoop.com.tr\/wp-content\/uploads\/2025\/09\/aymakoop-sakir-kilici-819x1024.jpg 819w, https:\/\/aymakoop.com.tr\/wp-content\/uploads\/2025\/09\/aymakoop-sakir-kilici-240x300.jpg 240w, https:\/\/aymakoop.com.tr\/wp-content\/uploads\/2025\/09\/aymakoop-sakir-kilici-768x960.jpg 768w, https:\/\/aymakoop.com.tr\/wp-content\/uploads\/2025\/09\/aymakoop-sakir-kilici-10x12.jpg 10w, https:\/\/aymakoop.com.tr\/wp-content\/uploads\/2025\/09\/aymakoop-sakir-kilici-700x875.jpg 700w, https:\/\/aymakoop.com.tr\/wp-content\/uploads\/2025\/09\/aymakoop-sakir-kilici.jpg 1080w\" sizes=\"(max-width: 819px) 100vw, 819px\" title=\"\">\t\t\t\t\t\t\t\t\t\t\t\t\t\t\t<\/div>\n\t\t\t\t<div class=\"elementor-element elementor-element-dcf8eaa elementor-widget elementor-widget-heading\" data-id=\"dcf8eaa\" data-element_type=\"widget\" data-widget_type=\"heading.default\">\n\t\t\t\t\t<h2 class=\"elementor-heading-title elementor-size-default\">\u0634\u0627\u0643\u0631 \u0643\u064a\u0644\u0633\u064a<\/h2>\t\t\t\t<\/div>\n\t\t\t\t<div class=\"elementor-element elementor-element-20bce7c elementor-widget elementor-widget-text-editor\" data-id=\"20bce7c\" data-element_type=\"widget\" data-widget_type=\"text-editor.default\">\n\t\t\t\t\t\t\t\t\t<p>\u0639\u0636\u0648 \u0645\u062c\u0644\u0633 \u0627\u0644\u0625\u062f\u0627\u0631\u0629 \u0627\u0644\u0645\u062d\u0627\u0633\u0628\u064a<\/p>\t\t\t\t\t\t\t\t<\/div>\n\t\t\t\t<\/div>\n\t\t<div class=\"elementor-element elementor-element-52584ef e-con-full e-flex e-con e-child\" data-id=\"52584ef\" data-element_type=\"container\">\n\t\t\t\t<div class=\"elementor-element elementor-element-bf0a025 elementor-widget elementor-widget-image\" data-id=\"bf0a025\" data-element_type=\"widget\" data-widget_type=\"image.default\">\n\t\t\t\t\t\t\t\t\t\t\t\t\t\t\t<img loading=\"lazy\" decoding=\"async\" width=\"819\" height=\"1024\" src=\"https:\/\/aymakoop.com.tr\/wp-content\/uploads\/2025\/09\/aymakoop-ahmet-duman-819x1024.jpg\" class=\"attachment-large size-large wp-image-16216\" alt=\"\" srcset=\"https:\/\/aymakoop.com.tr\/wp-content\/uploads\/2025\/09\/aymakoop-ahmet-duman-819x1024.jpg 819w, https:\/\/aymakoop.com.tr\/wp-content\/uploads\/2025\/09\/aymakoop-ahmet-duman-240x300.jpg 240w, https:\/\/aymakoop.com.tr\/wp-content\/uploads\/2025\/09\/aymakoop-ahmet-duman-768x960.jpg 768w, https:\/\/aymakoop.com.tr\/wp-content\/uploads\/2025\/09\/aymakoop-ahmet-duman-10x12.jpg 10w, https:\/\/aymakoop.com.tr\/wp-content\/uploads\/2025\/09\/aymakoop-ahmet-duman-700x875.jpg 700w, https:\/\/aymakoop.com.tr\/wp-content\/uploads\/2025\/09\/aymakoop-ahmet-duman.jpg 1080w\" sizes=\"(max-width: 819px) 100vw, 819px\" title=\"\">\t\t\t\t\t\t\t\t\t\t\t\t\t\t\t<\/div>\n\t\t\t\t<div class=\"elementor-element elementor-element-35b23b7 elementor-widget elementor-widget-heading\" data-id=\"35b23b7\" data-element_type=\"widget\" data-widget_type=\"heading.default\">\n\t\t\t\t\t<h2 class=\"elementor-heading-title elementor-size-default\">\u0623\u062d\u0645\u062f \u062f\u0648\u0645\u0627\u0646<\/h2>\t\t\t\t<\/div>\n\t\t\t\t<div class=\"elementor-element elementor-element-fcf8d9b elementor-widget elementor-widget-text-editor\" data-id=\"fcf8d9b\" data-element_type=\"widget\" data-widget_type=\"text-editor.default\">\n\t\t\t\t\t\t\t\t\t<p>\u0623\u0645\u064a\u0646 \u0633\u0631 \u0645\u062c\u0644\u0633 \u0627\u0644\u0625\u062f\u0627\u0631\u0629<\/p>\t\t\t\t\t\t\t\t<\/div>\n\t\t\t\t<\/div>\n\t\t<div class=\"elementor-element elementor-element-e93fc07 e-con-full e-flex e-con e-child\" data-id=\"e93fc07\" data-element_type=\"container\">\n\t\t\t\t<div class=\"elementor-element elementor-element-aa2d228 elementor-widget elementor-widget-image\" data-id=\"aa2d228\" data-element_type=\"widget\" data-widget_type=\"image.default\">\n\t\t\t\t\t\t\t\t\t\t\t\t\t\t\t<img loading=\"lazy\" decoding=\"async\" width=\"819\" height=\"1024\" src=\"https:\/\/aymakoop.com.tr\/wp-content\/uploads\/2025\/09\/aymakoop-ramazan-gok.jpg\" class=\"attachment-large size-large wp-image-16226\" alt=\"\" srcset=\"https:\/\/aymakoop.com.tr\/wp-content\/uploads\/2025\/09\/aymakoop-ramazan-gok.jpg 819w, https:\/\/aymakoop.com.tr\/wp-content\/uploads\/2025\/09\/aymakoop-ramazan-gok-240x300.jpg 240w, https:\/\/aymakoop.com.tr\/wp-content\/uploads\/2025\/09\/aymakoop-ramazan-gok-768x960.jpg 768w, https:\/\/aymakoop.com.tr\/wp-content\/uploads\/2025\/09\/aymakoop-ramazan-gok-10x12.jpg 10w, https:\/\/aymakoop.com.tr\/wp-content\/uploads\/2025\/09\/aymakoop-ramazan-gok-700x875.jpg 700w\" sizes=\"(max-width: 819px) 100vw, 819px\" title=\"\">\t\t\t\t\t\t\t\t\t\t\t\t\t\t\t<\/div>\n\t\t\t\t<div class=\"elementor-element elementor-element-0890dd7 elementor-widget elementor-widget-heading\" data-id=\"0890dd7\" data-element_type=\"widget\" data-widget_type=\"heading.default\">\n\t\t\t\t\t<h2 class=\"elementor-heading-title elementor-size-default\">\u0633\u0645\u0627\u0621 \u0631\u0645\u0636\u0627\u0646<\/h2>\t\t\t\t<\/div>\n\t\t\t\t<div class=\"elementor-element elementor-element-7645066 elementor-widget elementor-widget-text-editor\" data-id=\"7645066\" data-element_type=\"widget\" data-widget_type=\"text-editor.default\">\n\t\t\t\t\t\t\t\t\t<p>\u0623\u0645\u064a\u0646 \u0633\u0631 \u0645\u062c\u0644\u0633 \u0627\u0644\u0625\u062f\u0627\u0631\u0629<\/p>\t\t\t\t\t\t\t\t<\/div>\n\t\t\t\t<\/div>\n\t\t<div class=\"elementor-element elementor-element-a6dcf5c e-con-full e-flex e-con e-child\" data-id=\"a6dcf5c\" data-element_type=\"container\">\n\t\t\t\t<div class=\"elementor-element elementor-element-bdb9166 elementor-widget elementor-widget-image\" data-id=\"bdb9166\" data-element_type=\"widget\" data-widget_type=\"image.default\">\n\t\t\t\t\t\t\t\t\t\t\t\t\t\t\t<img loading=\"lazy\" decoding=\"async\" width=\"819\" height=\"1024\" src=\"https:\/\/aymakoop.com.tr\/wp-content\/uploads\/2025\/09\/aymakoop-haluk-erdogan-819x1024.jpg\" class=\"attachment-large size-large wp-image-16218\" alt=\"\" srcset=\"https:\/\/aymakoop.com.tr\/wp-content\/uploads\/2025\/09\/aymakoop-haluk-erdogan-819x1024.jpg 819w, https:\/\/aymakoop.com.tr\/wp-content\/uploads\/2025\/09\/aymakoop-haluk-erdogan-240x300.jpg 240w, https:\/\/aymakoop.com.tr\/wp-content\/uploads\/2025\/09\/aymakoop-haluk-erdogan-768x960.jpg 768w, https:\/\/aymakoop.com.tr\/wp-content\/uploads\/2025\/09\/aymakoop-haluk-erdogan-10x12.jpg 10w, https:\/\/aymakoop.com.tr\/wp-content\/uploads\/2025\/09\/aymakoop-haluk-erdogan-700x875.jpg 700w, https:\/\/aymakoop.com.tr\/wp-content\/uploads\/2025\/09\/aymakoop-haluk-erdogan.jpg 1080w\" sizes=\"(max-width: 819px) 100vw, 819px\" title=\"\">\t\t\t\t\t\t\t\t\t\t\t\t\t\t\t<\/div>\n\t\t\t\t<div class=\"elementor-element elementor-element-a93cd06 elementor-widget elementor-widget-heading\" data-id=\"a93cd06\" data-element_type=\"widget\" data-widget_type=\"heading.default\">\n\t\t\t\t\t<h2 class=\"elementor-heading-title elementor-size-default\">\u0647\u0627\u0644\u0648\u0643 \u0623\u0631\u062f\u0648\u063a\u0627\u0646<\/h2>\t\t\t\t<\/div>\n\t\t\t\t<div class=\"elementor-element elementor-element-4d660a7 elementor-widget elementor-widget-text-editor\" data-id=\"4d660a7\" data-element_type=\"widget\" data-widget_type=\"text-editor.default\">\n\t\t\t\t\t\t\t\t\t<p>\u0623\u0645\u064a\u0646 \u0633\u0631 \u0645\u062c\u0644\u0633 \u0627\u0644\u0625\u062f\u0627\u0631\u0629<\/p>\t\t\t\t\t\t\t\t<\/div>\n\t\t\t\t<\/div>\n\t\t<div class=\"elementor-element elementor-element-158a72d e-con-full e-flex e-con e-child\" data-id=\"158a72d\" data-element_type=\"container\">\n\t\t\t\t<div class=\"elementor-element elementor-element-39dd812 elementor-widget elementor-widget-image\" data-id=\"39dd812\" data-element_type=\"widget\" data-widget_type=\"image.default\">\n\t\t\t\t\t\t\t\t\t\t\t\t\t\t\t<img loading=\"lazy\" decoding=\"async\" width=\"819\" height=\"1024\" src=\"https:\/\/aymakoop.com.tr\/wp-content\/uploads\/2025\/09\/aymakoop-mustafa-degirmenci-819x1024.jpg\" class=\"attachment-large size-large wp-image-16219\" alt=\"\" srcset=\"https:\/\/aymakoop.com.tr\/wp-content\/uploads\/2025\/09\/aymakoop-mustafa-degirmenci-819x1024.jpg 819w, https:\/\/aymakoop.com.tr\/wp-content\/uploads\/2025\/09\/aymakoop-mustafa-degirmenci-240x300.jpg 240w, https:\/\/aymakoop.com.tr\/wp-content\/uploads\/2025\/09\/aymakoop-mustafa-degirmenci-768x960.jpg 768w, https:\/\/aymakoop.com.tr\/wp-content\/uploads\/2025\/09\/aymakoop-mustafa-degirmenci-10x12.jpg 10w, https:\/\/aymakoop.com.tr\/wp-content\/uploads\/2025\/09\/aymakoop-mustafa-degirmenci-700x875.jpg 700w, https:\/\/aymakoop.com.tr\/wp-content\/uploads\/2025\/09\/aymakoop-mustafa-degirmenci.jpg 1080w\" sizes=\"(max-width: 819px) 100vw, 819px\" title=\"\">\t\t\t\t\t\t\t\t\t\t\t\t\t\t\t<\/div>\n\t\t\t\t<div class=\"elementor-element elementor-element-e10a733 elementor-widget elementor-widget-heading\" data-id=\"e10a733\" data-element_type=\"widget\" data-widget_type=\"heading.default\">\n\t\t\t\t\t<h2 class=\"elementor-heading-title elementor-size-default\">\u0645\u0635\u0637\u0641\u0649 \u062f\u064a\u062c\u064a\u0631\u0645\u0646\u062c\u064a<\/h2>\t\t\t\t<\/div>\n\t\t\t\t<div class=\"elementor-element elementor-element-ec33cb4 elementor-widget elementor-widget-text-editor\" data-id=\"ec33cb4\" data-element_type=\"widget\" data-widget_type=\"text-editor.default\">\n\t\t\t\t\t\t\t\t\t<p>\u0623\u0645\u064a\u0646 \u0633\u0631 \u0645\u062c\u0644\u0633 \u0627\u0644\u0625\u062f\u0627\u0631\u0629<\/p>\t\t\t\t\t\t\t\t<\/div>\n\t\t\t\t<\/div>\n\t\t<div class=\"elementor-element elementor-element-0f4d025 e-con-full e-flex e-con e-child\" data-id=\"0f4d025\" data-element_type=\"container\">\n\t\t\t\t<div class=\"elementor-element elementor-element-e512c84 elementor-widget elementor-widget-image\" data-id=\"e512c84\" data-element_type=\"widget\" data-widget_type=\"image.default\">\n\t\t\t\t\t\t\t\t\t\t\t\t\t\t\t<img loading=\"lazy\" decoding=\"async\" width=\"819\" height=\"1024\" src=\"https:\/\/aymakoop.com.tr\/wp-content\/uploads\/2025\/09\/aymakoop-alaaddin-kaya-819x1024.jpg\" class=\"attachment-large size-large wp-image-16220\" alt=\"\" srcset=\"https:\/\/aymakoop.com.tr\/wp-content\/uploads\/2025\/09\/aymakoop-alaaddin-kaya-819x1024.jpg 819w, https:\/\/aymakoop.com.tr\/wp-content\/uploads\/2025\/09\/aymakoop-alaaddin-kaya-240x300.jpg 240w, https:\/\/aymakoop.com.tr\/wp-content\/uploads\/2025\/09\/aymakoop-alaaddin-kaya-768x960.jpg 768w, https:\/\/aymakoop.com.tr\/wp-content\/uploads\/2025\/09\/aymakoop-alaaddin-kaya-10x12.jpg 10w, https:\/\/aymakoop.com.tr\/wp-content\/uploads\/2025\/09\/aymakoop-alaaddin-kaya-700x875.jpg 700w, https:\/\/aymakoop.com.tr\/wp-content\/uploads\/2025\/09\/aymakoop-alaaddin-kaya.jpg 1080w\" sizes=\"(max-width: 819px) 100vw, 819px\" title=\"\">\t\t\t\t\t\t\t\t\t\t\t\t\t\t\t<\/div>\n\t\t\t\t<div class=\"elementor-element elementor-element-7994847 elementor-widget elementor-widget-heading\" data-id=\"7994847\" data-element_type=\"widget\" data-widget_type=\"heading.default\">\n\t\t\t\t\t<h2 class=\"elementor-heading-title elementor-size-default\">\u0639\u0644\u0627\u0621 \u0627\u0644\u062f\u064a\u0646 \u0643\u0627\u064a\u0627<\/h2>\t\t\t\t<\/div>\n\t\t\t\t<div class=\"elementor-element elementor-element-cf061b5 elementor-widget elementor-widget-text-editor\" data-id=\"cf061b5\" data-element_type=\"widget\" data-widget_type=\"text-editor.default\">\n\t\t\t\t\t\t\t\t\t<p>\u0639\u0636\u0648 \u0645\u062c\u0644\u0633 \u0627\u0644\u0645\u0631\u0627\u062c\u0639\u064a\u0646<\/p>\t\t\t\t\t\t\t\t<\/div>\n\t\t\t\t<\/div>\n\t\t<div class=\"elementor-element elementor-element-e3c757d e-con-full e-flex e-con e-child\" data-id=\"e3c757d\" data-element_type=\"container\">\n\t\t<div class=\"elementor-element elementor-element-0dd8118 e-con-full e-flex e-con e-child\" data-id=\"0dd8118\" data-element_type=\"container\">\n\t\t\t\t<div class=\"elementor-element elementor-element-d1595df elementor-widget elementor-widget-image\" data-id=\"d1595df\" data-element_type=\"widget\" data-widget_type=\"image.default\">\n\t\t\t\t\t\t\t\t\t\t\t\t\t\t\t<img loading=\"lazy\" decoding=\"async\" width=\"819\" height=\"1024\" src=\"https:\/\/aymakoop.com.tr\/wp-content\/uploads\/2025\/09\/aymakoop-halit-donmez-819x1024.jpg\" class=\"attachment-large size-large wp-image-16221\" alt=\"\" srcset=\"https:\/\/aymakoop.com.tr\/wp-content\/uploads\/2025\/09\/aymakoop-halit-donmez-819x1024.jpg 819w, https:\/\/aymakoop.com.tr\/wp-content\/uploads\/2025\/09\/aymakoop-halit-donmez-240x300.jpg 240w, https:\/\/aymakoop.com.tr\/wp-content\/uploads\/2025\/09\/aymakoop-halit-donmez-768x960.jpg 768w, https:\/\/aymakoop.com.tr\/wp-content\/uploads\/2025\/09\/aymakoop-halit-donmez-10x12.jpg 10w, https:\/\/aymakoop.com.tr\/wp-content\/uploads\/2025\/09\/aymakoop-halit-donmez-700x875.jpg 700w, https:\/\/aymakoop.com.tr\/wp-content\/uploads\/2025\/09\/aymakoop-halit-donmez.jpg 1080w\" sizes=\"(max-width: 819px) 100vw, 819px\" title=\"\">\t\t\t\t\t\t\t\t\t\t\t\t\t\t\t<\/div>\n\t\t\t\t<div class=\"elementor-element elementor-element-fb3017f elementor-widget elementor-widget-heading\" data-id=\"fb3017f\" data-element_type=\"widget\" data-widget_type=\"heading.default\">\n\t\t\t\t\t<h2 class=\"elementor-heading-title elementor-size-default\">\u062e\u0627\u0644\u062f \u062f\u0648\u0646\u0645\u064a\u0632<\/h2>\t\t\t\t<\/div>\n\t\t\t\t<div class=\"elementor-element elementor-element-93ce50f elementor-widget elementor-widget-text-editor\" data-id=\"93ce50f\" data-element_type=\"widget\" data-widget_type=\"text-editor.default\">\n\t\t\t\t\t\t\t\t\t<p>\u0639\u0636\u0648 \u0645\u062c\u0644\u0633 \u0627\u0644\u0645\u0631\u0627\u062c\u0639\u064a\u0646<\/p>\t\t\t\t\t\t\t\t<\/div>\n\t\t\t\t<\/div>\n\t\t\t\t<\/div>\n\t\t\t\t<\/div>\n\t\t\t\t<\/div>\n\t\t\t\t\t<\/div>\n\t\t\t\t<\/div>\n\t\t\t\t<\/div>","protected":false},"excerpt":{"rendered":"<p>Murat G\u00f6l Y\u00f6netim Kurulu Ba\u015fkan\u0131 Yusuf Aksu Y\u00f6netim Kurulu 2. Ba\u015fkan\u0131 \u015eakir K\u0131lc\u0131 Y\u00f6netim Kurulu Muhasip \u00dcye Ahmet Duman Y\u00f6netim Kurulu Katip \u00dcye Ramazan G\u00f6k Y\u00f6netim Kurulu Katip \u00dcye Haluk Erdo\u011fan Y\u00f6netim Kurulu Katip \u00dcye Mustafa De\u011firmenci Y\u00f6netim Kurulu Katip \u00dcye Alaaddin Kaya Denetim Kurulu \u00dcyesi Halit D\u00f6nmez Denetim Kurulu \u00dcyesi<\/p>","protected":false},"author":1,"featured_media":0,"parent":0,"menu_order":0,"comment_status":"closed","ping_status":"closed","template":"","meta":{"footnotes":""},"class_list":["post-10748","page","type-page","status-publish","hentry"],"_links":{"self":[{"href":"https:\/\/aymakoop.com.tr\/ar\/wp-json\/wp\/v2\/pages\/10748","targetHints":{"allow":["GET"]}}],"collection":[{"href":"https:\/\/aymakoop.com.tr\/ar\/wp-json\/wp\/v2\/pages"}],"about":[{"href":"https:\/\/aymakoop.com.tr\/ar\/wp-json\/wp\/v2\/types\/page"}],"author":[{"embeddable":true,"href":"https:\/\/aymakoop.com.tr\/ar\/wp-json\/wp\/v2\/users\/1"}],"replies":[{"embeddable":true,"href":"https:\/\/aymakoop.com.tr\/ar\/wp-json\/wp\/v2\/comments?post=10748"}],"version-history":[{"count":6,"href":"https:\/\/aymakoop.com.tr\/ar\/wp-json\/wp\/v2\/pages\/10748\/revisions"}],"predecessor-version":[{"id":16229,"href":"https:\/\/aymakoop.com.tr\/ar\/wp-json\/wp\/v2\/pages\/10748\/revisions\/16229"}],"wp:attachment":[{"href":"https:\/\/aymakoop.com.tr\/ar\/wp-json\/wp\/v2\/media?parent=10748"}],"curies":[{"name":"wp","href":"https:\/\/api.w.org\/{rel}","templated":true}]}}