{"id":10924,"date":"2025-08-20T15:35:55","date_gmt":"2025-08-20T12:35:55","guid":{"rendered":"https:\/\/aymakoop.com.tr\/?page_id=10924"},"modified":"2025-09-05T16:58:39","modified_gmt":"2025-09-05T13:58:39","slug":"nutzliche-links","status":"publish","type":"page","link":"http:\/\/aymakoop.com.tr\/de\/nutzliche-links\/","title":{"rendered":"N\u00fctzliche Links"},"content":{"rendered":"<div data-elementor-type=\"wp-page\" data-elementor-id=\"10924\" class=\"elementor elementor-10924\">\n\t\t\t\t<div class=\"elementor-element elementor-element-bae33c8 yazikapsa e-flex e-con-boxed e-con e-parent\" data-id=\"bae33c8\" data-element_type=\"container\">\n\t\t\t\t\t<div class=\"e-con-inner\">\n\t\t<div class=\"elementor-element elementor-element-ca76a35 e-con-full e-flex e-con e-child\" data-id=\"ca76a35\" data-element_type=\"container\">\n\t\t\t\t<div class=\"elementor-element elementor-element-2b5abf9 elementor-widget elementor-widget-sidebar\" data-id=\"2b5abf9\" data-element_type=\"widget\" data-widget_type=\"sidebar.default\">\n\t\t\t\t\t<section id=\"nav_menu-3\" class=\"widget-container widget_nav_menu\"><div class=\"menu-sidebar-container\"><ul id=\"menu-sidebar\" class=\"menu\"><li id=\"menu-item-10746\" class=\"menu-item menu-item-type-post_type menu-item-object-page menu-item-10746\"><a href=\"http:\/\/aymakoop.com.tr\/de\/mission-vision\/\">Mission und Vision<\/a><\/li>\n<li id=\"menu-item-10793\" class=\"menu-item menu-item-type-post_type menu-item-object-page menu-item-10793\"><a href=\"http:\/\/aymakoop.com.tr\/de\/vorstand\/\">Vorstand<\/a><\/li>\n<li id=\"menu-item-10803\" class=\"menu-item menu-item-type-post_type menu-item-object-page menu-item-10803\"><a href=\"http:\/\/aymakoop.com.tr\/de\/organigramm\/\">Organigramm<\/a><\/li>\n<li id=\"menu-item-10694\" class=\"menu-item menu-item-type-custom menu-item-object-custom menu-item-10694\"><a href=\"#\">Generalversammlung<\/a><\/li>\n<li id=\"menu-item-10698\" class=\"menu-item menu-item-type-custom menu-item-object-custom menu-item-10698\"><a href=\"#\">Bildergalerie<\/a><\/li>\n<li id=\"menu-item-11141\" class=\"menu-item menu-item-type-post_type menu-item-object-page menu-item-11141\"><a href=\"http:\/\/aymakoop.com.tr\/de\/aktuelle-meldungen\/\">Aktuelle Meldungen<\/a><\/li>\n<li id=\"menu-item-11140\" class=\"menu-item menu-item-type-post_type menu-item-object-page menu-item-11140\"><a href=\"http:\/\/aymakoop.com.tr\/de\/nachricht\/\">Nachricht<\/a><\/li>\n<li id=\"menu-item-10850\" class=\"menu-item menu-item-type-post_type menu-item-object-page menu-item-10850\"><a href=\"http:\/\/aymakoop.com.tr\/de\/die-globale-schuhindustrie\/\">Die Schuhindustrie in der Welt<\/a><\/li>\n<li id=\"menu-item-10863\" class=\"menu-item menu-item-type-post_type menu-item-object-page menu-item-10863\"><a href=\"http:\/\/aymakoop.com.tr\/de\/infrastrukturinformationen\/\">Infrastrukturinformationen<\/a><\/li>\n<li id=\"menu-item-10844\" class=\"menu-item menu-item-type-post_type menu-item-object-page menu-item-10844\"><a href=\"http:\/\/aymakoop.com.tr\/de\/unsere-auszeichnungen\/\">Unsere Auszeichnungen<\/a><\/li>\n<li id=\"menu-item-10896\" class=\"menu-item menu-item-type-post_type menu-item-object-page menu-item-10896\"><a href=\"http:\/\/aymakoop.com.tr\/de\/unsere-dokumente-zertifikate\/\">Unsere Dokumente &amp; Zertifikate<\/a><\/li>\n<li id=\"menu-item-10920\" class=\"menu-item menu-item-type-post_type menu-item-object-page menu-item-10920\"><a href=\"http:\/\/aymakoop.com.tr\/de\/bewerbungsformulare\/\">Antragsformulare<\/a><\/li>\n<li id=\"menu-item-10956\" class=\"menu-item menu-item-type-post_type menu-item-object-page menu-item-10956\"><a href=\"http:\/\/aymakoop.com.tr\/de\/wir-stehen-am-anfang\/\">Wir in der Presse<\/a><\/li>\n<li id=\"menu-item-11632\" class=\"menu-item menu-item-type-post_type menu-item-object-page menu-item-11632\"><a href=\"http:\/\/aymakoop.com.tr\/de\/kategorisiertes-firmenverzeichnis\/\">Nicht kategorisiertes Firmenverzeichnis<\/a><\/li>\n<li id=\"menu-item-11633\" class=\"menu-item menu-item-type-post_type menu-item-object-page menu-item-11633\"><a href=\"http:\/\/aymakoop.com.tr\/de\/alphabetisches-firmenverzeichnis\/\">Alphabetisches Firmenverzeichnis<\/a><\/li>\n<\/ul><\/div><\/section>\t\t\t\t<\/div>\n\t\t\t\t<\/div>\n\t\t<div class=\"elementor-element elementor-element-85b6fde e-con-full e-flex e-con e-child\" data-id=\"85b6fde\" data-element_type=\"container\">\n\t\t\t\t<div class=\"elementor-element elementor-element-438f783 elementor-widget elementor-widget-text-editor\" data-id=\"438f783\" data-element_type=\"widget\" data-widget_type=\"text-editor.default\">\n\t\t\t\t\t\t\t\t\t<p>\u00dcber die offizielle E-Government-Website k\u00f6nnen Sie auf alle \u00f6ffentlichen Einrichtungen und Organisationen zugreifen und Ihre Transaktionen schnell und sicher online erledigen, ohne die Einrichtung aufsuchen zu m\u00fcssen.<\/p><h4>https:\/\/www.turkiye.gov.tr<\/h4>\t\t\t\t\t\t\t\t<\/div>\n\t\t\t\t<\/div>\n\t\t\t\t\t<\/div>\n\t\t\t\t<\/div>\n\t\t\t\t<\/div>","protected":false},"excerpt":{"rendered":"<p>E-Devlet resmi web sitesinden t\u00fcm kamu kurum ve kurulu\u015flar\u0131na ula\u015fabilir, i\u015flemlerinizi kuruma gitmeden h\u0131zl\u0131 ve g\u00fcvenli bir \u015fekilde internet \u00fczerinden tamamlayabilirsiniz. https:\/\/www.turkiye.gov.tr<\/p>","protected":false},"author":1,"featured_media":0,"parent":0,"menu_order":0,"comment_status":"closed","ping_status":"closed","template":"","meta":{"footnotes":""},"class_list":["post-10924","page","type-page","status-publish","hentry"],"_links":{"self":[{"href":"http:\/\/aymakoop.com.tr\/de\/wp-json\/wp\/v2\/pages\/10924","targetHints":{"allow":["GET"]}}],"collection":[{"href":"http:\/\/aymakoop.com.tr\/de\/wp-json\/wp\/v2\/pages"}],"about":[{"href":"http:\/\/aymakoop.com.tr\/de\/wp-json\/wp\/v2\/types\/page"}],"author":[{"embeddable":true,"href":"http:\/\/aymakoop.com.tr\/de\/wp-json\/wp\/v2\/users\/1"}],"replies":[{"embeddable":true,"href":"http:\/\/aymakoop.com.tr\/de\/wp-json\/wp\/v2\/comments?post=10924"}],"version-history":[{"count":1,"href":"http:\/\/aymakoop.com.tr\/de\/wp-json\/wp\/v2\/pages\/10924\/revisions"}],"predecessor-version":[{"id":15563,"href":"http:\/\/aymakoop.com.tr\/de\/wp-json\/wp\/v2\/pages\/10924\/revisions\/15563"}],"wp:attachment":[{"href":"http:\/\/aymakoop.com.tr\/de\/wp-json\/wp\/v2\/media?parent=10924"}],"curies":[{"name":"wp","href":"https:\/\/api.w.org\/{rel}","templated":true}]}}